{"id":7672,"date":"2022-04-05T10:10:45","date_gmt":"2022-04-05T08:10:45","guid":{"rendered":"https:\/\/kanapy.sk\/eshop\/?page_id=7672"},"modified":"2024-10-03T16:24:10","modified_gmt":"2024-10-03T14:24:10","slug":"nabytok","status":"publish","type":"page","link":"https:\/\/kanapy.sk\/eshop\/nabytok\/","title":{"rendered":"N\u00e1bytok"},"content":{"rendered":"<div class=\"wpb-content-wrapper\"><p>[vc_row full_width=&#8221;stretch_row_content_no_spaces&#8221; woodmart_css_id=&#8221;6253da628269f&#8221; mobile_bg_img_hidden=&#8221;no&#8221; tablet_bg_img_hidden=&#8221;no&#8221; woodmart_parallax=&#8221;0&#8243; woodmart_gradient_switch=&#8221;no&#8221; woodmart_box_shadow=&#8221;no&#8221; wd_z_index=&#8221;no&#8221; woodmart_disable_overflow=&#8221;0&#8243; row_reverse_mobile=&#8221;0&#8243; row_reverse_tablet=&#8221;0&#8243;][vc_column]\n\t\t<div id=\"wd-625572200ec5c\" class=\"title-wrapper wd-wpb wd-set-mb reset-last-child  wd-rs-625572200ec5c wd-title-color-default wd-title-style-bordered text-center  wd-underline-colored\">\n\t\t\t\n\t\t\t<div class=\"liner-continer\">\n\t\t\t\t<h4 class=\"woodmart-title-container title  wd-font-weight- wd-fontsize-l\" >N\u00c1BYTOK<\/h4>\n\t\t\t\t\t\t\t<\/div>\n\t\t\t\n\t\t\t\n\t\t\t\n\t\t<\/div>\n\t\t\n\t\t[\/vc_column][vc_column][\/vc_column][\/vc_row][vc_row css=&#8221;.vc_custom_1649766995836{margin-bottom: 10px !important;}&#8221; woodmart_css_id=&#8221;625572522737a&#8221; mobile_bg_img_hidden=&#8221;no&#8221; tablet_bg_img_hidden=&#8221;no&#8221; woodmart_parallax=&#8221;0&#8243; woodmart_gradient_switch=&#8221;no&#8221; woodmart_box_shadow=&#8221;no&#8221; wd_z_index=&#8221;no&#8221; woodmart_disable_overflow=&#8221;0&#8243; row_reverse_mobile=&#8221;0&#8243; row_reverse_tablet=&#8221;0&#8243;][vc_column width=&#8221;1\/3&#8243;]\t\t<div class=\"promo-banner-wrapper  wd-rs-66fea8bfa2d9c \">\n\t\t\t<div id=\"wd-66fea8bfa2d9c\" class=\"promo-banner  banner-shadow banner-hover-zoom color-scheme-light banner-btn-size-small banner-btn-style-default  with-btn banner-btn-position-static wd-with-link wd-underline-colored\">\n\t\t\t\t<div class=\"main-wrapp-img\">\n\t\t\t\t\t<div class=\"banner-image wd-bg-position-center\" >\n\t\t\t\t\t\t<img loading=\"lazy\" decoding=\"async\" width=\"800\" height=\"343\" src=\"https:\/\/kanapy.sk\/eshop\/wp-content\/uploads\/2022\/04\/IMG-0576.jpg\" class=\"attachment-800x600 size-800x600\" alt=\"KANAPY Interi\u00e9r portf\u00f3lio Sedacie s\u00fapravy\" \/>\t\t\t\t\t<\/div>\n\t\t\t\t<\/div>\n\n\t\t\t\t<div class=\"wrapper-content-banner wd-fill  wd-items-top wd-justify-left\">\n\t\t\t\t\t<div class=\"content-banner  text-left\">\n\t\t\t\t\t\t\t\t\t\t\t\t\n\t\t\t\t\t\t\n\t\t\t\t\t\t<div class=\"banner-btn-wrapper\"><div id=\"wd-69f47a423da92\" class=\"  wd-button-wrapper text-left\"><a href=\"https:\/\/kanapy.sk\/eshop\/sedacie-supravy-a-kresla\/\" title=\"Sedacie s\u00fapravy a kresl\u00e1\" class=\"btn btn-color-primary btn-style-default btn-shape-rectangle btn-size-small\">Sedacie s\u00fapravy a kresl\u00e1<\/a><\/div><\/div>\t\t\t\t\t<\/div>\n\t\t\t\t<\/div>\n\n\t\t\t\t\t\t\t\t\t<a class=\"wd-promo-banner-link wd-fill\" aria-label=\"Banner link\" href=\"https:\/\/kanapy.sk\/eshop\/sedacie-supravy-a-kresla\/\" title=\"Sedacie s\u00fapravy a kresl\u00e1\"><\/a>\n\t\t\t\t\n\t\t\t\t\t\t\t<\/div>\n\t\t<\/div>\n\n\t\t[\/vc_column][vc_column width=&#8221;1\/3&#8243;]\t\t<div class=\"promo-banner-wrapper  wd-rs-66fea8d13006b \">\n\t\t\t<div id=\"wd-66fea8d13006b\" class=\"promo-banner  banner-shadow banner-hover-zoom color-scheme-light banner-btn-size-small banner-btn-style-default  with-btn banner-btn-position-static wd-with-link wd-underline-colored\">\n\t\t\t\t<div class=\"main-wrapp-img\">\n\t\t\t\t\t<div class=\"banner-image wd-bg-position-center\" >\n\t\t\t\t\t\t<img loading=\"lazy\" decoding=\"async\" width=\"800\" height=\"343\" src=\"https:\/\/kanapy.sk\/eshop\/wp-content\/uploads\/2022\/01\/s\u030catni\u0301k.jpeg\" class=\"attachment-800x600 size-800x600\" alt=\"\" \/>\t\t\t\t\t<\/div>\n\t\t\t\t<\/div>\n\n\t\t\t\t<div class=\"wrapper-content-banner wd-fill  wd-items-top wd-justify-left\">\n\t\t\t\t\t<div class=\"content-banner  text-left\">\n\t\t\t\t\t\t\t\t\t\t\t\t\n\t\t\t\t\t\t\n\t\t\t\t\t\t<div class=\"banner-btn-wrapper\"><div id=\"wd-69f47a423e23a\" class=\"  wd-button-wrapper text-left\"><a href=\"https:\/\/kanapy.sk\/eshop\/nabytok-na-mieru\/\" title=\"N\u00e1bytok na mieru\" class=\"btn btn-color-primary btn-style-default btn-shape-rectangle btn-size-small\">N\u00e1bytok na mieru<\/a><\/div><\/div>\t\t\t\t\t<\/div>\n\t\t\t\t<\/div>\n\n\t\t\t\t\t\t\t\t\t<a class=\"wd-promo-banner-link wd-fill\" aria-label=\"Banner link\" href=\"https:\/\/kanapy.sk\/eshop\/nabytok-na-mieru\/\" title=\"N\u00e1bytok na mieru\"><\/a>\n\t\t\t\t\n\t\t\t\t\t\t\t<\/div>\n\t\t<\/div>\n\n\t\t[\/vc_column][vc_column width=&#8221;1\/3&#8243;]\t\t<div class=\"promo-banner-wrapper  wd-rs-66fea8e0c8418 \">\n\t\t\t<div id=\"wd-66fea8e0c8418\" class=\"promo-banner  banner-shadow banner-hover-zoom color-scheme-light banner-btn-size-small banner-btn-style-default  with-btn banner-btn-position-static wd-with-link wd-underline-colored\">\n\t\t\t\t<div class=\"main-wrapp-img\">\n\t\t\t\t\t<div class=\"banner-image wd-bg-position-center\" >\n\t\t\t\t\t\t<img loading=\"lazy\" decoding=\"async\" width=\"800\" height=\"343\" src=\"https:\/\/kanapy.sk\/eshop\/wp-content\/uploads\/2022\/04\/IMG-0577.jpg\" class=\"attachment-800x600 size-800x600\" alt=\"\" \/>\t\t\t\t\t<\/div>\n\t\t\t\t<\/div>\n\n\t\t\t\t<div class=\"wrapper-content-banner wd-fill  wd-items-top wd-justify-left\">\n\t\t\t\t\t<div class=\"content-banner  text-left\">\n\t\t\t\t\t\t\t\t\t\t\t\t\n\t\t\t\t\t\t\n\t\t\t\t\t\t<div class=\"banner-btn-wrapper\"><div id=\"wd-69f47a423e7f4\" class=\"  wd-button-wrapper text-left\"><a href=\"https:\/\/kanapy.sk\/eshop\/kancelarsky-nabytok-a-stolicky\/\" title=\"Kancel\u00e1rsky n\u00e1bytok a stoli\u010dky\" class=\"btn btn-color-primary btn-style-default btn-shape-rectangle btn-size-small\">Kancel\u00e1rsky n\u00e1bytok a stoli\u010dky<\/a><\/div><\/div>\t\t\t\t\t<\/div>\n\t\t\t\t<\/div>\n\n\t\t\t\t\t\t\t\t\t<a class=\"wd-promo-banner-link wd-fill\" aria-label=\"Banner link\" href=\"https:\/\/kanapy.sk\/eshop\/kancelarsky-nabytok-a-stolicky\/\" title=\"Kancel\u00e1rsky n\u00e1bytok a stoli\u010dky\"><\/a>\n\t\t\t\t\n\t\t\t\t\t\t\t<\/div>\n\t\t<\/div>\n\n\t\t[\/vc_column][\/vc_row][vc_row css=&#8221;.vc_custom_1649766972809{margin-bottom: 200px !important;}&#8221; woodmart_css_id=&#8221;6255723ace0f4&#8243; mobile_bg_img_hidden=&#8221;no&#8221; tablet_bg_img_hidden=&#8221;no&#8221; woodmart_parallax=&#8221;0&#8243; woodmart_gradient_switch=&#8221;no&#8221; woodmart_box_shadow=&#8221;no&#8221; wd_z_index=&#8221;no&#8221; woodmart_disable_overflow=&#8221;0&#8243; row_reverse_mobile=&#8221;0&#8243; row_reverse_tablet=&#8221;0&#8243;][vc_column width=&#8221;1\/2&#8243;]\t\t<div class=\"promo-banner-wrapper  wd-rs-66fea8ed6ac78 \">\n\t\t\t<div id=\"wd-66fea8ed6ac78\" class=\"promo-banner  banner-shadow banner-hover-zoom color-scheme-light banner-btn-size-default banner-btn-style-default  with-btn banner-btn-position-static wd-with-link wd-underline-colored\">\n\t\t\t\t<div class=\"main-wrapp-img\">\n\t\t\t\t\t<div class=\"banner-image wd-bg-position-center\" >\n\t\t\t\t\t\t<img loading=\"lazy\" decoding=\"async\" width=\"500\" height=\"300\" src=\"https:\/\/kanapy.sk\/eshop\/wp-content\/uploads\/2022\/04\/postel-500x300.jpg\" class=\"attachment-500x300 size-500x300\" alt=\"Postele a matrace\" \/>\t\t\t\t\t<\/div>\n\t\t\t\t<\/div>\n\n\t\t\t\t<div class=\"wrapper-content-banner wd-fill  wd-items-top wd-justify-left\">\n\t\t\t\t\t<div class=\"content-banner  text-left\">\n\t\t\t\t\t\t\t\t\t\t\t\t\n\t\t\t\t\t\t\n\t\t\t\t\t\t<div class=\"banner-btn-wrapper\"><div id=\"wd-69f47a423ee37\" class=\"  wd-button-wrapper text-left\"><a href=\"https:\/\/kanapy.sk\/eshop\/postele-a-matrace\/\" title=\"Postele a matrace\" class=\"btn btn-color-primary btn-style-default btn-shape-rectangle btn-size-default\">Postele a matrace<\/a><\/div><\/div>\t\t\t\t\t<\/div>\n\t\t\t\t<\/div>\n\n\t\t\t\t\t\t\t\t\t<a class=\"wd-promo-banner-link wd-fill\" aria-label=\"Banner link\" href=\"https:\/\/kanapy.sk\/eshop\/postele-a-matrace\/\" title=\"Postele a matrace\"><\/a>\n\t\t\t\t\n\t\t\t\t\t\t\t<\/div>\n\t\t<\/div>\n\n\t\t[\/vc_column][vc_column width=&#8221;1\/2&#8243;]\t\t<div class=\"promo-banner-wrapper  wd-rs-66fea8fb09516 \">\n\t\t\t<div id=\"wd-66fea8fb09516\" class=\"promo-banner  banner-shadow banner-hover-zoom color-scheme-light banner-btn-size-default banner-btn-style-default  with-btn banner-btn-position-static wd-with-link wd-underline-colored\">\n\t\t\t\t<div class=\"main-wrapp-img\">\n\t\t\t\t\t<div class=\"banner-image wd-bg-position-center\" >\n\t\t\t\t\t\t<img loading=\"lazy\" decoding=\"async\" width=\"500\" height=\"300\" src=\"https:\/\/kanapy.sk\/eshop\/wp-content\/uploads\/2022\/04\/stoly-1-500x300.jpg\" class=\"attachment-500x300 size-500x300\" alt=\"\" \/>\t\t\t\t\t<\/div>\n\t\t\t\t<\/div>\n\n\t\t\t\t<div class=\"wrapper-content-banner wd-fill  wd-items-top wd-justify-left\">\n\t\t\t\t\t<div class=\"content-banner  text-left\">\n\t\t\t\t\t\t\t\t\t\t\t\t\n\t\t\t\t\t\t\n\t\t\t\t\t\t<div class=\"banner-btn-wrapper\"><div id=\"wd-69f47a423f4f6\" class=\"  wd-button-wrapper text-left\"><a href=\"https:\/\/kanapy.sk\/eshop\/stoly-a-stolicky\/\" title=\"Stoly a stoli\u010dky\" class=\"btn btn-color-primary btn-style-default btn-shape-rectangle btn-size-default\">Stoly a stoli\u010dky<\/a><\/div><\/div>\t\t\t\t\t<\/div>\n\t\t\t\t<\/div>\n\n\t\t\t\t\t\t\t\t\t<a class=\"wd-promo-banner-link wd-fill\" aria-label=\"Banner link\" href=\"https:\/\/kanapy.sk\/eshop\/stoly-a-stolicky\/\" title=\"Stoly a stoli\u010dky\"><\/a>\n\t\t\t\t\n\t\t\t\t\t\t\t<\/div>\n\t\t<\/div>\n\n\t\t[\/vc_column][\/vc_row]<\/p>\n<\/div>","protected":false},"excerpt":{"rendered":"<p>[vc_row full_width=&#8221;stretch_row_content_no_spaces&#8221; woodmart_css_id=&#8221;6253da628269f&#8221; mobile_bg_img_hidden=&#8221;no&#8221; tablet_bg_img_hidden=&#8221;no&#8221; woodmart_parallax=&#8221;0&#8243; woodmart_gradient_switch=&#8221;no&#8221; woodmart_box_shadow=&#8221;no&#8221; wd_z_index=&#8221;no&#8221; woodmart_disable_overflow=&#8221;0&#8243; row_reverse_mobile=&#8221;0&#8243; row_reverse_tablet=&#8221;0&#8243;][vc_column][\/vc_column][vc_column][\/vc_column][\/vc_row][vc_row css=&#8221;.vc_custom_1649766995836{margin-bottom: 10px !important;}&#8221; woodmart_css_id=&#8221;625572522737a&#8221; mobile_bg_img_hidden=&#8221;no&#8221; tablet_bg_img_hidden=&#8221;no&#8221; woodmart_parallax=&#8221;0&#8243; woodmart_gradient_switch=&#8221;no&#8221;<\/p>\n","protected":false},"author":3,"featured_media":8753,"parent":0,"menu_order":0,"comment_status":"closed","ping_status":"closed","template":"","meta":{"jetpack_post_was_ever_published":false,"footnotes":""},"class_list":["post-7672","page","type-page","status-publish","has-post-thumbnail","hentry"],"yoast_head":"<!-- This site is optimized with the Yoast SEO plugin v26.0 - https:\/\/yoast.com\/wordpress\/plugins\/seo\/ -->\n<title>N\u00e1bytok na mieru KANAPY interi\u00e9r<\/title>\n<meta name=\"description\" content=\"KANAPY interi\u00e9r- N\u00e1bytok na mieru presne pod\u013ea Va\u0161ich predst\u00e1v. Nav\u0161t\u00edvte n\u00e1\u0161 showroom a vyberte si z mno\u017estva kusov\u00fdch n\u00e1bytkov z na\u0161ej ponu.\" \/>\n<meta name=\"robots\" content=\"index, follow, max-snippet:-1, max-image-preview:large, max-video-preview:-1\" \/>\n<link rel=\"canonical\" href=\"https:\/\/kanapy.sk\/eshop\/nabytok\/\" \/>\n<meta property=\"og:locale\" content=\"sk_SK\" \/>\n<meta property=\"og:type\" content=\"article\" \/>\n<meta property=\"og:title\" content=\"N\u00e1bytok na mieru KANAPY interi\u00e9r\" \/>\n<meta property=\"og:description\" content=\"KANAPY interi\u00e9r- N\u00e1bytok na mieru presne pod\u013ea Va\u0161ich predst\u00e1v. Nav\u0161t\u00edvte n\u00e1\u0161 showroom a vyberte si z mno\u017estva kusov\u00fdch n\u00e1bytkov z na\u0161ej ponu.\" \/>\n<meta property=\"og:url\" content=\"https:\/\/kanapy.sk\/eshop\/nabytok\/\" \/>\n<meta property=\"og:site_name\" content=\"KANAPY design studio\" \/>\n<meta property=\"article:publisher\" content=\"https:\/\/sk-sk.facebook.com\/kanapyinterier\" \/>\n<meta property=\"article:modified_time\" content=\"2024-10-03T14:24:10+00:00\" \/>\n<meta property=\"og:image\" content=\"https:\/\/kanapy.sk\/eshop\/wp-content\/uploads\/2022\/05\/nabytok-na-mieru.jpg\" \/>\n\t<meta property=\"og:image:width\" content=\"1500\" \/>\n\t<meta property=\"og:image:height\" content=\"836\" \/>\n\t<meta property=\"og:image:type\" content=\"image\/jpeg\" \/>\n<meta name=\"twitter:card\" content=\"summary_large_image\" \/>\n<meta name=\"twitter:label1\" content=\"Predpokladan\u00fd \u010das \u010d\u00edtania\" \/>\n\t<meta name=\"twitter:data1\" content=\"1 min\u00fata\" \/>\n<script type=\"application\/ld+json\" class=\"yoast-schema-graph\">{\"@context\":\"https:\/\/schema.org\",\"@graph\":[{\"@type\":\"WebPage\",\"@id\":\"https:\/\/kanapy.sk\/eshop\/nabytok\/\",\"url\":\"https:\/\/kanapy.sk\/eshop\/nabytok\/\",\"name\":\"N\u00e1bytok na mieru KANAPY interi\u00e9r\",\"isPartOf\":{\"@id\":\"https:\/\/kanapy.sk\/eshop\/#website\"},\"primaryImageOfPage\":{\"@id\":\"https:\/\/kanapy.sk\/eshop\/nabytok\/#primaryimage\"},\"image\":{\"@id\":\"https:\/\/kanapy.sk\/eshop\/nabytok\/#primaryimage\"},\"thumbnailUrl\":\"https:\/\/kanapy.sk\/eshop\/wp-content\/uploads\/2022\/05\/nabytok-na-mieru.jpg\",\"datePublished\":\"2022-04-05T08:10:45+00:00\",\"dateModified\":\"2024-10-03T14:24:10+00:00\",\"description\":\"KANAPY interi\u00e9r- N\u00e1bytok na mieru presne pod\u013ea Va\u0161ich predst\u00e1v. Nav\u0161t\u00edvte n\u00e1\u0161 showroom a vyberte si z mno\u017estva kusov\u00fdch n\u00e1bytkov z na\u0161ej ponu.\",\"breadcrumb\":{\"@id\":\"https:\/\/kanapy.sk\/eshop\/nabytok\/#breadcrumb\"},\"inLanguage\":\"sk-SK\",\"potentialAction\":[{\"@type\":\"ReadAction\",\"target\":[\"https:\/\/kanapy.sk\/eshop\/nabytok\/\"]}]},{\"@type\":\"ImageObject\",\"inLanguage\":\"sk-SK\",\"@id\":\"https:\/\/kanapy.sk\/eshop\/nabytok\/#primaryimage\",\"url\":\"https:\/\/kanapy.sk\/eshop\/wp-content\/uploads\/2022\/05\/nabytok-na-mieru.jpg\",\"contentUrl\":\"https:\/\/kanapy.sk\/eshop\/wp-content\/uploads\/2022\/05\/nabytok-na-mieru.jpg\",\"width\":1500,\"height\":836,\"caption\":\"N\u00e1bytok na mieru\"},{\"@type\":\"BreadcrumbList\",\"@id\":\"https:\/\/kanapy.sk\/eshop\/nabytok\/#breadcrumb\",\"itemListElement\":[{\"@type\":\"ListItem\",\"position\":1,\"name\":\"Domovsk\u00e1 str\u00e1nka\",\"item\":\"https:\/\/kanapy.sk\/eshop\/\"},{\"@type\":\"ListItem\",\"position\":2,\"name\":\"N\u00e1bytok\"}]},{\"@type\":\"WebSite\",\"@id\":\"https:\/\/kanapy.sk\/eshop\/#website\",\"url\":\"https:\/\/kanapy.sk\/eshop\/\",\"name\":\"KANAPY design studio\",\"description\":\"Aby ste sa domov te\u0161ili\",\"publisher\":{\"@id\":\"https:\/\/kanapy.sk\/eshop\/#organization\"},\"alternateName\":\"KAKAPY interi\u00e9r\",\"potentialAction\":[{\"@type\":\"SearchAction\",\"target\":{\"@type\":\"EntryPoint\",\"urlTemplate\":\"https:\/\/kanapy.sk\/eshop\/?s={search_term_string}\"},\"query-input\":{\"@type\":\"PropertyValueSpecification\",\"valueRequired\":true,\"valueName\":\"search_term_string\"}}],\"inLanguage\":\"sk-SK\"},{\"@type\":\"Organization\",\"@id\":\"https:\/\/kanapy.sk\/eshop\/#organization\",\"name\":\"KA-NA-PY interi\u00e9r, s.r.o.\",\"alternateName\":\"KANAPY Design Studio\",\"url\":\"https:\/\/kanapy.sk\/eshop\/\",\"logo\":{\"@type\":\"ImageObject\",\"inLanguage\":\"sk-SK\",\"@id\":\"https:\/\/kanapy.sk\/eshop\/#\/schema\/logo\/image\/\",\"url\":\"https:\/\/kanapy.sk\/eshop\/wp-content\/uploads\/2024\/10\/Kanapy-primary-RGB-color.jpg\",\"contentUrl\":\"https:\/\/kanapy.sk\/eshop\/wp-content\/uploads\/2024\/10\/Kanapy-primary-RGB-color.jpg\",\"width\":600,\"height\":215,\"caption\":\"KA-NA-PY interi\u00e9r, s.r.o.\"},\"image\":{\"@id\":\"https:\/\/kanapy.sk\/eshop\/#\/schema\/logo\/image\/\"},\"sameAs\":[\"https:\/\/sk-sk.facebook.com\/kanapyinterier\",\"http:\/\/instagram.com\/kanapy_trnava\/\"]}]}<\/script>\n<!-- \/ Yoast SEO plugin. -->","yoast_head_json":{"title":"N\u00e1bytok na mieru KANAPY interi\u00e9r","description":"KANAPY interi\u00e9r- N\u00e1bytok na mieru presne pod\u013ea Va\u0161ich predst\u00e1v. Nav\u0161t\u00edvte n\u00e1\u0161 showroom a vyberte si z mno\u017estva kusov\u00fdch n\u00e1bytkov z na\u0161ej ponu.","robots":{"index":"index","follow":"follow","max-snippet":"max-snippet:-1","max-image-preview":"max-image-preview:large","max-video-preview":"max-video-preview:-1"},"canonical":"https:\/\/kanapy.sk\/eshop\/nabytok\/","og_locale":"sk_SK","og_type":"article","og_title":"N\u00e1bytok na mieru KANAPY interi\u00e9r","og_description":"KANAPY interi\u00e9r- N\u00e1bytok na mieru presne pod\u013ea Va\u0161ich predst\u00e1v. Nav\u0161t\u00edvte n\u00e1\u0161 showroom a vyberte si z mno\u017estva kusov\u00fdch n\u00e1bytkov z na\u0161ej ponu.","og_url":"https:\/\/kanapy.sk\/eshop\/nabytok\/","og_site_name":"KANAPY design studio","article_publisher":"https:\/\/sk-sk.facebook.com\/kanapyinterier","article_modified_time":"2024-10-03T14:24:10+00:00","og_image":[{"width":1500,"height":836,"url":"https:\/\/kanapy.sk\/eshop\/wp-content\/uploads\/2022\/05\/nabytok-na-mieru.jpg","type":"image\/jpeg"}],"twitter_card":"summary_large_image","twitter_misc":{"Predpokladan\u00fd \u010das \u010d\u00edtania":"1 min\u00fata"},"schema":{"@context":"https:\/\/schema.org","@graph":[{"@type":"WebPage","@id":"https:\/\/kanapy.sk\/eshop\/nabytok\/","url":"https:\/\/kanapy.sk\/eshop\/nabytok\/","name":"N\u00e1bytok na mieru KANAPY interi\u00e9r","isPartOf":{"@id":"https:\/\/kanapy.sk\/eshop\/#website"},"primaryImageOfPage":{"@id":"https:\/\/kanapy.sk\/eshop\/nabytok\/#primaryimage"},"image":{"@id":"https:\/\/kanapy.sk\/eshop\/nabytok\/#primaryimage"},"thumbnailUrl":"https:\/\/kanapy.sk\/eshop\/wp-content\/uploads\/2022\/05\/nabytok-na-mieru.jpg","datePublished":"2022-04-05T08:10:45+00:00","dateModified":"2024-10-03T14:24:10+00:00","description":"KANAPY interi\u00e9r- N\u00e1bytok na mieru presne pod\u013ea Va\u0161ich predst\u00e1v. Nav\u0161t\u00edvte n\u00e1\u0161 showroom a vyberte si z mno\u017estva kusov\u00fdch n\u00e1bytkov z na\u0161ej ponu.","breadcrumb":{"@id":"https:\/\/kanapy.sk\/eshop\/nabytok\/#breadcrumb"},"inLanguage":"sk-SK","potentialAction":[{"@type":"ReadAction","target":["https:\/\/kanapy.sk\/eshop\/nabytok\/"]}]},{"@type":"ImageObject","inLanguage":"sk-SK","@id":"https:\/\/kanapy.sk\/eshop\/nabytok\/#primaryimage","url":"https:\/\/kanapy.sk\/eshop\/wp-content\/uploads\/2022\/05\/nabytok-na-mieru.jpg","contentUrl":"https:\/\/kanapy.sk\/eshop\/wp-content\/uploads\/2022\/05\/nabytok-na-mieru.jpg","width":1500,"height":836,"caption":"N\u00e1bytok na mieru"},{"@type":"BreadcrumbList","@id":"https:\/\/kanapy.sk\/eshop\/nabytok\/#breadcrumb","itemListElement":[{"@type":"ListItem","position":1,"name":"Domovsk\u00e1 str\u00e1nka","item":"https:\/\/kanapy.sk\/eshop\/"},{"@type":"ListItem","position":2,"name":"N\u00e1bytok"}]},{"@type":"WebSite","@id":"https:\/\/kanapy.sk\/eshop\/#website","url":"https:\/\/kanapy.sk\/eshop\/","name":"KANAPY design studio","description":"Aby ste sa domov te\u0161ili","publisher":{"@id":"https:\/\/kanapy.sk\/eshop\/#organization"},"alternateName":"KAKAPY interi\u00e9r","potentialAction":[{"@type":"SearchAction","target":{"@type":"EntryPoint","urlTemplate":"https:\/\/kanapy.sk\/eshop\/?s={search_term_string}"},"query-input":{"@type":"PropertyValueSpecification","valueRequired":true,"valueName":"search_term_string"}}],"inLanguage":"sk-SK"},{"@type":"Organization","@id":"https:\/\/kanapy.sk\/eshop\/#organization","name":"KA-NA-PY interi\u00e9r, s.r.o.","alternateName":"KANAPY Design Studio","url":"https:\/\/kanapy.sk\/eshop\/","logo":{"@type":"ImageObject","inLanguage":"sk-SK","@id":"https:\/\/kanapy.sk\/eshop\/#\/schema\/logo\/image\/","url":"https:\/\/kanapy.sk\/eshop\/wp-content\/uploads\/2024\/10\/Kanapy-primary-RGB-color.jpg","contentUrl":"https:\/\/kanapy.sk\/eshop\/wp-content\/uploads\/2024\/10\/Kanapy-primary-RGB-color.jpg","width":600,"height":215,"caption":"KA-NA-PY interi\u00e9r, s.r.o."},"image":{"@id":"https:\/\/kanapy.sk\/eshop\/#\/schema\/logo\/image\/"},"sameAs":["https:\/\/sk-sk.facebook.com\/kanapyinterier","http:\/\/instagram.com\/kanapy_trnava\/"]}]}},"jetpack_sharing_enabled":true,"jetpack_shortlink":"https:\/\/wp.me\/P9Py1F-1ZK","_links":{"self":[{"href":"https:\/\/kanapy.sk\/eshop\/wp-json\/wp\/v2\/pages\/7672","targetHints":{"allow":["GET"]}}],"collection":[{"href":"https:\/\/kanapy.sk\/eshop\/wp-json\/wp\/v2\/pages"}],"about":[{"href":"https:\/\/kanapy.sk\/eshop\/wp-json\/wp\/v2\/types\/page"}],"author":[{"embeddable":true,"href":"https:\/\/kanapy.sk\/eshop\/wp-json\/wp\/v2\/users\/3"}],"replies":[{"embeddable":true,"href":"https:\/\/kanapy.sk\/eshop\/wp-json\/wp\/v2\/comments?post=7672"}],"version-history":[{"count":20,"href":"https:\/\/kanapy.sk\/eshop\/wp-json\/wp\/v2\/pages\/7672\/revisions"}],"predecessor-version":[{"id":25243,"href":"https:\/\/kanapy.sk\/eshop\/wp-json\/wp\/v2\/pages\/7672\/revisions\/25243"}],"wp:featuredmedia":[{"embeddable":true,"href":"https:\/\/kanapy.sk\/eshop\/wp-json\/wp\/v2\/media\/8753"}],"wp:attachment":[{"href":"https:\/\/kanapy.sk\/eshop\/wp-json\/wp\/v2\/media?parent=7672"}],"curies":[{"name":"wp","href":"https:\/\/api.w.org\/{rel}","templated":true}]}}