{"id":7678,"date":"2022-04-05T10:15:05","date_gmt":"2022-04-05T08:15:05","guid":{"rendered":"https:\/\/kanapy.sk\/eshop\/?page_id=7678"},"modified":"2024-10-25T09:55:52","modified_gmt":"2024-10-25T07:55:52","slug":"interierove-doplnky","status":"publish","type":"page","link":"https:\/\/kanapy.sk\/eshop\/interierove-doplnky\/","title":{"rendered":"Interi\u00e9rov\u00e9 doplnky"},"content":{"rendered":"<div class=\"wpb-content-wrapper\"><p>[vc_row full_width=&#8221;stretch_row_content_no_spaces&#8221; woodmart_css_id=&#8221;625fc53e7b9f8&#8243; mobile_bg_img_hidden=&#8221;no&#8221; tablet_bg_img_hidden=&#8221;no&#8221; woodmart_parallax=&#8221;0&#8243; woodmart_gradient_switch=&#8221;no&#8221; woodmart_box_shadow=&#8221;no&#8221; wd_z_index=&#8221;no&#8221; woodmart_disable_overflow=&#8221;0&#8243; row_reverse_mobile=&#8221;0&#8243; row_reverse_tablet=&#8221;0&#8243; css=&#8221;.vc_custom_1650443588876{margin-bottom: 30px !important;}&#8221;][vc_column]\n\t\t<div id=\"wd-626a9cb2520a8\" class=\"title-wrapper wd-wpb wd-set-mb reset-last-child  wd-rs-626a9cb2520a8 wd-title-color-default wd-title-style-bordered text-center  wd-underline-colored\">\n\t\t\t\n\t\t\t<div class=\"liner-continer\">\n\t\t\t\t<h4 class=\"woodmart-title-container title  wd-font-weight- wd-fontsize-xl\" >INTERI\u00c9ROV\u00c9 DOPLNKY<\/h4>\n\t\t\t\t\t\t\t<\/div>\n\t\t\t\n\t\t\t\n\t\t\t\n\t\t<\/div>\n\t\t\n\t\t[\/vc_column][\/vc_row][vc_row full_width=&#8221;stretch_row_content_no_spaces&#8221; woodmart_css_id=&#8221;625fc74245ecc&#8221; mobile_bg_img_hidden=&#8221;no&#8221; tablet_bg_img_hidden=&#8221;no&#8221; woodmart_parallax=&#8221;0&#8243; woodmart_gradient_switch=&#8221;no&#8221; woodmart_box_shadow=&#8221;no&#8221; wd_z_index=&#8221;no&#8221; woodmart_disable_overflow=&#8221;0&#8243; row_reverse_mobile=&#8221;0&#8243; row_reverse_tablet=&#8221;0&#8243;][vc_column][vc_hoverbox image=&#8221;8609&#8243; primary_title=&#8221;&#8221; hover_title=&#8221;&#8221; hover_background_color=&#8221;custom&#8221; hover_custom_background=&#8221;#e6aa78&#8243;]<\/p>\n<p>V na\u0161ej ponuke n\u00e1jdete r\u00f4zne dekor\u00e1cie, doplnky, ktor\u00e9 skr\u00e1\u0161lia V\u00e1\u0161 domov.<br \/>\nDotvorte svoj domov bytov\u00fdm textilom a doplnkami z na\u0161ej ponuky.<\/p>\n<p>Pon\u00fakame:<br \/>\nposte\u013en\u00e9 oblie\u010dky, deky, prehozy, vank\u00fa\u0161e, fotor\u00e1my, keramiky, obrazy, uter\u00e1ky<\/p>\n<p>[\/vc_hoverbox][\/vc_column][\/vc_row][vc_row css=&#8221;.vc_custom_1651214939961{margin-top: 50px !important;margin-bottom: 20px !important;}&#8221; woodmart_css_id=&#8221;626b8a58151e0&#8243; mobile_bg_img_hidden=&#8221;no&#8221; tablet_bg_img_hidden=&#8221;no&#8221; woodmart_parallax=&#8221;0&#8243; woodmart_gradient_switch=&#8221;no&#8221; woodmart_box_shadow=&#8221;no&#8221; wd_z_index=&#8221;no&#8221; woodmart_disable_overflow=&#8221;0&#8243; row_reverse_mobile=&#8221;0&#8243; row_reverse_tablet=&#8221;0&#8243;][vc_column]\n\t\t<div id=\"wd-66fe59e571f7d\" class=\"title-wrapper wd-wpb wd-set-mb reset-last-child  wd-rs-66fe59e571f7d wd-title-color-default wd-title-style-default text-center  wd-underline-colored\">\n\t\t\t\n\t\t\t<div class=\"liner-continer\">\n\t\t\t\t<h4 class=\"woodmart-title-container title  wd-font-weight- wd-fontsize-l\" >N\u00e1jdete u n\u00e1s:<\/h4>\n\t\t\t\t\t\t\t<\/div>\n\t\t\t\n\t\t\t\n\t\t\t\n\t\t<\/div>\n\t\t\n\t\t\n\t\t<div id=\"wd-631c7fa36429e\" class=\"title-wrapper wd-wpb wd-set-mb reset-last-child  wd-rs-631c7fa36429e wd-title-color-default wd-title-style-default text-left  wd-underline-colored\">\n\t\t\t\n\t\t\t<div class=\"liner-continer\">\n\t\t\t\t<h4 class=\"woodmart-title-container title  wd-font-weight- wd-fontsize-l\" >Interi\u00e9rov\u00e9 doplnky<\/h4>\n\t\t\t\t\t\t\t<\/div>\n\t\t\t\n\t\t\t\n\t\t\t\n\t\t<\/div>\n\t\t\n\t\t[\/vc_column][\/vc_row][vc_row css=&#8221;.vc_custom_1662812123275{margin-top: -10px !important;margin-bottom: 200px !important;}&#8221; woodmart_css_id=&#8221;631c7fd41d4b0&#8243; mobile_bg_img_hidden=&#8221;no&#8221; tablet_bg_img_hidden=&#8221;no&#8221; woodmart_parallax=&#8221;0&#8243; woodmart_gradient_switch=&#8221;no&#8221; woodmart_box_shadow=&#8221;no&#8221; wd_z_index=&#8221;no&#8221; woodmart_disable_overflow=&#8221;0&#8243; row_reverse_mobile=&#8221;0&#8243; row_reverse_tablet=&#8221;0&#8243; responsive_spacing=&#8221;eyJwYXJhbV90eXBlIjoid29vZG1hcnRfcmVzcG9uc2l2ZV9zcGFjaW5nIiwic2VsZWN0b3JfaWQiOiI2MzFjN2ZkNDFkNGIwIiwic2hvcnRjb2RlIjoidmNfcm93IiwiZGF0YSI6eyJ0YWJsZXQiOnt9LCJtb2JpbGUiOnt9fX0=&#8221;][vc_column width=&#8221;1\/5&#8243;][vc_column_text woodmart_inline=&#8221;no&#8221; text_larger=&#8221;no&#8221;]<a href=\"https:\/\/kanapy.sk\/eshop\/wp-content\/uploads\/2022\/05\/Eurofirany-doplnky.pdf\"><img loading=\"lazy\" decoding=\"async\" class=\" wp-image-8268 aligncenter\" src=\"https:\/\/kanapy.sk\/eshop\/wp-content\/uploads\/2022\/04\/eurofirany-logo-300x141.jpg\" alt=\"eurofirany\" width=\"210\" height=\"99\" srcset=\"https:\/\/kanapy.sk\/eshop\/wp-content\/uploads\/2022\/04\/eurofirany-logo-300x141.jpg 300w, https:\/\/kanapy.sk\/eshop\/wp-content\/uploads\/2022\/04\/eurofirany-logo-150x70.jpg 150w, https:\/\/kanapy.sk\/eshop\/wp-content\/uploads\/2022\/04\/eurofirany-logo.jpg 428w\" sizes=\"auto, (max-width: 210px) 100vw, 210px\" \/><\/a>[\/vc_column_text][\/vc_column][vc_column width=&#8221;1\/5&#8243;][vc_column_text woodmart_inline=&#8221;no&#8221; text_larger=&#8221;no&#8221; css=&#8221;.vc_custom_1651673693806{margin-top: -5px !important;}&#8221;]<a href=\"https:\/\/kanapy.sk\/eshop\/wp-content\/uploads\/2022\/04\/MIOTTO.pdf\"><img loading=\"lazy\" decoding=\"async\" class=\" wp-image-8112 aligncenter\" src=\"https:\/\/kanapy.sk\/eshop\/wp-content\/uploads\/2022\/04\/logo-miotto-300x169.jpg\" alt=\"Miotto\" width=\"188\" height=\"106\" srcset=\"https:\/\/kanapy.sk\/eshop\/wp-content\/uploads\/2022\/04\/logo-miotto-300x169.jpg 300w, https:\/\/kanapy.sk\/eshop\/wp-content\/uploads\/2022\/04\/logo-miotto-150x85.jpg 150w, https:\/\/kanapy.sk\/eshop\/wp-content\/uploads\/2022\/04\/logo-miotto.jpg 510w\" sizes=\"auto, (max-width: 188px) 100vw, 188px\" \/><\/a>[\/vc_column_text][\/vc_column][vc_column width=&#8221;1\/5&#8243;][\/vc_column][vc_column width=&#8221;1\/5&#8243;][\/vc_column][vc_column width=&#8221;1\/5&#8243;][\/vc_column][\/vc_row][vc_row css=&#8221;.vc_custom_1662812159784{margin-top: -160px !important;}&#8221; woodmart_css_id=&#8221;631c7ff275e51&#8243; responsive_spacing=&#8221;eyJwYXJhbV90eXBlIjoid29vZG1hcnRfcmVzcG9uc2l2ZV9zcGFjaW5nIiwic2VsZWN0b3JfaWQiOiI2MzFjN2ZmMjc1ZTUxIiwic2hvcnRjb2RlIjoidmNfcm93IiwiZGF0YSI6eyJ0YWJsZXQiOnt9LCJtb2JpbGUiOnt9fX0=&#8221; mobile_bg_img_hidden=&#8221;no&#8221; tablet_bg_img_hidden=&#8221;no&#8221; woodmart_parallax=&#8221;0&#8243; woodmart_gradient_switch=&#8221;no&#8221; woodmart_box_shadow=&#8221;no&#8221; wd_z_index=&#8221;no&#8221; woodmart_disable_overflow=&#8221;0&#8243; row_reverse_mobile=&#8221;0&#8243; row_reverse_tablet=&#8221;0&#8243;][vc_column]\n\t\t<div id=\"wd-631c5da6c593c\" class=\"title-wrapper wd-wpb wd-set-mb reset-last-child  wd-rs-631c5da6c593c wd-title-color-default wd-title-style-default text-left  wd-underline-colored\">\n\t\t\t\n\t\t\t<div class=\"liner-continer\">\n\t\t\t\t<h4 class=\"woodmart-title-container title  wd-font-weight- wd-fontsize-l\" >Bytov\u00fd textil<\/h4>\n\t\t\t\t\t\t\t<\/div>\n\t\t\t\n\t\t\t\n\t\t\t\n\t\t<\/div>\n\t\t\n\t\t[\/vc_column][\/vc_row][vc_row css=&#8221;.vc_custom_1662812302337{margin-bottom: 200px !important;}&#8221; woodmart_css_id=&#8221;631c8088434cf&#8221; responsive_spacing=&#8221;eyJwYXJhbV90eXBlIjoid29vZG1hcnRfcmVzcG9uc2l2ZV9zcGFjaW5nIiwic2VsZWN0b3JfaWQiOiI2MzFjODA4ODQzNGNmIiwic2hvcnRjb2RlIjoidmNfcm93IiwiZGF0YSI6eyJ0YWJsZXQiOnt9LCJtb2JpbGUiOnt9fX0=&#8221; mobile_bg_img_hidden=&#8221;no&#8221; tablet_bg_img_hidden=&#8221;no&#8221; woodmart_parallax=&#8221;0&#8243; woodmart_gradient_switch=&#8221;no&#8221; woodmart_box_shadow=&#8221;no&#8221; wd_z_index=&#8221;no&#8221; woodmart_disable_overflow=&#8221;0&#8243; row_reverse_mobile=&#8221;0&#8243; row_reverse_tablet=&#8221;0&#8243;][vc_column][vc_column_text woodmart_inline=&#8221;no&#8221; text_larger=&#8221;no&#8221; css=&#8221;.vc_custom_1662811890767{margin-top: 30px !important;}&#8221;]<\/p>\n<ul>\n<li>\n<h4>Oblie\u010dky<\/h4>\n<\/li>\n<li>\n<h4>Prehozy<\/h4>\n<\/li>\n<li>\n<h4>Deky<\/h4>\n<\/li>\n<li>\n<h4>Dekora\u010dn\u00e9 vank\u00fa\u0161e<\/h4>\n<\/li>\n<\/ul>\n<h4><\/h4>\n<p>[\/vc_column_text][\/vc_column][\/vc_row][vc_row][vc_column][vc_separator color=&#8221;custom&#8221; accent_color=&#8221;#e6aa78&#8243; wd_hide_on_desktop=&#8221;no&#8221; wd_hide_on_tablet=&#8221;no&#8221; wd_hide_on_mobile=&#8221;no&#8221;][\/vc_column][\/vc_row][vc_row][vc_column][vc_column_text woodmart_inline=&#8221;no&#8221; text_larger=&#8221;no&#8221;]<span style=\"color: #1b3a32;\">Bli\u017e\u0161ie inform\u00e1cie k produktom V\u00e1m poskytneme na na\u0161om showroome, emailom alebo telefonicky.<\/span><\/p>\n<p><span style=\"color: #1b3a32;\">Nev\u00e1hajte n\u00e1s kontaktova\u0165!<\/span>[\/vc_column_text][\/vc_column][\/vc_row]<\/p>\n<\/div>","protected":false},"excerpt":{"rendered":"<p>[vc_row full_width=&#8221;stretch_row_content_no_spaces&#8221; woodmart_css_id=&#8221;625fc53e7b9f8&#8243; mobile_bg_img_hidden=&#8221;no&#8221; tablet_bg_img_hidden=&#8221;no&#8221; woodmart_parallax=&#8221;0&#8243; woodmart_gradient_switch=&#8221;no&#8221; woodmart_box_shadow=&#8221;no&#8221; wd_z_index=&#8221;no&#8221; woodmart_disable_overflow=&#8221;0&#8243; row_reverse_mobile=&#8221;0&#8243; row_reverse_tablet=&#8221;0&#8243; css=&#8221;.vc_custom_1650443588876{margin-bottom: 30px !important;}&#8221;][vc_column][\/vc_column][\/vc_row][vc_row full_width=&#8221;stretch_row_content_no_spaces&#8221; woodmart_css_id=&#8221;625fc74245ecc&#8221; mobile_bg_img_hidden=&#8221;no&#8221; tablet_bg_img_hidden=&#8221;no&#8221; woodmart_parallax=&#8221;0&#8243;<\/p>\n","protected":false},"author":3,"featured_media":0,"parent":0,"menu_order":0,"comment_status":"closed","ping_status":"closed","template":"","meta":{"jetpack_post_was_ever_published":false,"footnotes":""},"class_list":["post-7678","page","type-page","status-publish","hentry"],"yoast_head":"<!-- This site is optimized with the Yoast SEO plugin v26.0 - https:\/\/yoast.com\/wordpress\/plugins\/seo\/ -->\n<title>Interi\u00e9rov\u00e9 doplnky - KANAPY interi\u00e9r<\/title>\n<meta name=\"description\" content=\"KANAPY Interi\u00e9r-pon\u00fakame V\u00e1m \u0161irok\u00fa ponuku pr\u00e9miov\u00fdch v\u00fdrobcov interi\u00e9rov\u00fdch doplnkov a dekor\u00e1ci\u00ed. Nav\u0161t\u00edvte n\u00e1\u0161 eshop alebo showroom v Trna..\" \/>\n<meta name=\"robots\" content=\"index, follow, max-snippet:-1, max-image-preview:large, max-video-preview:-1\" \/>\n<link rel=\"canonical\" href=\"https:\/\/kanapy.sk\/eshop\/interierove-doplnky\/\" \/>\n<meta property=\"og:locale\" content=\"sk_SK\" \/>\n<meta property=\"og:type\" content=\"article\" \/>\n<meta property=\"og:title\" content=\"Interi\u00e9rov\u00e9 doplnky - KANAPY interi\u00e9r\" \/>\n<meta property=\"og:description\" content=\"KANAPY Interi\u00e9r-pon\u00fakame V\u00e1m \u0161irok\u00fa ponuku pr\u00e9miov\u00fdch v\u00fdrobcov interi\u00e9rov\u00fdch doplnkov a dekor\u00e1ci\u00ed. Nav\u0161t\u00edvte n\u00e1\u0161 eshop alebo showroom v Trna..\" \/>\n<meta property=\"og:url\" content=\"https:\/\/kanapy.sk\/eshop\/interierove-doplnky\/\" \/>\n<meta property=\"og:site_name\" content=\"KANAPY design studio\" \/>\n<meta property=\"article:publisher\" content=\"https:\/\/sk-sk.facebook.com\/kanapyinterier\" \/>\n<meta property=\"article:modified_time\" content=\"2024-10-25T07:55:52+00:00\" \/>\n<meta property=\"og:image\" content=\"https:\/\/kanapy.sk\/eshop\/wp-content\/uploads\/2022\/05\/0E507077-8406-4497-91E7-3F732782DFE8-rotated.jpeg\" \/>\n\t<meta property=\"og:image:width\" content=\"1125\" \/>\n\t<meta property=\"og:image:height\" content=\"1500\" \/>\n\t<meta property=\"og:image:type\" content=\"image\/jpeg\" \/>\n<meta name=\"twitter:card\" content=\"summary_large_image\" \/>\n<meta name=\"twitter:label1\" content=\"Predpokladan\u00fd \u010das \u010d\u00edtania\" \/>\n\t<meta name=\"twitter:data1\" content=\"2 min\u00faty\" \/>\n<script type=\"application\/ld+json\" class=\"yoast-schema-graph\">{\"@context\":\"https:\/\/schema.org\",\"@graph\":[{\"@type\":\"WebPage\",\"@id\":\"https:\/\/kanapy.sk\/eshop\/interierove-doplnky\/\",\"url\":\"https:\/\/kanapy.sk\/eshop\/interierove-doplnky\/\",\"name\":\"Interi\u00e9rov\u00e9 doplnky - KANAPY interi\u00e9r\",\"isPartOf\":{\"@id\":\"https:\/\/kanapy.sk\/eshop\/#website\"},\"primaryImageOfPage\":{\"@id\":\"https:\/\/kanapy.sk\/eshop\/interierove-doplnky\/#primaryimage\"},\"image\":{\"@id\":\"https:\/\/kanapy.sk\/eshop\/interierove-doplnky\/#primaryimage\"},\"thumbnailUrl\":\"https:\/\/kanapy.sk\/eshop\/wp-content\/uploads\/2022\/04\/eurofirany-logo-300x141.jpg\",\"datePublished\":\"2022-04-05T08:15:05+00:00\",\"dateModified\":\"2024-10-25T07:55:52+00:00\",\"description\":\"KANAPY Interi\u00e9r-pon\u00fakame V\u00e1m \u0161irok\u00fa ponuku pr\u00e9miov\u00fdch v\u00fdrobcov interi\u00e9rov\u00fdch doplnkov a dekor\u00e1ci\u00ed. Nav\u0161t\u00edvte n\u00e1\u0161 eshop alebo showroom v Trna..\",\"breadcrumb\":{\"@id\":\"https:\/\/kanapy.sk\/eshop\/interierove-doplnky\/#breadcrumb\"},\"inLanguage\":\"sk-SK\",\"potentialAction\":[{\"@type\":\"ReadAction\",\"target\":[\"https:\/\/kanapy.sk\/eshop\/interierove-doplnky\/\"]}]},{\"@type\":\"ImageObject\",\"inLanguage\":\"sk-SK\",\"@id\":\"https:\/\/kanapy.sk\/eshop\/interierove-doplnky\/#primaryimage\",\"url\":\"https:\/\/kanapy.sk\/eshop\/wp-content\/uploads\/2022\/04\/eurofirany-logo.jpg\",\"contentUrl\":\"https:\/\/kanapy.sk\/eshop\/wp-content\/uploads\/2022\/04\/eurofirany-logo.jpg\",\"width\":428,\"height\":201,\"caption\":\"eurofirany logo KANAPY interier portfolio\"},{\"@type\":\"BreadcrumbList\",\"@id\":\"https:\/\/kanapy.sk\/eshop\/interierove-doplnky\/#breadcrumb\",\"itemListElement\":[{\"@type\":\"ListItem\",\"position\":1,\"name\":\"Domovsk\u00e1 str\u00e1nka\",\"item\":\"https:\/\/kanapy.sk\/eshop\/\"},{\"@type\":\"ListItem\",\"position\":2,\"name\":\"Interi\u00e9rov\u00e9 doplnky\"}]},{\"@type\":\"WebSite\",\"@id\":\"https:\/\/kanapy.sk\/eshop\/#website\",\"url\":\"https:\/\/kanapy.sk\/eshop\/\",\"name\":\"KANAPY design studio\",\"description\":\"Aby ste sa domov te\u0161ili\",\"publisher\":{\"@id\":\"https:\/\/kanapy.sk\/eshop\/#organization\"},\"alternateName\":\"KAKAPY interi\u00e9r\",\"potentialAction\":[{\"@type\":\"SearchAction\",\"target\":{\"@type\":\"EntryPoint\",\"urlTemplate\":\"https:\/\/kanapy.sk\/eshop\/?s={search_term_string}\"},\"query-input\":{\"@type\":\"PropertyValueSpecification\",\"valueRequired\":true,\"valueName\":\"search_term_string\"}}],\"inLanguage\":\"sk-SK\"},{\"@type\":\"Organization\",\"@id\":\"https:\/\/kanapy.sk\/eshop\/#organization\",\"name\":\"KA-NA-PY interi\u00e9r, s.r.o.\",\"alternateName\":\"KANAPY Design Studio\",\"url\":\"https:\/\/kanapy.sk\/eshop\/\",\"logo\":{\"@type\":\"ImageObject\",\"inLanguage\":\"sk-SK\",\"@id\":\"https:\/\/kanapy.sk\/eshop\/#\/schema\/logo\/image\/\",\"url\":\"https:\/\/kanapy.sk\/eshop\/wp-content\/uploads\/2024\/10\/Kanapy-primary-RGB-color.jpg\",\"contentUrl\":\"https:\/\/kanapy.sk\/eshop\/wp-content\/uploads\/2024\/10\/Kanapy-primary-RGB-color.jpg\",\"width\":600,\"height\":215,\"caption\":\"KA-NA-PY interi\u00e9r, s.r.o.\"},\"image\":{\"@id\":\"https:\/\/kanapy.sk\/eshop\/#\/schema\/logo\/image\/\"},\"sameAs\":[\"https:\/\/sk-sk.facebook.com\/kanapyinterier\",\"http:\/\/instagram.com\/kanapy_trnava\/\"]}]}<\/script>\n<!-- \/ Yoast SEO plugin. -->","yoast_head_json":{"title":"Interi\u00e9rov\u00e9 doplnky - KANAPY interi\u00e9r","description":"KANAPY Interi\u00e9r-pon\u00fakame V\u00e1m \u0161irok\u00fa ponuku pr\u00e9miov\u00fdch v\u00fdrobcov interi\u00e9rov\u00fdch doplnkov a dekor\u00e1ci\u00ed. Nav\u0161t\u00edvte n\u00e1\u0161 eshop alebo showroom v Trna..","robots":{"index":"index","follow":"follow","max-snippet":"max-snippet:-1","max-image-preview":"max-image-preview:large","max-video-preview":"max-video-preview:-1"},"canonical":"https:\/\/kanapy.sk\/eshop\/interierove-doplnky\/","og_locale":"sk_SK","og_type":"article","og_title":"Interi\u00e9rov\u00e9 doplnky - KANAPY interi\u00e9r","og_description":"KANAPY Interi\u00e9r-pon\u00fakame V\u00e1m \u0161irok\u00fa ponuku pr\u00e9miov\u00fdch v\u00fdrobcov interi\u00e9rov\u00fdch doplnkov a dekor\u00e1ci\u00ed. Nav\u0161t\u00edvte n\u00e1\u0161 eshop alebo showroom v Trna..","og_url":"https:\/\/kanapy.sk\/eshop\/interierove-doplnky\/","og_site_name":"KANAPY design studio","article_publisher":"https:\/\/sk-sk.facebook.com\/kanapyinterier","article_modified_time":"2024-10-25T07:55:52+00:00","og_image":[{"width":1125,"height":1500,"url":"https:\/\/kanapy.sk\/eshop\/wp-content\/uploads\/2022\/05\/0E507077-8406-4497-91E7-3F732782DFE8-rotated.jpeg","type":"image\/jpeg"}],"twitter_card":"summary_large_image","twitter_misc":{"Predpokladan\u00fd \u010das \u010d\u00edtania":"2 min\u00faty"},"schema":{"@context":"https:\/\/schema.org","@graph":[{"@type":"WebPage","@id":"https:\/\/kanapy.sk\/eshop\/interierove-doplnky\/","url":"https:\/\/kanapy.sk\/eshop\/interierove-doplnky\/","name":"Interi\u00e9rov\u00e9 doplnky - KANAPY interi\u00e9r","isPartOf":{"@id":"https:\/\/kanapy.sk\/eshop\/#website"},"primaryImageOfPage":{"@id":"https:\/\/kanapy.sk\/eshop\/interierove-doplnky\/#primaryimage"},"image":{"@id":"https:\/\/kanapy.sk\/eshop\/interierove-doplnky\/#primaryimage"},"thumbnailUrl":"https:\/\/kanapy.sk\/eshop\/wp-content\/uploads\/2022\/04\/eurofirany-logo-300x141.jpg","datePublished":"2022-04-05T08:15:05+00:00","dateModified":"2024-10-25T07:55:52+00:00","description":"KANAPY Interi\u00e9r-pon\u00fakame V\u00e1m \u0161irok\u00fa ponuku pr\u00e9miov\u00fdch v\u00fdrobcov interi\u00e9rov\u00fdch doplnkov a dekor\u00e1ci\u00ed. Nav\u0161t\u00edvte n\u00e1\u0161 eshop alebo showroom v Trna..","breadcrumb":{"@id":"https:\/\/kanapy.sk\/eshop\/interierove-doplnky\/#breadcrumb"},"inLanguage":"sk-SK","potentialAction":[{"@type":"ReadAction","target":["https:\/\/kanapy.sk\/eshop\/interierove-doplnky\/"]}]},{"@type":"ImageObject","inLanguage":"sk-SK","@id":"https:\/\/kanapy.sk\/eshop\/interierove-doplnky\/#primaryimage","url":"https:\/\/kanapy.sk\/eshop\/wp-content\/uploads\/2022\/04\/eurofirany-logo.jpg","contentUrl":"https:\/\/kanapy.sk\/eshop\/wp-content\/uploads\/2022\/04\/eurofirany-logo.jpg","width":428,"height":201,"caption":"eurofirany logo KANAPY interier portfolio"},{"@type":"BreadcrumbList","@id":"https:\/\/kanapy.sk\/eshop\/interierove-doplnky\/#breadcrumb","itemListElement":[{"@type":"ListItem","position":1,"name":"Domovsk\u00e1 str\u00e1nka","item":"https:\/\/kanapy.sk\/eshop\/"},{"@type":"ListItem","position":2,"name":"Interi\u00e9rov\u00e9 doplnky"}]},{"@type":"WebSite","@id":"https:\/\/kanapy.sk\/eshop\/#website","url":"https:\/\/kanapy.sk\/eshop\/","name":"KANAPY design studio","description":"Aby ste sa domov te\u0161ili","publisher":{"@id":"https:\/\/kanapy.sk\/eshop\/#organization"},"alternateName":"KAKAPY interi\u00e9r","potentialAction":[{"@type":"SearchAction","target":{"@type":"EntryPoint","urlTemplate":"https:\/\/kanapy.sk\/eshop\/?s={search_term_string}"},"query-input":{"@type":"PropertyValueSpecification","valueRequired":true,"valueName":"search_term_string"}}],"inLanguage":"sk-SK"},{"@type":"Organization","@id":"https:\/\/kanapy.sk\/eshop\/#organization","name":"KA-NA-PY interi\u00e9r, s.r.o.","alternateName":"KANAPY Design Studio","url":"https:\/\/kanapy.sk\/eshop\/","logo":{"@type":"ImageObject","inLanguage":"sk-SK","@id":"https:\/\/kanapy.sk\/eshop\/#\/schema\/logo\/image\/","url":"https:\/\/kanapy.sk\/eshop\/wp-content\/uploads\/2024\/10\/Kanapy-primary-RGB-color.jpg","contentUrl":"https:\/\/kanapy.sk\/eshop\/wp-content\/uploads\/2024\/10\/Kanapy-primary-RGB-color.jpg","width":600,"height":215,"caption":"KA-NA-PY interi\u00e9r, s.r.o."},"image":{"@id":"https:\/\/kanapy.sk\/eshop\/#\/schema\/logo\/image\/"},"sameAs":["https:\/\/sk-sk.facebook.com\/kanapyinterier","http:\/\/instagram.com\/kanapy_trnava\/"]}]}},"jetpack_sharing_enabled":true,"jetpack_shortlink":"https:\/\/wp.me\/P9Py1F-1ZQ","_links":{"self":[{"href":"https:\/\/kanapy.sk\/eshop\/wp-json\/wp\/v2\/pages\/7678","targetHints":{"allow":["GET"]}}],"collection":[{"href":"https:\/\/kanapy.sk\/eshop\/wp-json\/wp\/v2\/pages"}],"about":[{"href":"https:\/\/kanapy.sk\/eshop\/wp-json\/wp\/v2\/types\/page"}],"author":[{"embeddable":true,"href":"https:\/\/kanapy.sk\/eshop\/wp-json\/wp\/v2\/users\/3"}],"replies":[{"embeddable":true,"href":"https:\/\/kanapy.sk\/eshop\/wp-json\/wp\/v2\/comments?post=7678"}],"version-history":[{"count":27,"href":"https:\/\/kanapy.sk\/eshop\/wp-json\/wp\/v2\/pages\/7678\/revisions"}],"predecessor-version":[{"id":25462,"href":"https:\/\/kanapy.sk\/eshop\/wp-json\/wp\/v2\/pages\/7678\/revisions\/25462"}],"wp:attachment":[{"href":"https:\/\/kanapy.sk\/eshop\/wp-json\/wp\/v2\/media?parent=7678"}],"curies":[{"name":"wp","href":"https:\/\/api.w.org\/{rel}","templated":true}]}}