{"id":7751,"date":"2022-04-07T10:39:06","date_gmt":"2022-04-07T08:39:06","guid":{"rendered":"https:\/\/kanapy.sk\/eshop\/?page_id=7751"},"modified":"2024-10-25T09:13:25","modified_gmt":"2024-10-25T07:13:25","slug":"vinyl-4","status":"publish","type":"page","link":"https:\/\/kanapy.sk\/eshop\/vinyl-4\/","title":{"rendered":"Vinyl"},"content":{"rendered":"<div class=\"wpb-content-wrapper\"><p>[vc_row full_width=&#8221;stretch_row_content_no_spaces&#8221; woodmart_css_id=&#8221;62556b80d17e3&#8243; mobile_bg_img_hidden=&#8221;no&#8221; tablet_bg_img_hidden=&#8221;no&#8221; woodmart_parallax=&#8221;0&#8243; woodmart_gradient_switch=&#8221;no&#8221; woodmart_box_shadow=&#8221;no&#8221; wd_z_index=&#8221;no&#8221; woodmart_disable_overflow=&#8221;0&#8243; row_reverse_mobile=&#8221;0&#8243; row_reverse_tablet=&#8221;0&#8243; css=&#8221;.vc_custom_1649765271597{margin-bottom: 10px !important;}&#8221;][vc_column]\n\t\t<div id=\"wd-626a995fece0d\" class=\"title-wrapper wd-wpb wd-set-mb reset-last-child  wd-rs-626a995fece0d wd-title-color-default wd-title-style-bordered text-center vc_custom_1651153249389 wd-underline-colored\">\n\t\t\t\n\t\t\t<div class=\"liner-continer\">\n\t\t\t\t<h4 class=\"woodmart-title-container title  wd-font-weight- wd-fontsize-xl\" >Vinyl<\/h4>\n\t\t\t\t\t\t\t<\/div>\n\t\t\t\n\t\t\t\n\t\t\t\n\t\t<\/div>\n\t\t\n\t\t[vc_hoverbox image=&#8221;8125&#8243; primary_title=&#8221;&#8221; hover_title=&#8221;&#8221; hover_background_color=&#8221;custom&#8221; css=&#8221;.vc_custom_1727936035016{margin-top: 20px !important;margin-bottom: 30px !important;}&#8221; hover_custom_background=&#8221;#e6aa78&#8243;]<\/p>\n<p>&nbsp;<\/p>\n<p>Luxusn\u00e1 podlaha, z ktorej vy\u017earuje elegancia a ktor\u00e1 zais\u0165uje pohodlie? Zatia\u013e \u010do si va\u0161e nohy bud\u00fa ka\u017ed\u00e9 r\u00e1no u\u017e\u00edva\u0165 teplo a vy zas ok\u00faz\u013euj\u00faci vzh\u013ead dreva, my v\u00e1m zaru\u010d\u00edme dokonale vodoodoln\u00fa podlahu odoln\u00fa vo\u010di po\u0161kriabaniu.<\/p>\n<p>Chceli by ste do kuchyne rad\u0161ej vzh\u013ead pr\u00edrodn\u00e9ho kame\u0148a? V\u010faka na\u0161ej \u0161irokej ponuke r\u00f4znych \u0161t\u00fdlov a typov zaru\u010dene objav\u00edte dokonal\u00fa vinylov\u00fa podlahu pre svoj domov.<\/p>\n<p>&nbsp;<\/p>\n<p>[\/vc_hoverbox][\/vc_column][\/vc_row][vc_row css=&#8221;.vc_custom_1649763572652{margin-top: 40px !important;}&#8221; woodmart_css_id=&#8221;625564e91f446&#8243; mobile_bg_img_hidden=&#8221;no&#8221; tablet_bg_img_hidden=&#8221;no&#8221; woodmart_parallax=&#8221;0&#8243; woodmart_gradient_switch=&#8221;no&#8221; woodmart_box_shadow=&#8221;no&#8221; wd_z_index=&#8221;no&#8221; woodmart_disable_overflow=&#8221;0&#8243; row_reverse_mobile=&#8221;0&#8243; row_reverse_tablet=&#8221;0&#8243;][vc_column]\n\t\t<div id=\"wd-66fe56ddd0621\" class=\"title-wrapper wd-wpb wd-set-mb reset-last-child  wd-rs-66fe56ddd0621 wd-title-color-default wd-title-style-default text-center  wd-underline-colored\">\n\t\t\t\n\t\t\t<div class=\"liner-continer\">\n\t\t\t\t<h4 class=\"woodmart-title-container title  wd-font-weight- wd-fontsize-l\" >N\u00e1jdete u n\u00e1s:<\/h4>\n\t\t\t\t\t\t\t<\/div>\n\t\t\t\n\t\t\t\n\t\t\t\n\t\t<\/div>\n\t\t\n\t\t[vc_separator][\/vc_column][\/vc_row][vc_row css=&#8221;.vc_custom_1650112686685{margin-bottom: 30px !important;}&#8221; woodmart_css_id=&#8221;625ab8a978a5b&#8221; mobile_bg_img_hidden=&#8221;no&#8221; tablet_bg_img_hidden=&#8221;no&#8221; woodmart_parallax=&#8221;0&#8243; woodmart_gradient_switch=&#8221;no&#8221; woodmart_box_shadow=&#8221;no&#8221; wd_z_index=&#8221;no&#8221; woodmart_disable_overflow=&#8221;0&#8243; row_reverse_mobile=&#8221;0&#8243; row_reverse_tablet=&#8221;0&#8243;][vc_column width=&#8221;1\/5&#8243;][vc_column_text woodmart_inline=&#8221;no&#8221; text_larger=&#8221;no&#8221; css=&#8221;.vc_custom_1651672472330{margin-left: 30px !important;}&#8221;]<a href=\"https:\/\/kanapy.sk\/eshop\/wp-content\/uploads\/2022\/04\/IVC-vinyl.pdf\"><img loading=\"lazy\" decoding=\"async\" class=\"wp-image-8012 aligncenter\" src=\"https:\/\/kanapy.sk\/eshop\/wp-content\/uploads\/2022\/04\/ivc.-logo-1-300x300.jpg\" alt=\"\" width=\"131\" height=\"131\" srcset=\"https:\/\/kanapy.sk\/eshop\/wp-content\/uploads\/2022\/04\/ivc.-logo-1-300x300.jpg 300w, https:\/\/kanapy.sk\/eshop\/wp-content\/uploads\/2022\/04\/ivc.-logo-1-150x150.jpg 150w, https:\/\/kanapy.sk\/eshop\/wp-content\/uploads\/2022\/04\/ivc.-logo-1.jpg 500w\" sizes=\"auto, (max-width: 131px) 100vw, 131px\" \/><\/a>[\/vc_column_text][\/vc_column][vc_column width=&#8221;1\/5&#8243; css=&#8221;.vc_custom_1650112296175{margin-top: -10px !important;}&#8221; woodmart_css_id=&#8221;625ab70da6d6c&#8221; parallax_scroll=&#8221;no&#8221; woodmart_sticky_column=&#8221;false&#8221; wd_collapsible_content_switcher=&#8221;no&#8221; mobile_bg_img_hidden=&#8221;no&#8221; tablet_bg_img_hidden=&#8221;no&#8221; woodmart_parallax=&#8221;0&#8243; woodmart_box_shadow=&#8221;no&#8221; mobile_reset_margin=&#8221;no&#8221; tablet_reset_margin=&#8221;no&#8221; wd_z_index=&#8221;no&#8221;]\t\t<div class=\"promo-banner-wrapper  wd-rs-625e83e54d674 \">\n\t\t\t<div id=\"wd-625e83e54d674\" class=\"promo-banner  banner- banner-hover-none color-scheme-light banner-btn-size-default banner-btn-style-default  wd-with-link wd-underline-colored\">\n\t\t\t\t<div class=\"main-wrapp-img\">\n\t\t\t\t\t<div class=\"banner-image wd-bg-position-center\" >\n\t\t\t\t\t\t<img loading=\"lazy\" decoding=\"async\" width=\"800\" height=\"566\" src=\"https:\/\/kanapy.sk\/eshop\/wp-content\/uploads\/2022\/04\/floorify-logo-footer.png\" class=\"attachment-800x600 size-800x600\" alt=\"\" \/>\t\t\t\t\t<\/div>\n\t\t\t\t<\/div>\n\n\t\t\t\t<div class=\"wrapper-content-banner wd-fill  wd-items-top wd-justify-left\">\n\t\t\t\t\t<div class=\"content-banner  text-left\">\n\t\t\t\t\t\t\t\t\t\t\t\t\n\t\t\t\t\t\t\n\t\t\t\t\t\t\t\t\t\t\t<\/div>\n\t\t\t\t<\/div>\n\n\t\t\t\t\t\t\t\t\t<a class=\"wd-promo-banner-link wd-fill\" aria-label=\"Banner link\" href=\"https:\/\/kanapy.sk\/eshop\/wp-content\/uploads\/2022\/04\/Floorify-Vinyl-.pdf\" title=\"Floorify vinyl\"><\/a>\n\t\t\t\t\n\t\t\t\t\t\t\t<\/div>\n\t\t<\/div>\n\n\t\t[\/vc_column][vc_column width=&#8221;1\/5&#8243;][vc_column_text woodmart_inline=&#8221;no&#8221; text_larger=&#8221;no&#8221; css=&#8221;.vc_custom_1651672482152{margin-top: 20px !important;}&#8221;]<a href=\"https:\/\/kanapy.sk\/eshop\/wp-content\/uploads\/2022\/04\/QUICKSTEP-Vinyl-PDF.pdf\"><img loading=\"lazy\" decoding=\"async\" class=\"wp-image-7992 aligncenter\" src=\"https:\/\/kanapy.sk\/eshop\/wp-content\/uploads\/2022\/04\/Quick_Step_Logo.svg-2-300x138.png\" alt=\"Quickstep\" width=\"180\" height=\"83\" srcset=\"https:\/\/kanapy.sk\/eshop\/wp-content\/uploads\/2022\/04\/Quick_Step_Logo.svg-2-300x138.png 300w, https:\/\/kanapy.sk\/eshop\/wp-content\/uploads\/2022\/04\/Quick_Step_Logo.svg-2-768x353.png 768w, https:\/\/kanapy.sk\/eshop\/wp-content\/uploads\/2022\/04\/Quick_Step_Logo.svg-2-150x69.png 150w, https:\/\/kanapy.sk\/eshop\/wp-content\/uploads\/2022\/04\/Quick_Step_Logo.svg-2.png 900w\" sizes=\"auto, (max-width: 180px) 100vw, 180px\" \/><\/a>[\/vc_column_text][\/vc_column][vc_column width=&#8221;1\/5&#8243; css=&#8221;.vc_custom_1650113368887{margin-top: 5px !important;}&#8221; woodmart_css_id=&#8221;625abb542fca4&#8243; parallax_scroll=&#8221;no&#8221; woodmart_sticky_column=&#8221;false&#8221; wd_collapsible_content_switcher=&#8221;no&#8221; mobile_bg_img_hidden=&#8221;no&#8221; tablet_bg_img_hidden=&#8221;no&#8221; woodmart_parallax=&#8221;0&#8243; woodmart_box_shadow=&#8221;no&#8221; mobile_reset_margin=&#8221;no&#8221; tablet_reset_margin=&#8221;no&#8221; wd_z_index=&#8221;no&#8221;][vc_column_text woodmart_inline=&#8221;no&#8221; text_larger=&#8221;no&#8221; css=&#8221;.vc_custom_1651672492682{margin-top: 10px !important;}&#8221;]<a href=\"https:\/\/kanapy.sk\/eshop\/wp-content\/uploads\/2022\/04\/OBJECTFLOOR-vinyl.pdf\"><img loading=\"lazy\" decoding=\"async\" class=\"wp-image-7962 aligncenter\" src=\"https:\/\/kanapy.sk\/eshop\/wp-content\/uploads\/2022\/04\/objectflor-logo-vector-300x167.png\" alt=\"\" width=\"196\" height=\"109\" srcset=\"https:\/\/kanapy.sk\/eshop\/wp-content\/uploads\/2022\/04\/objectflor-logo-vector-300x167.png 300w, https:\/\/kanapy.sk\/eshop\/wp-content\/uploads\/2022\/04\/objectflor-logo-vector-768x427.png 768w, https:\/\/kanapy.sk\/eshop\/wp-content\/uploads\/2022\/04\/objectflor-logo-vector-150x83.png 150w, https:\/\/kanapy.sk\/eshop\/wp-content\/uploads\/2022\/04\/objectflor-logo-vector.png 900w\" sizes=\"auto, (max-width: 196px) 100vw, 196px\" \/><\/a>[\/vc_column_text][\/vc_column][vc_column width=&#8221;1\/5&#8243;][vc_column_text woodmart_inline=&#8221;no&#8221; text_larger=&#8221;no&#8221; css=&#8221;.vc_custom_1651672506543{margin-top: 15px !important;}&#8221;]<a href=\"https:\/\/kanapy.sk\/eshop\/wp-content\/uploads\/2022\/04\/Kahrs-vinyl.pdf\"><img loading=\"lazy\" decoding=\"async\" class=\" wp-image-7926 aligncenter\" src=\"https:\/\/kanapy.sk\/eshop\/wp-content\/uploads\/2022\/04\/kahrs-logo-vector-300x167.png\" alt=\"K\u00e4hrs\" width=\"185\" height=\"103\" srcset=\"https:\/\/kanapy.sk\/eshop\/wp-content\/uploads\/2022\/04\/kahrs-logo-vector-300x167.png 300w, https:\/\/kanapy.sk\/eshop\/wp-content\/uploads\/2022\/04\/kahrs-logo-vector-768x427.png 768w, https:\/\/kanapy.sk\/eshop\/wp-content\/uploads\/2022\/04\/kahrs-logo-vector-150x83.png 150w, https:\/\/kanapy.sk\/eshop\/wp-content\/uploads\/2022\/04\/kahrs-logo-vector.png 900w\" sizes=\"auto, (max-width: 185px) 100vw, 185px\" \/><\/a>[\/vc_column_text][\/vc_column][\/vc_row][vc_row css=&#8221;.vc_custom_1649764219577{margin-bottom: 200px !important;}&#8221; woodmart_css_id=&#8221;6255677b58c6a&#8221; mobile_bg_img_hidden=&#8221;no&#8221; tablet_bg_img_hidden=&#8221;no&#8221; woodmart_parallax=&#8221;0&#8243; woodmart_gradient_switch=&#8221;no&#8221; woodmart_box_shadow=&#8221;no&#8221; wd_z_index=&#8221;no&#8221; woodmart_disable_overflow=&#8221;0&#8243; row_reverse_mobile=&#8221;0&#8243; row_reverse_tablet=&#8221;0&#8243;][vc_column width=&#8221;1\/5&#8243;][vc_column_text woodmart_inline=&#8221;no&#8221; text_larger=&#8221;no&#8221;]<a href=\"https:\/\/cdn.flipsnack.com\/widget\/v2\/flipsnackwidget.html?hash=fvtnwcu7e&amp;t=1579528201&amp;fullscreen=1\"><img loading=\"lazy\" decoding=\"async\" class=\" wp-image-8011 aligncenter\" src=\"https:\/\/kanapy.sk\/eshop\/wp-content\/uploads\/2022\/04\/COREtec-logo-1-300x180.jpg\" alt=\"COREtec\" width=\"153\" height=\"92\" srcset=\"https:\/\/kanapy.sk\/eshop\/wp-content\/uploads\/2022\/04\/COREtec-logo-1-300x180.jpg 300w, https:\/\/kanapy.sk\/eshop\/wp-content\/uploads\/2022\/04\/COREtec-logo-1-768x460.jpg 768w, https:\/\/kanapy.sk\/eshop\/wp-content\/uploads\/2022\/04\/COREtec-logo-1-150x90.jpg 150w, https:\/\/kanapy.sk\/eshop\/wp-content\/uploads\/2022\/04\/COREtec-logo-1.jpg 835w\" sizes=\"auto, (max-width: 153px) 100vw, 153px\" \/><\/a>[\/vc_column_text][\/vc_column][vc_column width=&#8221;1\/5&#8243;][vc_column_text woodmart_inline=&#8221;no&#8221; text_larger=&#8221;no&#8221; css=&#8221;.vc_custom_1651672531095{margin-left: -20px !important;}&#8221;]<a href=\"https:\/\/kanapy.sk\/eshop\/wp-content\/uploads\/2022\/04\/TARKETT-Product-catalogue-PDF-vsetko.pdf\"><img loading=\"lazy\" decoding=\"async\" class=\" wp-image-8000 aligncenter\" src=\"https:\/\/kanapy.sk\/eshop\/wp-content\/uploads\/2022\/04\/Tarkett-logo-blauw-1820-x-830-300x137.jpg\" alt=\"Tarkett\" width=\"223\" height=\"102\" srcset=\"https:\/\/kanapy.sk\/eshop\/wp-content\/uploads\/2022\/04\/Tarkett-logo-blauw-1820-x-830-300x137.jpg 300w, https:\/\/kanapy.sk\/eshop\/wp-content\/uploads\/2022\/04\/Tarkett-logo-blauw-1820-x-830-768x350.jpg 768w, https:\/\/kanapy.sk\/eshop\/wp-content\/uploads\/2022\/04\/Tarkett-logo-blauw-1820-x-830-150x68.jpg 150w, https:\/\/kanapy.sk\/eshop\/wp-content\/uploads\/2022\/04\/Tarkett-logo-blauw-1820-x-830.jpg 900w\" sizes=\"auto, (max-width: 223px) 100vw, 223px\" \/><\/a>[\/vc_column_text][\/vc_column][vc_column width=&#8221;1\/5&#8243;][vc_column_text woodmart_inline=&#8221;no&#8221; text_larger=&#8221;no&#8221; css=&#8221;.vc_custom_1651672540128{margin-top: 5px !important;}&#8221;]<a href=\"https:\/\/kanapy.sk\/eshop\/wp-content\/uploads\/2022\/04\/Wineo-vinyl.pdf\"><img loading=\"lazy\" decoding=\"async\" class=\" wp-image-8006 aligncenter\" src=\"https:\/\/kanapy.sk\/eshop\/wp-content\/uploads\/2022\/04\/wineo-logo-300x143.jpg\" alt=\"wineo\" width=\"176\" height=\"83\" srcset=\"https:\/\/kanapy.sk\/eshop\/wp-content\/uploads\/2022\/04\/wineo-logo-300x143.jpg 300w, https:\/\/kanapy.sk\/eshop\/wp-content\/uploads\/2022\/04\/wineo-logo-150x72.jpg 150w, https:\/\/kanapy.sk\/eshop\/wp-content\/uploads\/2022\/04\/wineo-logo.jpg 599w\" sizes=\"auto, (max-width: 176px) 100vw, 176px\" \/><\/a>[\/vc_column_text][\/vc_column][vc_column width=&#8221;1\/5&#8243; css=&#8221;.vc_custom_1650113742159{margin-top: 10px !important;}&#8221; woodmart_css_id=&#8221;625abcc994230&#8243; parallax_scroll=&#8221;no&#8221; woodmart_sticky_column=&#8221;false&#8221; wd_collapsible_content_switcher=&#8221;no&#8221; mobile_bg_img_hidden=&#8221;no&#8221; tablet_bg_img_hidden=&#8221;no&#8221; woodmart_parallax=&#8221;0&#8243; woodmart_box_shadow=&#8221;no&#8221; mobile_reset_margin=&#8221;no&#8221; tablet_reset_margin=&#8221;no&#8221; wd_z_index=&#8221;no&#8221;][vc_column_text woodmart_inline=&#8221;no&#8221; text_larger=&#8221;no&#8221; css=&#8221;.vc_custom_1651672546934{margin-top: 20px !important;}&#8221;]<a href=\"https:\/\/kanapy.sk\/eshop\/wp-content\/uploads\/2022\/04\/Vitality-vinyl.pdf\"><img loading=\"lazy\" decoding=\"async\" class=\"alignnone wp-image-8005 aligncenter\" src=\"https:\/\/kanapy.sk\/eshop\/wp-content\/uploads\/2022\/04\/vitality_logo-1-1-300x83.jpg\" alt=\"\" width=\"184\" height=\"51\" srcset=\"https:\/\/kanapy.sk\/eshop\/wp-content\/uploads\/2022\/04\/vitality_logo-1-1-300x83.jpg 300w, https:\/\/kanapy.sk\/eshop\/wp-content\/uploads\/2022\/04\/vitality_logo-1-1-768x212.jpg 768w, https:\/\/kanapy.sk\/eshop\/wp-content\/uploads\/2022\/04\/vitality_logo-1-1-150x41.jpg 150w, https:\/\/kanapy.sk\/eshop\/wp-content\/uploads\/2022\/04\/vitality_logo-1-1.jpg 900w\" sizes=\"auto, (max-width: 184px) 100vw, 184px\" \/><\/a>[\/vc_column_text][\/vc_column][vc_column width=&#8221;1\/5&#8243;][\/vc_column][\/vc_row][vc_row][vc_column][vc_separator color=&#8221;custom&#8221; accent_color=&#8221;#e6aa78&#8243; wd_hide_on_desktop=&#8221;no&#8221; wd_hide_on_tablet=&#8221;no&#8221; wd_hide_on_mobile=&#8221;no&#8221;][\/vc_column][\/vc_row][vc_row][vc_column][vc_column_text woodmart_inline=&#8221;no&#8221; text_larger=&#8221;no&#8221;]<span style=\"color: #1b3a32;\">Bli\u017e\u0161ie inform\u00e1cie k produktom V\u00e1m poskytneme na na\u0161om showroome, emailom alebo telefonicky.<\/span><\/p>\n<p><span style=\"color: #1b3a32;\">Nev\u00e1hajte n\u00e1s kontaktova\u0165!<\/span>[\/vc_column_text][\/vc_column][\/vc_row]<\/p>\n<\/div>","protected":false},"excerpt":{"rendered":"<p>[vc_row full_width=&#8221;stretch_row_content_no_spaces&#8221; woodmart_css_id=&#8221;62556b80d17e3&#8243; mobile_bg_img_hidden=&#8221;no&#8221; tablet_bg_img_hidden=&#8221;no&#8221; woodmart_parallax=&#8221;0&#8243; woodmart_gradient_switch=&#8221;no&#8221; woodmart_box_shadow=&#8221;no&#8221; wd_z_index=&#8221;no&#8221; woodmart_disable_overflow=&#8221;0&#8243; row_reverse_mobile=&#8221;0&#8243; row_reverse_tablet=&#8221;0&#8243; css=&#8221;.vc_custom_1649765271597{margin-bottom: 10px !important;}&#8221;][vc_column][vc_hoverbox image=&#8221;8125&#8243; primary_title=&#8221;&#8221; hover_title=&#8221;&#8221; hover_background_color=&#8221;custom&#8221; css=&#8221;.vc_custom_1727936035016{margin-top:<\/p>\n","protected":false},"author":3,"featured_media":0,"parent":0,"menu_order":0,"comment_status":"closed","ping_status":"closed","template":"","meta":{"jetpack_post_was_ever_published":false,"footnotes":""},"class_list":["post-7751","page","type-page","status-publish","hentry"],"yoast_head":"<!-- This site is optimized with the Yoast SEO plugin v26.0 - https:\/\/yoast.com\/wordpress\/plugins\/seo\/ -->\n<title>Vinyl - KANAPY design studio<\/title>\n<meta name=\"robots\" content=\"index, follow, max-snippet:-1, max-image-preview:large, max-video-preview:-1\" \/>\n<link rel=\"canonical\" href=\"https:\/\/kanapy.sk\/eshop\/vinyl-4\/\" \/>\n<meta property=\"og:locale\" content=\"sk_SK\" \/>\n<meta property=\"og:type\" content=\"article\" \/>\n<meta property=\"og:title\" content=\"Vinyl - KANAPY design studio\" \/>\n<meta property=\"og:description\" content=\"[vc_row full_width=&#8221;stretch_row_content_no_spaces&#8221; woodmart_css_id=&#8221;62556b80d17e3&#8243; mobile_bg_img_hidden=&#8221;no&#8221; tablet_bg_img_hidden=&#8221;no&#8221; woodmart_parallax=&#8221;0&#8243; woodmart_gradient_switch=&#8221;no&#8221; woodmart_box_shadow=&#8221;no&#8221; wd_z_index=&#8221;no&#8221; woodmart_disable_overflow=&#8221;0&#8243; row_reverse_mobile=&#8221;0&#8243; row_reverse_tablet=&#8221;0&#8243; css=&#8221;.vc_custom_1649765271597{margin-bottom: 10px !important;}&#8221;][vc_column][vc_hoverbox image=&#8221;8125&#8243; primary_title=&#8221;&#8221; hover_title=&#8221;&#8221; hover_background_color=&#8221;custom&#8221; css=&#8221;.vc_custom_1727936035016{margin-top:\" \/>\n<meta property=\"og:url\" content=\"https:\/\/kanapy.sk\/eshop\/vinyl-4\/\" \/>\n<meta property=\"og:site_name\" content=\"KANAPY design studio\" \/>\n<meta property=\"article:publisher\" content=\"https:\/\/sk-sk.facebook.com\/kanapyinterier\" \/>\n<meta property=\"article:modified_time\" content=\"2024-10-25T07:13:25+00:00\" \/>\n<meta property=\"og:image\" content=\"https:\/\/kanapy.sk\/eshop\/wp-content\/uploads\/2022\/04\/ivc.-logo-1-300x300.jpg\" \/>\n<meta name=\"twitter:card\" content=\"summary_large_image\" \/>\n<meta name=\"twitter:label1\" content=\"Predpokladan\u00fd \u010das \u010d\u00edtania\" \/>\n\t<meta name=\"twitter:data1\" content=\"4 min\u00faty\" \/>\n<script type=\"application\/ld+json\" class=\"yoast-schema-graph\">{\"@context\":\"https:\/\/schema.org\",\"@graph\":[{\"@type\":\"WebPage\",\"@id\":\"https:\/\/kanapy.sk\/eshop\/vinyl-4\/\",\"url\":\"https:\/\/kanapy.sk\/eshop\/vinyl-4\/\",\"name\":\"Vinyl - KANAPY design studio\",\"isPartOf\":{\"@id\":\"https:\/\/kanapy.sk\/eshop\/#website\"},\"primaryImageOfPage\":{\"@id\":\"https:\/\/kanapy.sk\/eshop\/vinyl-4\/#primaryimage\"},\"image\":{\"@id\":\"https:\/\/kanapy.sk\/eshop\/vinyl-4\/#primaryimage\"},\"thumbnailUrl\":\"https:\/\/kanapy.sk\/eshop\/wp-content\/uploads\/2022\/04\/ivc.-logo-1-300x300.jpg\",\"datePublished\":\"2022-04-07T08:39:06+00:00\",\"dateModified\":\"2024-10-25T07:13:25+00:00\",\"breadcrumb\":{\"@id\":\"https:\/\/kanapy.sk\/eshop\/vinyl-4\/#breadcrumb\"},\"inLanguage\":\"sk-SK\",\"potentialAction\":[{\"@type\":\"ReadAction\",\"target\":[\"https:\/\/kanapy.sk\/eshop\/vinyl-4\/\"]}]},{\"@type\":\"ImageObject\",\"inLanguage\":\"sk-SK\",\"@id\":\"https:\/\/kanapy.sk\/eshop\/vinyl-4\/#primaryimage\",\"url\":\"https:\/\/kanapy.sk\/eshop\/wp-content\/uploads\/2022\/04\/ivc.-logo-1.jpg\",\"contentUrl\":\"https:\/\/kanapy.sk\/eshop\/wp-content\/uploads\/2022\/04\/ivc.-logo-1.jpg\",\"width\":500,\"height\":500,\"caption\":\"IVC logo KANAPY Interi\u00e9r\"},{\"@type\":\"BreadcrumbList\",\"@id\":\"https:\/\/kanapy.sk\/eshop\/vinyl-4\/#breadcrumb\",\"itemListElement\":[{\"@type\":\"ListItem\",\"position\":1,\"name\":\"Domovsk\u00e1 str\u00e1nka\",\"item\":\"https:\/\/kanapy.sk\/eshop\/\"},{\"@type\":\"ListItem\",\"position\":2,\"name\":\"Vinyl\"}]},{\"@type\":\"WebSite\",\"@id\":\"https:\/\/kanapy.sk\/eshop\/#website\",\"url\":\"https:\/\/kanapy.sk\/eshop\/\",\"name\":\"KANAPY design studio\",\"description\":\"Aby ste sa domov te\u0161ili\",\"publisher\":{\"@id\":\"https:\/\/kanapy.sk\/eshop\/#organization\"},\"alternateName\":\"KAKAPY interi\u00e9r\",\"potentialAction\":[{\"@type\":\"SearchAction\",\"target\":{\"@type\":\"EntryPoint\",\"urlTemplate\":\"https:\/\/kanapy.sk\/eshop\/?s={search_term_string}\"},\"query-input\":{\"@type\":\"PropertyValueSpecification\",\"valueRequired\":true,\"valueName\":\"search_term_string\"}}],\"inLanguage\":\"sk-SK\"},{\"@type\":\"Organization\",\"@id\":\"https:\/\/kanapy.sk\/eshop\/#organization\",\"name\":\"KA-NA-PY interi\u00e9r, s.r.o.\",\"alternateName\":\"KANAPY Design Studio\",\"url\":\"https:\/\/kanapy.sk\/eshop\/\",\"logo\":{\"@type\":\"ImageObject\",\"inLanguage\":\"sk-SK\",\"@id\":\"https:\/\/kanapy.sk\/eshop\/#\/schema\/logo\/image\/\",\"url\":\"https:\/\/kanapy.sk\/eshop\/wp-content\/uploads\/2024\/10\/Kanapy-primary-RGB-color.jpg\",\"contentUrl\":\"https:\/\/kanapy.sk\/eshop\/wp-content\/uploads\/2024\/10\/Kanapy-primary-RGB-color.jpg\",\"width\":600,\"height\":215,\"caption\":\"KA-NA-PY interi\u00e9r, s.r.o.\"},\"image\":{\"@id\":\"https:\/\/kanapy.sk\/eshop\/#\/schema\/logo\/image\/\"},\"sameAs\":[\"https:\/\/sk-sk.facebook.com\/kanapyinterier\",\"http:\/\/instagram.com\/kanapy_trnava\/\"]}]}<\/script>\n<!-- \/ Yoast SEO plugin. -->","yoast_head_json":{"title":"Vinyl - KANAPY design studio","robots":{"index":"index","follow":"follow","max-snippet":"max-snippet:-1","max-image-preview":"max-image-preview:large","max-video-preview":"max-video-preview:-1"},"canonical":"https:\/\/kanapy.sk\/eshop\/vinyl-4\/","og_locale":"sk_SK","og_type":"article","og_title":"Vinyl - KANAPY design studio","og_description":"[vc_row full_width=&#8221;stretch_row_content_no_spaces&#8221; woodmart_css_id=&#8221;62556b80d17e3&#8243; mobile_bg_img_hidden=&#8221;no&#8221; tablet_bg_img_hidden=&#8221;no&#8221; woodmart_parallax=&#8221;0&#8243; woodmart_gradient_switch=&#8221;no&#8221; woodmart_box_shadow=&#8221;no&#8221; wd_z_index=&#8221;no&#8221; woodmart_disable_overflow=&#8221;0&#8243; row_reverse_mobile=&#8221;0&#8243; row_reverse_tablet=&#8221;0&#8243; css=&#8221;.vc_custom_1649765271597{margin-bottom: 10px !important;}&#8221;][vc_column][vc_hoverbox image=&#8221;8125&#8243; primary_title=&#8221;&#8221; hover_title=&#8221;&#8221; hover_background_color=&#8221;custom&#8221; css=&#8221;.vc_custom_1727936035016{margin-top:","og_url":"https:\/\/kanapy.sk\/eshop\/vinyl-4\/","og_site_name":"KANAPY design studio","article_publisher":"https:\/\/sk-sk.facebook.com\/kanapyinterier","article_modified_time":"2024-10-25T07:13:25+00:00","og_image":[{"url":"https:\/\/kanapy.sk\/eshop\/wp-content\/uploads\/2022\/04\/ivc.-logo-1-300x300.jpg","type":"","width":"","height":""}],"twitter_card":"summary_large_image","twitter_misc":{"Predpokladan\u00fd \u010das \u010d\u00edtania":"4 min\u00faty"},"schema":{"@context":"https:\/\/schema.org","@graph":[{"@type":"WebPage","@id":"https:\/\/kanapy.sk\/eshop\/vinyl-4\/","url":"https:\/\/kanapy.sk\/eshop\/vinyl-4\/","name":"Vinyl - KANAPY design studio","isPartOf":{"@id":"https:\/\/kanapy.sk\/eshop\/#website"},"primaryImageOfPage":{"@id":"https:\/\/kanapy.sk\/eshop\/vinyl-4\/#primaryimage"},"image":{"@id":"https:\/\/kanapy.sk\/eshop\/vinyl-4\/#primaryimage"},"thumbnailUrl":"https:\/\/kanapy.sk\/eshop\/wp-content\/uploads\/2022\/04\/ivc.-logo-1-300x300.jpg","datePublished":"2022-04-07T08:39:06+00:00","dateModified":"2024-10-25T07:13:25+00:00","breadcrumb":{"@id":"https:\/\/kanapy.sk\/eshop\/vinyl-4\/#breadcrumb"},"inLanguage":"sk-SK","potentialAction":[{"@type":"ReadAction","target":["https:\/\/kanapy.sk\/eshop\/vinyl-4\/"]}]},{"@type":"ImageObject","inLanguage":"sk-SK","@id":"https:\/\/kanapy.sk\/eshop\/vinyl-4\/#primaryimage","url":"https:\/\/kanapy.sk\/eshop\/wp-content\/uploads\/2022\/04\/ivc.-logo-1.jpg","contentUrl":"https:\/\/kanapy.sk\/eshop\/wp-content\/uploads\/2022\/04\/ivc.-logo-1.jpg","width":500,"height":500,"caption":"IVC logo KANAPY Interi\u00e9r"},{"@type":"BreadcrumbList","@id":"https:\/\/kanapy.sk\/eshop\/vinyl-4\/#breadcrumb","itemListElement":[{"@type":"ListItem","position":1,"name":"Domovsk\u00e1 str\u00e1nka","item":"https:\/\/kanapy.sk\/eshop\/"},{"@type":"ListItem","position":2,"name":"Vinyl"}]},{"@type":"WebSite","@id":"https:\/\/kanapy.sk\/eshop\/#website","url":"https:\/\/kanapy.sk\/eshop\/","name":"KANAPY design studio","description":"Aby ste sa domov te\u0161ili","publisher":{"@id":"https:\/\/kanapy.sk\/eshop\/#organization"},"alternateName":"KAKAPY interi\u00e9r","potentialAction":[{"@type":"SearchAction","target":{"@type":"EntryPoint","urlTemplate":"https:\/\/kanapy.sk\/eshop\/?s={search_term_string}"},"query-input":{"@type":"PropertyValueSpecification","valueRequired":true,"valueName":"search_term_string"}}],"inLanguage":"sk-SK"},{"@type":"Organization","@id":"https:\/\/kanapy.sk\/eshop\/#organization","name":"KA-NA-PY interi\u00e9r, s.r.o.","alternateName":"KANAPY Design Studio","url":"https:\/\/kanapy.sk\/eshop\/","logo":{"@type":"ImageObject","inLanguage":"sk-SK","@id":"https:\/\/kanapy.sk\/eshop\/#\/schema\/logo\/image\/","url":"https:\/\/kanapy.sk\/eshop\/wp-content\/uploads\/2024\/10\/Kanapy-primary-RGB-color.jpg","contentUrl":"https:\/\/kanapy.sk\/eshop\/wp-content\/uploads\/2024\/10\/Kanapy-primary-RGB-color.jpg","width":600,"height":215,"caption":"KA-NA-PY interi\u00e9r, s.r.o."},"image":{"@id":"https:\/\/kanapy.sk\/eshop\/#\/schema\/logo\/image\/"},"sameAs":["https:\/\/sk-sk.facebook.com\/kanapyinterier","http:\/\/instagram.com\/kanapy_trnava\/"]}]}},"jetpack_sharing_enabled":true,"jetpack_shortlink":"https:\/\/wp.me\/P9Py1F-211","_links":{"self":[{"href":"https:\/\/kanapy.sk\/eshop\/wp-json\/wp\/v2\/pages\/7751","targetHints":{"allow":["GET"]}}],"collection":[{"href":"https:\/\/kanapy.sk\/eshop\/wp-json\/wp\/v2\/pages"}],"about":[{"href":"https:\/\/kanapy.sk\/eshop\/wp-json\/wp\/v2\/types\/page"}],"author":[{"embeddable":true,"href":"https:\/\/kanapy.sk\/eshop\/wp-json\/wp\/v2\/users\/3"}],"replies":[{"embeddable":true,"href":"https:\/\/kanapy.sk\/eshop\/wp-json\/wp\/v2\/comments?post=7751"}],"version-history":[{"count":32,"href":"https:\/\/kanapy.sk\/eshop\/wp-json\/wp\/v2\/pages\/7751\/revisions"}],"predecessor-version":[{"id":25447,"href":"https:\/\/kanapy.sk\/eshop\/wp-json\/wp\/v2\/pages\/7751\/revisions\/25447"}],"wp:attachment":[{"href":"https:\/\/kanapy.sk\/eshop\/wp-json\/wp\/v2\/media?parent=7751"}],"curies":[{"name":"wp","href":"https:\/\/api.w.org\/{rel}","templated":true}]}}