{"id":7753,"date":"2022-04-07T10:39:40","date_gmt":"2022-04-07T08:39:40","guid":{"rendered":"https:\/\/kanapy.sk\/eshop\/?page_id=7753"},"modified":"2024-10-25T09:18:18","modified_gmt":"2024-10-25T07:18:18","slug":"pvc","status":"publish","type":"page","link":"https:\/\/kanapy.sk\/eshop\/pvc\/","title":{"rendered":"PVC"},"content":{"rendered":"<div class=\"wpb-content-wrapper\"><p>[vc_row full_width=&#8221;stretch_row_content_no_spaces&#8221; woodmart_css_id=&#8221;6255666d635e4&#8243; mobile_bg_img_hidden=&#8221;no&#8221; tablet_bg_img_hidden=&#8221;no&#8221; woodmart_parallax=&#8221;0&#8243; woodmart_gradient_switch=&#8221;no&#8221; woodmart_box_shadow=&#8221;no&#8221; wd_z_index=&#8221;no&#8221; woodmart_disable_overflow=&#8221;0&#8243; row_reverse_mobile=&#8221;0&#8243; row_reverse_tablet=&#8221;0&#8243;][vc_column]\n\t\t<div id=\"wd-626a998440008\" class=\"title-wrapper wd-wpb wd-set-mb reset-last-child  wd-rs-626a998440008 wd-title-color-default wd-title-style-bordered text-center  wd-underline-colored\">\n\t\t\t\n\t\t\t<div class=\"liner-continer\">\n\t\t\t\t<h4 class=\"woodmart-title-container title  wd-font-weight- wd-fontsize-xl\" >PVC<\/h4>\n\t\t\t\t\t\t\t<\/div>\n\t\t\t\n\t\t\t\n\t\t\t\n\t\t<\/div>\n\t\t\n\t\t[vc_hoverbox image=&#8221;8689&#8243; primary_title=&#8221;&#8221; hover_title=&#8221;&#8221; hover_background_color=&#8221;custom&#8221; css=&#8221;.vc_custom_1727936099101{margin-bottom: 30px !important;}&#8221; hover_custom_background=&#8221;#e6aa78&#8243;]<\/p>\n<p>PVC rozde\u013eujeme pod\u013ea sp\u00f4sobu v\u00fdroby a technol\u00f3gie spracovania na homog\u00e9nne a heterog\u00e9nne. Homog\u00e9nne PVC je pravidelne sfarben\u00e9 v celej svojej hr\u00fabke, heterog\u00e9nne je tvoren\u00e9 z viacer\u00fdch vrstiev &#8211; z\u00e1kladnej, dekorat\u00edvnej a transparentnej ochrannej. Nov\u00fdm trendom s\u00fa dizajnov\u00e9 vinylov\u00e9 podlahy, ktor\u00e9 imituj\u00fa drevo, kame\u0148 alebo kov. V na\u0161ej ponuke n\u00e1jdete PVC v roliach alebo vinylov\u00e9 podlahy s Click syst\u00e9mom.<\/p>\n<p>&nbsp;<\/p>\n<p>[\/vc_hoverbox][\/vc_column][\/vc_row][vc_row][vc_column][vc_column_text woodmart_inline=&#8221;no&#8221; text_larger=&#8221;no&#8221;]\u00a0[\/vc_column_text][\/vc_column][\/vc_row][vc_row css=&#8221;.vc_custom_1649765374972{margin-top: 0px !important;}&#8221; woodmart_css_id=&#8221;62556bfc45505&#8243; mobile_bg_img_hidden=&#8221;no&#8221; tablet_bg_img_hidden=&#8221;no&#8221; woodmart_parallax=&#8221;0&#8243; woodmart_gradient_switch=&#8221;no&#8221; woodmart_box_shadow=&#8221;no&#8221; wd_z_index=&#8221;no&#8221; woodmart_disable_overflow=&#8221;0&#8243; row_reverse_mobile=&#8221;0&#8243; row_reverse_tablet=&#8221;0&#8243;][vc_column]\n\t\t<div id=\"wd-66fe571bb31f8\" class=\"title-wrapper wd-wpb wd-set-mb reset-last-child  wd-rs-66fe571bb31f8 wd-title-color-default wd-title-style-default text-center  wd-underline-colored\">\n\t\t\t\n\t\t\t<div class=\"liner-continer\">\n\t\t\t\t<h4 class=\"woodmart-title-container title  wd-font-weight- wd-fontsize-l\" >N\u00e1jdete u n\u00e1s:<\/h4>\n\t\t\t\t\t\t\t<\/div>\n\t\t\t\n\t\t\t\n\t\t\t\n\t\t<\/div>\n\t\t\n\t\t[\/vc_column][\/vc_row][vc_row css=&#8221;.vc_custom_1649764153237{margin-bottom: 200px !important;}&#8221; woodmart_css_id=&#8221;6255673867955&#8243; mobile_bg_img_hidden=&#8221;no&#8221; tablet_bg_img_hidden=&#8221;no&#8221; woodmart_parallax=&#8221;0&#8243; woodmart_gradient_switch=&#8221;no&#8221; woodmart_box_shadow=&#8221;no&#8221; wd_z_index=&#8221;no&#8221; woodmart_disable_overflow=&#8221;0&#8243; row_reverse_mobile=&#8221;0&#8243; row_reverse_tablet=&#8221;0&#8243;][vc_column width=&#8221;1\/5&#8243;][vc_column_text woodmart_inline=&#8221;no&#8221; text_larger=&#8221;no&#8221; css=&#8221;.vc_custom_1651672615144{margin-top: -5px !important;}&#8221;]<a href=\"https:\/\/kanapy.sk\/eshop\/wp-content\/uploads\/2022\/04\/Gerflor-vsetko.pdf\"><img loading=\"lazy\" decoding=\"async\" class=\" wp-image-8015 aligncenter\" src=\"https:\/\/kanapy.sk\/eshop\/wp-content\/uploads\/2022\/04\/Gerflor-Logo-1-300x188.jpg\" alt=\"Gerflor\" width=\"193\" height=\"121\" srcset=\"https:\/\/kanapy.sk\/eshop\/wp-content\/uploads\/2022\/04\/Gerflor-Logo-1-300x188.jpg 300w, https:\/\/kanapy.sk\/eshop\/wp-content\/uploads\/2022\/04\/Gerflor-Logo-1-768x480.jpg 768w, https:\/\/kanapy.sk\/eshop\/wp-content\/uploads\/2022\/04\/Gerflor-Logo-1-150x94.jpg 150w, https:\/\/kanapy.sk\/eshop\/wp-content\/uploads\/2022\/04\/Gerflor-Logo-1.jpg 800w\" sizes=\"auto, (max-width: 193px) 100vw, 193px\" \/><\/a>[\/vc_column_text][\/vc_column][vc_column width=&#8221;1\/5&#8243;][vc_column_text woodmart_inline=&#8221;no&#8221; text_larger=&#8221;no&#8221;]<a href=\"https:\/\/kanapy.sk\/eshop\/wp-content\/uploads\/2022\/04\/TARKETT-Product-catalogue-PDF-vsetko.pdf\"><img loading=\"lazy\" decoding=\"async\" class=\"wp-image-8000 aligncenter\" src=\"https:\/\/kanapy.sk\/eshop\/wp-content\/uploads\/2022\/04\/Tarkett-logo-blauw-1820-x-830-300x137.jpg\" alt=\"Tarkett\" width=\"204\" height=\"93\" srcset=\"https:\/\/kanapy.sk\/eshop\/wp-content\/uploads\/2022\/04\/Tarkett-logo-blauw-1820-x-830-300x137.jpg 300w, https:\/\/kanapy.sk\/eshop\/wp-content\/uploads\/2022\/04\/Tarkett-logo-blauw-1820-x-830-768x350.jpg 768w, https:\/\/kanapy.sk\/eshop\/wp-content\/uploads\/2022\/04\/Tarkett-logo-blauw-1820-x-830-150x68.jpg 150w, https:\/\/kanapy.sk\/eshop\/wp-content\/uploads\/2022\/04\/Tarkett-logo-blauw-1820-x-830.jpg 900w\" sizes=\"auto, (max-width: 204px) 100vw, 204px\" \/><\/a>[\/vc_column_text][\/vc_column][vc_column width=&#8221;1\/5&#8243;][\/vc_column][vc_column width=&#8221;1\/5&#8243;][\/vc_column][vc_column width=&#8221;1\/5&#8243;][\/vc_column][\/vc_row][vc_row][vc_column][vc_separator color=&#8221;custom&#8221; accent_color=&#8221;#e6aa78&#8243; wd_hide_on_desktop=&#8221;no&#8221; wd_hide_on_tablet=&#8221;no&#8221; wd_hide_on_mobile=&#8221;no&#8221;][\/vc_column][\/vc_row][vc_row][vc_column][vc_column_text woodmart_inline=&#8221;no&#8221; text_larger=&#8221;no&#8221;]<span style=\"color: #1b3a32;\">Bli\u017e\u0161ie inform\u00e1cie k produktom V\u00e1m poskytneme na na\u0161om showroome, emailom alebo telefonicky.<\/span><\/p>\n<p><span style=\"color: #1b3a32;\">Nev\u00e1hajte n\u00e1s kontaktova\u0165!<\/span>[\/vc_column_text][\/vc_column][\/vc_row]<\/p>\n<\/div>","protected":false},"excerpt":{"rendered":"<p>[vc_row full_width=&#8221;stretch_row_content_no_spaces&#8221; woodmart_css_id=&#8221;6255666d635e4&#8243; mobile_bg_img_hidden=&#8221;no&#8221; tablet_bg_img_hidden=&#8221;no&#8221; woodmart_parallax=&#8221;0&#8243; woodmart_gradient_switch=&#8221;no&#8221; woodmart_box_shadow=&#8221;no&#8221; wd_z_index=&#8221;no&#8221; woodmart_disable_overflow=&#8221;0&#8243; row_reverse_mobile=&#8221;0&#8243; row_reverse_tablet=&#8221;0&#8243;][vc_column][vc_hoverbox image=&#8221;8689&#8243; primary_title=&#8221;&#8221; hover_title=&#8221;&#8221; hover_background_color=&#8221;custom&#8221; css=&#8221;.vc_custom_1727936099101{margin-bottom: 30px !important;}&#8221; hover_custom_background=&#8221;#e6aa78&#8243;]<\/p>\n","protected":false},"author":3,"featured_media":8689,"parent":0,"menu_order":0,"comment_status":"closed","ping_status":"closed","template":"","meta":{"jetpack_post_was_ever_published":false,"footnotes":""},"class_list":["post-7753","page","type-page","status-publish","has-post-thumbnail","hentry"],"yoast_head":"<!-- This site is optimized with the Yoast SEO plugin v26.0 - https:\/\/yoast.com\/wordpress\/plugins\/seo\/ -->\n<title>PVC - KANAPY interi\u00e9r<\/title>\n<meta name=\"description\" content=\"KANAPY interi\u00e9r- H\u013ead\u00e1te odoln\u00e9 materi\u00e1ly do vy\u0165a\u017een\u00fdch priestorov? Nav\u0161t\u00edvte n\u00e1\u0161 showroom a vyberte si zo \u0161irokej ponuky PVC podl\u00e1h. Pon\u00fa....\" \/>\n<meta name=\"robots\" content=\"index, follow, max-snippet:-1, max-image-preview:large, max-video-preview:-1\" \/>\n<link rel=\"canonical\" href=\"https:\/\/kanapy.sk\/eshop\/pvc\/\" \/>\n<meta property=\"og:locale\" content=\"sk_SK\" \/>\n<meta property=\"og:type\" content=\"article\" \/>\n<meta property=\"og:title\" content=\"PVC - KANAPY interi\u00e9r\" \/>\n<meta property=\"og:description\" content=\"KANAPY interi\u00e9r- H\u013ead\u00e1te odoln\u00e9 materi\u00e1ly do vy\u0165a\u017een\u00fdch priestorov? Nav\u0161t\u00edvte n\u00e1\u0161 showroom a vyberte si zo \u0161irokej ponuky PVC podl\u00e1h. Pon\u00fa....\" \/>\n<meta property=\"og:url\" content=\"https:\/\/kanapy.sk\/eshop\/pvc\/\" \/>\n<meta property=\"og:site_name\" content=\"KANAPY design studio\" \/>\n<meta property=\"article:publisher\" content=\"https:\/\/sk-sk.facebook.com\/kanapyinterier\" \/>\n<meta property=\"article:modified_time\" content=\"2024-10-25T07:18:18+00:00\" \/>\n<meta property=\"og:image\" content=\"https:\/\/kanapy.sk\/eshop\/wp-content\/uploads\/2022\/04\/pvc-vinyl-floors-800x445-1.jpg\" \/>\n\t<meta property=\"og:image:width\" content=\"800\" \/>\n\t<meta property=\"og:image:height\" content=\"445\" \/>\n\t<meta property=\"og:image:type\" content=\"image\/jpeg\" \/>\n<meta name=\"twitter:card\" content=\"summary_large_image\" \/>\n<meta name=\"twitter:label1\" content=\"Predpokladan\u00fd \u010das \u010d\u00edtania\" \/>\n\t<meta name=\"twitter:data1\" content=\"2 min\u00faty\" \/>\n<script type=\"application\/ld+json\" class=\"yoast-schema-graph\">{\"@context\":\"https:\/\/schema.org\",\"@graph\":[{\"@type\":\"WebPage\",\"@id\":\"https:\/\/kanapy.sk\/eshop\/pvc\/\",\"url\":\"https:\/\/kanapy.sk\/eshop\/pvc\/\",\"name\":\"PVC - KANAPY interi\u00e9r\",\"isPartOf\":{\"@id\":\"https:\/\/kanapy.sk\/eshop\/#website\"},\"primaryImageOfPage\":{\"@id\":\"https:\/\/kanapy.sk\/eshop\/pvc\/#primaryimage\"},\"image\":{\"@id\":\"https:\/\/kanapy.sk\/eshop\/pvc\/#primaryimage\"},\"thumbnailUrl\":\"https:\/\/kanapy.sk\/eshop\/wp-content\/uploads\/2022\/04\/pvc-vinyl-floors-800x445-1.jpg\",\"datePublished\":\"2022-04-07T08:39:40+00:00\",\"dateModified\":\"2024-10-25T07:18:18+00:00\",\"description\":\"KANAPY interi\u00e9r- H\u013ead\u00e1te odoln\u00e9 materi\u00e1ly do vy\u0165a\u017een\u00fdch priestorov? Nav\u0161t\u00edvte n\u00e1\u0161 showroom a vyberte si zo \u0161irokej ponuky PVC podl\u00e1h. Pon\u00fa....\",\"breadcrumb\":{\"@id\":\"https:\/\/kanapy.sk\/eshop\/pvc\/#breadcrumb\"},\"inLanguage\":\"sk-SK\",\"potentialAction\":[{\"@type\":\"ReadAction\",\"target\":[\"https:\/\/kanapy.sk\/eshop\/pvc\/\"]}]},{\"@type\":\"ImageObject\",\"inLanguage\":\"sk-SK\",\"@id\":\"https:\/\/kanapy.sk\/eshop\/pvc\/#primaryimage\",\"url\":\"https:\/\/kanapy.sk\/eshop\/wp-content\/uploads\/2022\/04\/pvc-vinyl-floors-800x445-1.jpg\",\"contentUrl\":\"https:\/\/kanapy.sk\/eshop\/wp-content\/uploads\/2022\/04\/pvc-vinyl-floors-800x445-1.jpg\",\"width\":800,\"height\":445,\"caption\":\"KANAPY Interi\u00e9r portf\u00f3lio PVC\"},{\"@type\":\"BreadcrumbList\",\"@id\":\"https:\/\/kanapy.sk\/eshop\/pvc\/#breadcrumb\",\"itemListElement\":[{\"@type\":\"ListItem\",\"position\":1,\"name\":\"Domovsk\u00e1 str\u00e1nka\",\"item\":\"https:\/\/kanapy.sk\/eshop\/\"},{\"@type\":\"ListItem\",\"position\":2,\"name\":\"PVC\"}]},{\"@type\":\"WebSite\",\"@id\":\"https:\/\/kanapy.sk\/eshop\/#website\",\"url\":\"https:\/\/kanapy.sk\/eshop\/\",\"name\":\"KANAPY design studio\",\"description\":\"Aby ste sa domov te\u0161ili\",\"publisher\":{\"@id\":\"https:\/\/kanapy.sk\/eshop\/#organization\"},\"alternateName\":\"KAKAPY interi\u00e9r\",\"potentialAction\":[{\"@type\":\"SearchAction\",\"target\":{\"@type\":\"EntryPoint\",\"urlTemplate\":\"https:\/\/kanapy.sk\/eshop\/?s={search_term_string}\"},\"query-input\":{\"@type\":\"PropertyValueSpecification\",\"valueRequired\":true,\"valueName\":\"search_term_string\"}}],\"inLanguage\":\"sk-SK\"},{\"@type\":\"Organization\",\"@id\":\"https:\/\/kanapy.sk\/eshop\/#organization\",\"name\":\"KA-NA-PY interi\u00e9r, s.r.o.\",\"alternateName\":\"KANAPY Design Studio\",\"url\":\"https:\/\/kanapy.sk\/eshop\/\",\"logo\":{\"@type\":\"ImageObject\",\"inLanguage\":\"sk-SK\",\"@id\":\"https:\/\/kanapy.sk\/eshop\/#\/schema\/logo\/image\/\",\"url\":\"https:\/\/kanapy.sk\/eshop\/wp-content\/uploads\/2024\/10\/Kanapy-primary-RGB-color.jpg\",\"contentUrl\":\"https:\/\/kanapy.sk\/eshop\/wp-content\/uploads\/2024\/10\/Kanapy-primary-RGB-color.jpg\",\"width\":600,\"height\":215,\"caption\":\"KA-NA-PY interi\u00e9r, s.r.o.\"},\"image\":{\"@id\":\"https:\/\/kanapy.sk\/eshop\/#\/schema\/logo\/image\/\"},\"sameAs\":[\"https:\/\/sk-sk.facebook.com\/kanapyinterier\",\"http:\/\/instagram.com\/kanapy_trnava\/\"]}]}<\/script>\n<!-- \/ Yoast SEO plugin. -->","yoast_head_json":{"title":"PVC - KANAPY interi\u00e9r","description":"KANAPY interi\u00e9r- H\u013ead\u00e1te odoln\u00e9 materi\u00e1ly do vy\u0165a\u017een\u00fdch priestorov? Nav\u0161t\u00edvte n\u00e1\u0161 showroom a vyberte si zo \u0161irokej ponuky PVC podl\u00e1h. Pon\u00fa....","robots":{"index":"index","follow":"follow","max-snippet":"max-snippet:-1","max-image-preview":"max-image-preview:large","max-video-preview":"max-video-preview:-1"},"canonical":"https:\/\/kanapy.sk\/eshop\/pvc\/","og_locale":"sk_SK","og_type":"article","og_title":"PVC - KANAPY interi\u00e9r","og_description":"KANAPY interi\u00e9r- H\u013ead\u00e1te odoln\u00e9 materi\u00e1ly do vy\u0165a\u017een\u00fdch priestorov? Nav\u0161t\u00edvte n\u00e1\u0161 showroom a vyberte si zo \u0161irokej ponuky PVC podl\u00e1h. Pon\u00fa....","og_url":"https:\/\/kanapy.sk\/eshop\/pvc\/","og_site_name":"KANAPY design studio","article_publisher":"https:\/\/sk-sk.facebook.com\/kanapyinterier","article_modified_time":"2024-10-25T07:18:18+00:00","og_image":[{"width":800,"height":445,"url":"https:\/\/kanapy.sk\/eshop\/wp-content\/uploads\/2022\/04\/pvc-vinyl-floors-800x445-1.jpg","type":"image\/jpeg"}],"twitter_card":"summary_large_image","twitter_misc":{"Predpokladan\u00fd \u010das \u010d\u00edtania":"2 min\u00faty"},"schema":{"@context":"https:\/\/schema.org","@graph":[{"@type":"WebPage","@id":"https:\/\/kanapy.sk\/eshop\/pvc\/","url":"https:\/\/kanapy.sk\/eshop\/pvc\/","name":"PVC - KANAPY interi\u00e9r","isPartOf":{"@id":"https:\/\/kanapy.sk\/eshop\/#website"},"primaryImageOfPage":{"@id":"https:\/\/kanapy.sk\/eshop\/pvc\/#primaryimage"},"image":{"@id":"https:\/\/kanapy.sk\/eshop\/pvc\/#primaryimage"},"thumbnailUrl":"https:\/\/kanapy.sk\/eshop\/wp-content\/uploads\/2022\/04\/pvc-vinyl-floors-800x445-1.jpg","datePublished":"2022-04-07T08:39:40+00:00","dateModified":"2024-10-25T07:18:18+00:00","description":"KANAPY interi\u00e9r- H\u013ead\u00e1te odoln\u00e9 materi\u00e1ly do vy\u0165a\u017een\u00fdch priestorov? Nav\u0161t\u00edvte n\u00e1\u0161 showroom a vyberte si zo \u0161irokej ponuky PVC podl\u00e1h. Pon\u00fa....","breadcrumb":{"@id":"https:\/\/kanapy.sk\/eshop\/pvc\/#breadcrumb"},"inLanguage":"sk-SK","potentialAction":[{"@type":"ReadAction","target":["https:\/\/kanapy.sk\/eshop\/pvc\/"]}]},{"@type":"ImageObject","inLanguage":"sk-SK","@id":"https:\/\/kanapy.sk\/eshop\/pvc\/#primaryimage","url":"https:\/\/kanapy.sk\/eshop\/wp-content\/uploads\/2022\/04\/pvc-vinyl-floors-800x445-1.jpg","contentUrl":"https:\/\/kanapy.sk\/eshop\/wp-content\/uploads\/2022\/04\/pvc-vinyl-floors-800x445-1.jpg","width":800,"height":445,"caption":"KANAPY Interi\u00e9r portf\u00f3lio PVC"},{"@type":"BreadcrumbList","@id":"https:\/\/kanapy.sk\/eshop\/pvc\/#breadcrumb","itemListElement":[{"@type":"ListItem","position":1,"name":"Domovsk\u00e1 str\u00e1nka","item":"https:\/\/kanapy.sk\/eshop\/"},{"@type":"ListItem","position":2,"name":"PVC"}]},{"@type":"WebSite","@id":"https:\/\/kanapy.sk\/eshop\/#website","url":"https:\/\/kanapy.sk\/eshop\/","name":"KANAPY design studio","description":"Aby ste sa domov te\u0161ili","publisher":{"@id":"https:\/\/kanapy.sk\/eshop\/#organization"},"alternateName":"KAKAPY interi\u00e9r","potentialAction":[{"@type":"SearchAction","target":{"@type":"EntryPoint","urlTemplate":"https:\/\/kanapy.sk\/eshop\/?s={search_term_string}"},"query-input":{"@type":"PropertyValueSpecification","valueRequired":true,"valueName":"search_term_string"}}],"inLanguage":"sk-SK"},{"@type":"Organization","@id":"https:\/\/kanapy.sk\/eshop\/#organization","name":"KA-NA-PY interi\u00e9r, s.r.o.","alternateName":"KANAPY Design Studio","url":"https:\/\/kanapy.sk\/eshop\/","logo":{"@type":"ImageObject","inLanguage":"sk-SK","@id":"https:\/\/kanapy.sk\/eshop\/#\/schema\/logo\/image\/","url":"https:\/\/kanapy.sk\/eshop\/wp-content\/uploads\/2024\/10\/Kanapy-primary-RGB-color.jpg","contentUrl":"https:\/\/kanapy.sk\/eshop\/wp-content\/uploads\/2024\/10\/Kanapy-primary-RGB-color.jpg","width":600,"height":215,"caption":"KA-NA-PY interi\u00e9r, s.r.o."},"image":{"@id":"https:\/\/kanapy.sk\/eshop\/#\/schema\/logo\/image\/"},"sameAs":["https:\/\/sk-sk.facebook.com\/kanapyinterier","http:\/\/instagram.com\/kanapy_trnava\/"]}]}},"jetpack_sharing_enabled":true,"jetpack_shortlink":"https:\/\/wp.me\/P9Py1F-213","_links":{"self":[{"href":"https:\/\/kanapy.sk\/eshop\/wp-json\/wp\/v2\/pages\/7753","targetHints":{"allow":["GET"]}}],"collection":[{"href":"https:\/\/kanapy.sk\/eshop\/wp-json\/wp\/v2\/pages"}],"about":[{"href":"https:\/\/kanapy.sk\/eshop\/wp-json\/wp\/v2\/types\/page"}],"author":[{"embeddable":true,"href":"https:\/\/kanapy.sk\/eshop\/wp-json\/wp\/v2\/users\/3"}],"replies":[{"embeddable":true,"href":"https:\/\/kanapy.sk\/eshop\/wp-json\/wp\/v2\/comments?post=7753"}],"version-history":[{"count":22,"href":"https:\/\/kanapy.sk\/eshop\/wp-json\/wp\/v2\/pages\/7753\/revisions"}],"predecessor-version":[{"id":25448,"href":"https:\/\/kanapy.sk\/eshop\/wp-json\/wp\/v2\/pages\/7753\/revisions\/25448"}],"wp:featuredmedia":[{"embeddable":true,"href":"https:\/\/kanapy.sk\/eshop\/wp-json\/wp\/v2\/media\/8689"}],"wp:attachment":[{"href":"https:\/\/kanapy.sk\/eshop\/wp-json\/wp\/v2\/media?parent=7753"}],"curies":[{"name":"wp","href":"https:\/\/api.w.org\/{rel}","templated":true}]}}