{"id":7776,"date":"2022-04-07T10:52:58","date_gmt":"2022-04-07T08:52:58","guid":{"rendered":"https:\/\/kanapy.sk\/eshop\/?page_id=7776"},"modified":"2024-10-25T09:52:31","modified_gmt":"2024-10-25T07:52:31","slug":"zaclony-a-zavesy","status":"publish","type":"page","link":"https:\/\/kanapy.sk\/eshop\/zaclony-a-zavesy\/","title":{"rendered":"Z\u00e1clony a z\u00e1vesy"},"content":{"rendered":"<div class=\"wpb-content-wrapper\"><p>[vc_row][vc_column]\n\t\t<div id=\"wd-626a9c6d87d4e\" class=\"title-wrapper wd-wpb wd-set-mb reset-last-child  wd-rs-626a9c6d87d4e wd-title-color-default wd-title-style-bordered text-center  wd-underline-colored\">\n\t\t\t\n\t\t\t<div class=\"liner-continer\">\n\t\t\t\t<h4 class=\"woodmart-title-container title  wd-font-weight- wd-fontsize-xl\" >Z\u00e1vesy a z\u00e1clony<\/h4>\n\t\t\t\t\t\t\t<\/div>\n\t\t\t\n\t\t\t\n\t\t\t\n\t\t<\/div>\n\t\t\n\t\t[\/vc_column][\/vc_row][vc_row full_width=&#8221;stretch_row_content_no_spaces&#8221; woodmart_css_id=&#8221;62557aab0523e&#8221; mobile_bg_img_hidden=&#8221;no&#8221; tablet_bg_img_hidden=&#8221;no&#8221; woodmart_parallax=&#8221;0&#8243; woodmart_gradient_switch=&#8221;no&#8221; woodmart_box_shadow=&#8221;no&#8221; wd_z_index=&#8221;no&#8221; woodmart_disable_overflow=&#8221;0&#8243; row_reverse_mobile=&#8221;0&#8243; row_reverse_tablet=&#8221;0&#8243; css=&#8221;.vc_custom_1649769136900{margin-bottom: 50px !important;}&#8221;][vc_column][vc_hoverbox image=&#8221;8674&#8243; primary_title=&#8221;&#8221; hover_title=&#8221;&#8221; hover_background_color=&#8221;custom&#8221; hover_custom_background=&#8221;#e6aa78&#8243;]<\/p>\n<p>Funkciou z\u00e1clon a z\u00e1vesov\u00a0je harmonicky dotvori\u0165 a z\u00fatulni\u0165\u00a0priestor.<br \/>\nV na\u0161ej predajni\u00a0n\u00e1jdete trendov\u00e9 kolekcie vzoriek z\u00e1clon a z\u00e1vesov, ktor\u00e9 dok\u00e1\u017eu vyhovie\u0165 Va\u0161im najr\u00f4znej\u0161\u00edm po\u017eiadavk\u00e1m a n\u00e1rokom.<\/p>\n<p>S\u00fa\u010das\u0165ou na\u0161ej ponuky s\u00fa aj z\u00e1vesn\u00e9 syst\u00e9my r\u00f4znych druhov,\u00a0roletov\u00e9\u00a0syst\u00e9mov, japonsk\u00e9\u00a0steny a in\u00e9.<\/p>\n<p>Pon\u00fakame V\u00e1m \u0161itie na mieru a v pr\u00edpade z\u00e1ujmu taktie\u017e mont\u00e1\u017e z\u00e1vesn\u00fdch syst\u00e9mov a in\u0161tal\u00e1ciu u\u0161it\u00fdch text\u00edli\u00ed priamo u V\u00e1s.<\/p>\n<p>[\/vc_hoverbox][\/vc_column][\/vc_row][vc_row css=&#8221;.vc_custom_1650144560987{margin-top: 30px !important;margin-bottom: 40px !important;}&#8221; woodmart_css_id=&#8221;625b35278b559&#8243; mobile_bg_img_hidden=&#8221;no&#8221; tablet_bg_img_hidden=&#8221;no&#8221; woodmart_parallax=&#8221;0&#8243; woodmart_gradient_switch=&#8221;no&#8221; woodmart_box_shadow=&#8221;no&#8221; wd_z_index=&#8221;no&#8221; woodmart_disable_overflow=&#8221;0&#8243; row_reverse_mobile=&#8221;0&#8243; row_reverse_tablet=&#8221;0&#8243;][vc_column]\n\t\t<div id=\"wd-66fe5908d9725\" class=\"title-wrapper wd-wpb wd-set-mb reset-last-child  wd-rs-66fe5908d9725 wd-title-color-default wd-title-style-default text-center  wd-underline-colored\">\n\t\t\t\n\t\t\t<div class=\"liner-continer\">\n\t\t\t\t<h4 class=\"woodmart-title-container title  wd-font-weight- wd-fontsize-l\" >N\u00e1jdete u n\u00e1s:<\/h4>\n\t\t\t\t\t\t\t<\/div>\n\t\t\t\n\t\t\t\n\t\t\t\n\t\t<\/div>\n\t\t\n\t\t[\/vc_column][\/vc_row][vc_row][vc_column width=&#8221;1\/5&#8243;][vc_column_text woodmart_inline=&#8221;no&#8221; text_larger=&#8221;no&#8221; css=&#8221;.vc_custom_1651673507024{margin-top: 10px !important;margin-left: 40px !important;}&#8221;]<a href=\"https:\/\/kanapy.sk\/eshop\/wp-content\/uploads\/2022\/04\/JAB-koberce-katalog.pdf\"><img loading=\"lazy\" decoding=\"async\" class=\" wp-image-8026 aligncenter\" src=\"https:\/\/kanapy.sk\/eshop\/wp-content\/uploads\/2022\/04\/jab-logo.png\" alt=\"JAB\" width=\"126\" height=\"68\" srcset=\"https:\/\/kanapy.sk\/eshop\/wp-content\/uploads\/2022\/04\/jab-logo.png 300w, https:\/\/kanapy.sk\/eshop\/wp-content\/uploads\/2022\/04\/jab-logo-150x81.png 150w\" sizes=\"auto, (max-width: 126px) 100vw, 126px\" \/><\/a>[\/vc_column_text][\/vc_column][vc_column width=&#8221;1\/5&#8243;][vc_column_text woodmart_inline=&#8221;no&#8221; text_larger=&#8221;no&#8221;]<a href=\"https:\/\/kanapy.sk\/eshop\/wp-content\/uploads\/2022\/05\/Eurofirany-zaclony-.pdf\"><img loading=\"lazy\" decoding=\"async\" class=\" wp-image-8268 aligncenter\" src=\"https:\/\/kanapy.sk\/eshop\/wp-content\/uploads\/2022\/04\/eurofirany-logo-300x141.jpg\" alt=\"eurofirany \" width=\"189\" height=\"89\" srcset=\"https:\/\/kanapy.sk\/eshop\/wp-content\/uploads\/2022\/04\/eurofirany-logo-300x141.jpg 300w, https:\/\/kanapy.sk\/eshop\/wp-content\/uploads\/2022\/04\/eurofirany-logo-150x70.jpg 150w, https:\/\/kanapy.sk\/eshop\/wp-content\/uploads\/2022\/04\/eurofirany-logo.jpg 428w\" sizes=\"auto, (max-width: 189px) 100vw, 189px\" \/><\/a>[\/vc_column_text][\/vc_column][vc_column width=&#8221;1\/5&#8243;][vc_column_text woodmart_inline=&#8221;no&#8221; text_larger=&#8221;no&#8221; css=&#8221;.vc_custom_1651673525480{margin-top: 5px !important;}&#8221;]<a href=\"https:\/\/kanapy.sk\/eshop\/wp-content\/uploads\/2022\/04\/Gerster-zaclon.pdf\"><img loading=\"lazy\" decoding=\"async\" class=\" wp-image-8269 aligncenter\" src=\"https:\/\/kanapy.sk\/eshop\/wp-content\/uploads\/2022\/04\/Logo_Gustav_Gerster.svg-300x120.png\" alt=\"Gerster \" width=\"168\" height=\"68\" srcset=\"https:\/\/kanapy.sk\/eshop\/wp-content\/uploads\/2022\/04\/Logo_Gustav_Gerster.svg-300x120.png 300w, https:\/\/kanapy.sk\/eshop\/wp-content\/uploads\/2022\/04\/Logo_Gustav_Gerster.svg-150x60.png 150w, https:\/\/kanapy.sk\/eshop\/wp-content\/uploads\/2022\/04\/Logo_Gustav_Gerster.svg.png 500w\" sizes=\"auto, (max-width: 168px) 100vw, 168px\" \/><\/a>[\/vc_column_text][\/vc_column][vc_column width=&#8221;1\/5&#8243;][vc_column_text woodmart_inline=&#8221;no&#8221; text_larger=&#8221;no&#8221;]<img loading=\"lazy\" decoding=\"async\" class=\" wp-image-8270 aligncenter\" src=\"https:\/\/kanapy.sk\/eshop\/wp-content\/uploads\/2022\/04\/laguna.-logo-300x152.jpg\" alt=\"laguna textil\" width=\"158\" height=\"80\" srcset=\"https:\/\/kanapy.sk\/eshop\/wp-content\/uploads\/2022\/04\/laguna.-logo-300x152.jpg 300w, https:\/\/kanapy.sk\/eshop\/wp-content\/uploads\/2022\/04\/laguna.-logo-150x76.jpg 150w, https:\/\/kanapy.sk\/eshop\/wp-content\/uploads\/2022\/04\/laguna.-logo.jpg 500w\" sizes=\"auto, (max-width: 158px) 100vw, 158px\" \/>[\/vc_column_text][\/vc_column][vc_column width=&#8221;1\/5&#8243;][vc_column_text woodmart_inline=&#8221;no&#8221; text_larger=&#8221;no&#8221; css=&#8221;.vc_custom_1651673543055{margin-top: 10px !important;margin-left: -5px !important;}&#8221;]<a href=\"https:\/\/kanapy.sk\/eshop\/wp-content\/uploads\/2022\/04\/Rovitex-zavesy.pdf\"><img loading=\"lazy\" decoding=\"async\" class=\" wp-image-8271 aligncenter\" src=\"https:\/\/kanapy.sk\/eshop\/wp-content\/uploads\/2022\/04\/rovitex.-logo-300x75.jpg\" alt=\"rovitex\" width=\"160\" height=\"40\" srcset=\"https:\/\/kanapy.sk\/eshop\/wp-content\/uploads\/2022\/04\/rovitex.-logo-300x75.jpg 300w, https:\/\/kanapy.sk\/eshop\/wp-content\/uploads\/2022\/04\/rovitex.-logo-150x37.jpg 150w, https:\/\/kanapy.sk\/eshop\/wp-content\/uploads\/2022\/04\/rovitex.-logo.jpg 451w\" sizes=\"auto, (max-width: 160px) 100vw, 160px\" \/><\/a>[\/vc_column_text][\/vc_column][\/vc_row][vc_row css=&#8221;.vc_custom_1650371771394{margin-top: 30px !important;margin-bottom: 200px !important;}&#8221; woodmart_css_id=&#8221;625eacb70f9d8&#8243; mobile_bg_img_hidden=&#8221;no&#8221; tablet_bg_img_hidden=&#8221;no&#8221; woodmart_parallax=&#8221;0&#8243; woodmart_gradient_switch=&#8221;no&#8221; woodmart_box_shadow=&#8221;no&#8221; wd_z_index=&#8221;no&#8221; woodmart_disable_overflow=&#8221;0&#8243; row_reverse_mobile=&#8221;0&#8243; row_reverse_tablet=&#8221;0&#8243;][vc_column width=&#8221;1\/5&#8243;][vc_column_text woodmart_inline=&#8221;no&#8221; text_larger=&#8221;no&#8221; css=&#8221;.vc_custom_1651673553990{margin-left: 40px !important;}&#8221;]<img loading=\"lazy\" decoding=\"async\" class=\" wp-image-8272 aligncenter\" src=\"https:\/\/kanapy.sk\/eshop\/wp-content\/uploads\/2022\/04\/uj-szintetika-logo-s-192x95-1.jpg\" alt=\"szintetika\" width=\"139\" height=\"69\" srcset=\"https:\/\/kanapy.sk\/eshop\/wp-content\/uploads\/2022\/04\/uj-szintetika-logo-s-192x95-1.jpg 192w, https:\/\/kanapy.sk\/eshop\/wp-content\/uploads\/2022\/04\/uj-szintetika-logo-s-192x95-1-150x74.jpg 150w\" sizes=\"auto, (max-width: 139px) 100vw, 139px\" \/>[\/vc_column_text][\/vc_column][vc_column width=&#8221;1\/5&#8243;][vc_column_text woodmart_inline=&#8221;no&#8221; text_larger=&#8221;no&#8221; css=&#8221;.vc_custom_1651673561958{margin-top: -5px !important;}&#8221;]<img loading=\"lazy\" decoding=\"async\" class=\"size-full wp-image-8273 aligncenter\" src=\"https:\/\/kanapy.sk\/eshop\/wp-content\/uploads\/2022\/04\/trendrolety.jpg\" alt=\"szintetika\" width=\"120\" height=\"75\" \/>[\/vc_column_text][\/vc_column][vc_column width=&#8221;1\/5&#8243;][vc_column_text woodmart_inline=&#8221;no&#8221; text_larger=&#8221;no&#8221; css=&#8221;.vc_custom_1662711132938{margin-top: -15px !important;}&#8221;]<img loading=\"lazy\" decoding=\"async\" class=\"wp-image-16377 aligncenter\" src=\"https:\/\/kanapy.sk\/eshop\/wp-content\/uploads\/2022\/09\/irisette_Logo-310x400.png\" alt=\"\" width=\"73\" height=\"94\" srcset=\"https:\/\/kanapy.sk\/eshop\/wp-content\/uploads\/2022\/09\/irisette_Logo-310x400.png 310w, https:\/\/kanapy.sk\/eshop\/wp-content\/uploads\/2022\/09\/irisette_Logo-150x194.png 150w, https:\/\/kanapy.sk\/eshop\/wp-content\/uploads\/2022\/09\/irisette_Logo.png 500w\" sizes=\"auto, (max-width: 73px) 100vw, 73px\" \/>[\/vc_column_text][\/vc_column][vc_column width=&#8221;1\/5&#8243;][vc_column_text woodmart_inline=&#8221;no&#8221; text_larger=&#8221;no&#8221; css=&#8221;.vc_custom_1662730586028{margin-top: 5px !important;}&#8221;]<img loading=\"lazy\" decoding=\"async\" class=\"wp-image-16381 aligncenter\" src=\"https:\/\/kanapy.sk\/eshop\/wp-content\/uploads\/2022\/09\/interiart-karnis-logo_elegante-400x133.jpg\" alt=\"\" width=\"223\" height=\"74\" srcset=\"https:\/\/kanapy.sk\/eshop\/wp-content\/uploads\/2022\/09\/interiart-karnis-logo_elegante-400x133.jpg 400w, https:\/\/kanapy.sk\/eshop\/wp-content\/uploads\/2022\/09\/interiart-karnis-logo_elegante-150x50.jpg 150w, https:\/\/kanapy.sk\/eshop\/wp-content\/uploads\/2022\/09\/interiart-karnis-logo_elegante.jpg 600w\" sizes=\"auto, (max-width: 223px) 100vw, 223px\" \/>[\/vc_column_text][\/vc_column][vc_column width=&#8221;1\/5&#8243;][vc_column_text woodmart_inline=&#8221;no&#8221; text_larger=&#8221;no&#8221;]<img loading=\"lazy\" decoding=\"async\" class=\"wp-image-16382 aligncenter\" src=\"https:\/\/kanapy.sk\/eshop\/wp-content\/uploads\/2022\/09\/Anka_Registered_Logo-400x165.png\" alt=\"\" width=\"180\" height=\"74\" srcset=\"https:\/\/kanapy.sk\/eshop\/wp-content\/uploads\/2022\/09\/Anka_Registered_Logo-400x165.png 400w, https:\/\/kanapy.sk\/eshop\/wp-content\/uploads\/2022\/09\/Anka_Registered_Logo-150x62.png 150w, https:\/\/kanapy.sk\/eshop\/wp-content\/uploads\/2022\/09\/Anka_Registered_Logo.png 595w\" sizes=\"auto, (max-width: 180px) 100vw, 180px\" \/>[\/vc_column_text][\/vc_column][\/vc_row][vc_row css=&#8221;.vc_custom_1662730950569{margin-top: -160px !important;margin-left: 20px !important;}&#8221; woodmart_css_id=&#8221;631b42a9c8b2d&#8221; responsive_spacing=&#8221;eyJwYXJhbV90eXBlIjoid29vZG1hcnRfcmVzcG9uc2l2ZV9zcGFjaW5nIiwic2VsZWN0b3JfaWQiOiI2MzFiNDJhOWM4YjJkIiwic2hvcnRjb2RlIjoidmNfcm93IiwiZGF0YSI6eyJ0YWJsZXQiOnt9LCJtb2JpbGUiOnt9fX0=&#8221; mobile_bg_img_hidden=&#8221;no&#8221; tablet_bg_img_hidden=&#8221;no&#8221; woodmart_parallax=&#8221;0&#8243; woodmart_gradient_switch=&#8221;no&#8221; woodmart_box_shadow=&#8221;no&#8221; wd_z_index=&#8221;no&#8221; woodmart_disable_overflow=&#8221;0&#8243; row_reverse_mobile=&#8221;0&#8243; row_reverse_tablet=&#8221;0&#8243;][vc_column width=&#8221;1\/5&#8243;][vc_column_text woodmart_inline=&#8221;no&#8221; text_larger=&#8221;no&#8221;]<\/p>\n<p style=\"text-align: center;\"><img loading=\"lazy\" decoding=\"async\" class=\"alignnone wp-image-16383\" src=\"https:\/\/kanapy.sk\/eshop\/wp-content\/uploads\/2022\/09\/stiahnut-400x124.jpg\" alt=\"\" width=\"149\" height=\"46\" srcset=\"https:\/\/kanapy.sk\/eshop\/wp-content\/uploads\/2022\/09\/stiahnut-400x124.jpg 400w, https:\/\/kanapy.sk\/eshop\/wp-content\/uploads\/2022\/09\/stiahnut-150x47.jpg 150w, https:\/\/kanapy.sk\/eshop\/wp-content\/uploads\/2022\/09\/stiahnut.jpg 402w\" sizes=\"auto, (max-width: 149px) 100vw, 149px\" \/><\/p>\n<p>[\/vc_column_text][\/vc_column][vc_column width=&#8221;1\/5&#8243;][vc_column_text woodmart_inline=&#8221;no&#8221; text_larger=&#8221;no&#8221; css=&#8221;.vc_custom_1662731038818{margin-top: -20px !important;}&#8221;]<\/p>\n<p style=\"text-align: center;\"><img loading=\"lazy\" decoding=\"async\" class=\"alignnone wp-image-16384\" src=\"https:\/\/kanapy.sk\/eshop\/wp-content\/uploads\/2022\/09\/stiahnut-1.jpg\" alt=\"\" width=\"166\" height=\"86\" srcset=\"https:\/\/kanapy.sk\/eshop\/wp-content\/uploads\/2022\/09\/stiahnut-1.jpg 313w, https:\/\/kanapy.sk\/eshop\/wp-content\/uploads\/2022\/09\/stiahnut-1-150x77.jpg 150w\" sizes=\"auto, (max-width: 166px) 100vw, 166px\" \/><\/p>\n<p>[\/vc_column_text][\/vc_column][vc_column width=&#8221;1\/5&#8243;][vc_column_text woodmart_inline=&#8221;no&#8221; text_larger=&#8221;no&#8221; css=&#8221;.vc_custom_1662798592354{margin-top: -20px !important;}&#8221;]<img loading=\"lazy\" decoding=\"async\" class=\"wp-image-16380 aligncenter\" src=\"https:\/\/kanapy.sk\/eshop\/wp-content\/uploads\/2022\/09\/logo-jab-anstoetz-brand-carlucci-large-400x227.png\" alt=\"\" width=\"157\" height=\"89\" srcset=\"https:\/\/kanapy.sk\/eshop\/wp-content\/uploads\/2022\/09\/logo-jab-anstoetz-brand-carlucci-large-400x227.png 400w, https:\/\/kanapy.sk\/eshop\/wp-content\/uploads\/2022\/09\/logo-jab-anstoetz-brand-carlucci-large-150x85.png 150w, https:\/\/kanapy.sk\/eshop\/wp-content\/uploads\/2022\/09\/logo-jab-anstoetz-brand-carlucci-large.png 600w\" sizes=\"auto, (max-width: 157px) 100vw, 157px\" \/>[\/vc_column_text][\/vc_column][vc_column width=&#8221;1\/5&#8243;][vc_column_text woodmart_inline=&#8221;no&#8221; text_larger=&#8221;no&#8221; css=&#8221;.vc_custom_1662798656938{margin-top: -20px !important;}&#8221;]<img loading=\"lazy\" decoding=\"async\" class=\"wp-image-16379 aligncenter\" src=\"https:\/\/kanapy.sk\/eshop\/wp-content\/uploads\/2022\/09\/logo-chivasso-large-2021-400x227.png\" alt=\"\" width=\"159\" height=\"90\" srcset=\"https:\/\/kanapy.sk\/eshop\/wp-content\/uploads\/2022\/09\/logo-chivasso-large-2021-400x227.png 400w, https:\/\/kanapy.sk\/eshop\/wp-content\/uploads\/2022\/09\/logo-chivasso-large-2021-150x85.png 150w, https:\/\/kanapy.sk\/eshop\/wp-content\/uploads\/2022\/09\/logo-chivasso-large-2021.png 600w\" sizes=\"auto, (max-width: 159px) 100vw, 159px\" \/>[\/vc_column_text][\/vc_column][vc_column width=&#8221;1\/5&#8243;][\/vc_column][\/vc_row][vc_row][vc_column][vc_separator color=&#8221;custom&#8221; accent_color=&#8221;#e6aa78&#8243; wd_hide_on_desktop=&#8221;no&#8221; wd_hide_on_tablet=&#8221;no&#8221; wd_hide_on_mobile=&#8221;no&#8221;][\/vc_column][\/vc_row][vc_row][vc_column][vc_column_text woodmart_inline=&#8221;no&#8221; text_larger=&#8221;no&#8221;]<span style=\"color: #1b3a32;\">Bli\u017e\u0161ie inform\u00e1cie k produktom V\u00e1m poskytneme na na\u0161om showroome, emailom alebo telefonicky.<\/span><\/p>\n<p><span style=\"color: #1b3a32;\">Nev\u00e1hajte n\u00e1s kontaktova\u0165!<\/span>[\/vc_column_text][\/vc_column][\/vc_row]<\/p>\n<\/div>","protected":false},"excerpt":{"rendered":"<p>[vc_row][vc_column][\/vc_column][\/vc_row][vc_row full_width=&#8221;stretch_row_content_no_spaces&#8221; woodmart_css_id=&#8221;62557aab0523e&#8221; mobile_bg_img_hidden=&#8221;no&#8221; tablet_bg_img_hidden=&#8221;no&#8221; woodmart_parallax=&#8221;0&#8243; woodmart_gradient_switch=&#8221;no&#8221; woodmart_box_shadow=&#8221;no&#8221; wd_z_index=&#8221;no&#8221; woodmart_disable_overflow=&#8221;0&#8243; row_reverse_mobile=&#8221;0&#8243; row_reverse_tablet=&#8221;0&#8243; css=&#8221;.vc_custom_1649769136900{margin-bottom: 50px !important;}&#8221;][vc_column][vc_hoverbox image=&#8221;8674&#8243; primary_title=&#8221;&#8221; hover_title=&#8221;&#8221; hover_background_color=&#8221;custom&#8221; hover_custom_background=&#8221;#e6aa78&#8243;]<\/p>\n","protected":false},"author":3,"featured_media":8055,"parent":0,"menu_order":0,"comment_status":"closed","ping_status":"closed","template":"","meta":{"jetpack_post_was_ever_published":false,"footnotes":""},"class_list":["post-7776","page","type-page","status-publish","has-post-thumbnail","hentry"],"yoast_head":"<!-- This site is optimized with the Yoast SEO plugin v26.0 - https:\/\/yoast.com\/wordpress\/plugins\/seo\/ -->\n<title>Z\u00e1clony a z\u00e1vesy - KANAPY interi\u00e9r<\/title>\n<meta name=\"description\" content=\"KANAPY interi\u00e9r- Z\u00e1vesy a z\u00e1clony tvoria dokonal\u00fd domov. Je to ve\u013emi d\u00f4le\u017eit\u00e1 s\u00fa\u010das\u0165 interi\u00e9ru, ktor\u00e1 premen\u00ed interi\u00e9r na domov. Vyberte si...\" \/>\n<meta name=\"robots\" content=\"index, follow, max-snippet:-1, max-image-preview:large, max-video-preview:-1\" \/>\n<link rel=\"canonical\" href=\"https:\/\/kanapy.sk\/eshop\/zaclony-a-zavesy\/\" \/>\n<meta property=\"og:locale\" content=\"sk_SK\" \/>\n<meta property=\"og:type\" content=\"article\" \/>\n<meta property=\"og:title\" content=\"Z\u00e1clony a z\u00e1vesy - KANAPY interi\u00e9r\" \/>\n<meta property=\"og:description\" content=\"KANAPY interi\u00e9r- Z\u00e1vesy a z\u00e1clony tvoria dokonal\u00fd domov. Je to ve\u013emi d\u00f4le\u017eit\u00e1 s\u00fa\u010das\u0165 interi\u00e9ru, ktor\u00e1 premen\u00ed interi\u00e9r na domov. Vyberte si...\" \/>\n<meta property=\"og:url\" content=\"https:\/\/kanapy.sk\/eshop\/zaclony-a-zavesy\/\" \/>\n<meta property=\"og:site_name\" content=\"KANAPY design studio\" \/>\n<meta property=\"article:publisher\" content=\"https:\/\/sk-sk.facebook.com\/kanapyinterier\" \/>\n<meta property=\"article:modified_time\" content=\"2024-10-25T07:52:31+00:00\" \/>\n<meta property=\"og:image\" content=\"https:\/\/kanapy.sk\/eshop\/wp-content\/uploads\/2022\/04\/zaclony-1.jpg\" \/>\n\t<meta property=\"og:image:width\" content=\"696\" \/>\n\t<meta property=\"og:image:height\" content=\"500\" \/>\n\t<meta property=\"og:image:type\" content=\"image\/jpeg\" \/>\n<meta name=\"twitter:card\" content=\"summary_large_image\" \/>\n<meta name=\"twitter:label1\" content=\"Predpokladan\u00fd \u010das \u010d\u00edtania\" \/>\n\t<meta name=\"twitter:data1\" content=\"5 min\u00fat\" \/>\n<script type=\"application\/ld+json\" class=\"yoast-schema-graph\">{\"@context\":\"https:\/\/schema.org\",\"@graph\":[{\"@type\":\"WebPage\",\"@id\":\"https:\/\/kanapy.sk\/eshop\/zaclony-a-zavesy\/\",\"url\":\"https:\/\/kanapy.sk\/eshop\/zaclony-a-zavesy\/\",\"name\":\"Z\u00e1clony a z\u00e1vesy - KANAPY interi\u00e9r\",\"isPartOf\":{\"@id\":\"https:\/\/kanapy.sk\/eshop\/#website\"},\"primaryImageOfPage\":{\"@id\":\"https:\/\/kanapy.sk\/eshop\/zaclony-a-zavesy\/#primaryimage\"},\"image\":{\"@id\":\"https:\/\/kanapy.sk\/eshop\/zaclony-a-zavesy\/#primaryimage\"},\"thumbnailUrl\":\"https:\/\/kanapy.sk\/eshop\/wp-content\/uploads\/2022\/04\/zaclony-1.jpg\",\"datePublished\":\"2022-04-07T08:52:58+00:00\",\"dateModified\":\"2024-10-25T07:52:31+00:00\",\"description\":\"KANAPY interi\u00e9r- Z\u00e1vesy a z\u00e1clony tvoria dokonal\u00fd domov. Je to ve\u013emi d\u00f4le\u017eit\u00e1 s\u00fa\u010das\u0165 interi\u00e9ru, ktor\u00e1 premen\u00ed interi\u00e9r na domov. Vyberte si...\",\"breadcrumb\":{\"@id\":\"https:\/\/kanapy.sk\/eshop\/zaclony-a-zavesy\/#breadcrumb\"},\"inLanguage\":\"sk-SK\",\"potentialAction\":[{\"@type\":\"ReadAction\",\"target\":[\"https:\/\/kanapy.sk\/eshop\/zaclony-a-zavesy\/\"]}]},{\"@type\":\"ImageObject\",\"inLanguage\":\"sk-SK\",\"@id\":\"https:\/\/kanapy.sk\/eshop\/zaclony-a-zavesy\/#primaryimage\",\"url\":\"https:\/\/kanapy.sk\/eshop\/wp-content\/uploads\/2022\/04\/zaclony-1.jpg\",\"contentUrl\":\"https:\/\/kanapy.sk\/eshop\/wp-content\/uploads\/2022\/04\/zaclony-1.jpg\",\"width\":696,\"height\":500,\"caption\":\"KANAPY Interi\u00e9r portf\u00f3lio z\u00e1clony\"},{\"@type\":\"BreadcrumbList\",\"@id\":\"https:\/\/kanapy.sk\/eshop\/zaclony-a-zavesy\/#breadcrumb\",\"itemListElement\":[{\"@type\":\"ListItem\",\"position\":1,\"name\":\"Domovsk\u00e1 str\u00e1nka\",\"item\":\"https:\/\/kanapy.sk\/eshop\/\"},{\"@type\":\"ListItem\",\"position\":2,\"name\":\"Z\u00e1clony a z\u00e1vesy\"}]},{\"@type\":\"WebSite\",\"@id\":\"https:\/\/kanapy.sk\/eshop\/#website\",\"url\":\"https:\/\/kanapy.sk\/eshop\/\",\"name\":\"KANAPY design studio\",\"description\":\"Aby ste sa domov te\u0161ili\",\"publisher\":{\"@id\":\"https:\/\/kanapy.sk\/eshop\/#organization\"},\"alternateName\":\"KAKAPY interi\u00e9r\",\"potentialAction\":[{\"@type\":\"SearchAction\",\"target\":{\"@type\":\"EntryPoint\",\"urlTemplate\":\"https:\/\/kanapy.sk\/eshop\/?s={search_term_string}\"},\"query-input\":{\"@type\":\"PropertyValueSpecification\",\"valueRequired\":true,\"valueName\":\"search_term_string\"}}],\"inLanguage\":\"sk-SK\"},{\"@type\":\"Organization\",\"@id\":\"https:\/\/kanapy.sk\/eshop\/#organization\",\"name\":\"KA-NA-PY interi\u00e9r, s.r.o.\",\"alternateName\":\"KANAPY Design Studio\",\"url\":\"https:\/\/kanapy.sk\/eshop\/\",\"logo\":{\"@type\":\"ImageObject\",\"inLanguage\":\"sk-SK\",\"@id\":\"https:\/\/kanapy.sk\/eshop\/#\/schema\/logo\/image\/\",\"url\":\"https:\/\/kanapy.sk\/eshop\/wp-content\/uploads\/2024\/10\/Kanapy-primary-RGB-color.jpg\",\"contentUrl\":\"https:\/\/kanapy.sk\/eshop\/wp-content\/uploads\/2024\/10\/Kanapy-primary-RGB-color.jpg\",\"width\":600,\"height\":215,\"caption\":\"KA-NA-PY interi\u00e9r, s.r.o.\"},\"image\":{\"@id\":\"https:\/\/kanapy.sk\/eshop\/#\/schema\/logo\/image\/\"},\"sameAs\":[\"https:\/\/sk-sk.facebook.com\/kanapyinterier\",\"http:\/\/instagram.com\/kanapy_trnava\/\"]}]}<\/script>\n<!-- \/ Yoast SEO plugin. -->","yoast_head_json":{"title":"Z\u00e1clony a z\u00e1vesy - KANAPY interi\u00e9r","description":"KANAPY interi\u00e9r- Z\u00e1vesy a z\u00e1clony tvoria dokonal\u00fd domov. Je to ve\u013emi d\u00f4le\u017eit\u00e1 s\u00fa\u010das\u0165 interi\u00e9ru, ktor\u00e1 premen\u00ed interi\u00e9r na domov. Vyberte si...","robots":{"index":"index","follow":"follow","max-snippet":"max-snippet:-1","max-image-preview":"max-image-preview:large","max-video-preview":"max-video-preview:-1"},"canonical":"https:\/\/kanapy.sk\/eshop\/zaclony-a-zavesy\/","og_locale":"sk_SK","og_type":"article","og_title":"Z\u00e1clony a z\u00e1vesy - KANAPY interi\u00e9r","og_description":"KANAPY interi\u00e9r- Z\u00e1vesy a z\u00e1clony tvoria dokonal\u00fd domov. Je to ve\u013emi d\u00f4le\u017eit\u00e1 s\u00fa\u010das\u0165 interi\u00e9ru, ktor\u00e1 premen\u00ed interi\u00e9r na domov. Vyberte si...","og_url":"https:\/\/kanapy.sk\/eshop\/zaclony-a-zavesy\/","og_site_name":"KANAPY design studio","article_publisher":"https:\/\/sk-sk.facebook.com\/kanapyinterier","article_modified_time":"2024-10-25T07:52:31+00:00","og_image":[{"width":696,"height":500,"url":"https:\/\/kanapy.sk\/eshop\/wp-content\/uploads\/2022\/04\/zaclony-1.jpg","type":"image\/jpeg"}],"twitter_card":"summary_large_image","twitter_misc":{"Predpokladan\u00fd \u010das \u010d\u00edtania":"5 min\u00fat"},"schema":{"@context":"https:\/\/schema.org","@graph":[{"@type":"WebPage","@id":"https:\/\/kanapy.sk\/eshop\/zaclony-a-zavesy\/","url":"https:\/\/kanapy.sk\/eshop\/zaclony-a-zavesy\/","name":"Z\u00e1clony a z\u00e1vesy - KANAPY interi\u00e9r","isPartOf":{"@id":"https:\/\/kanapy.sk\/eshop\/#website"},"primaryImageOfPage":{"@id":"https:\/\/kanapy.sk\/eshop\/zaclony-a-zavesy\/#primaryimage"},"image":{"@id":"https:\/\/kanapy.sk\/eshop\/zaclony-a-zavesy\/#primaryimage"},"thumbnailUrl":"https:\/\/kanapy.sk\/eshop\/wp-content\/uploads\/2022\/04\/zaclony-1.jpg","datePublished":"2022-04-07T08:52:58+00:00","dateModified":"2024-10-25T07:52:31+00:00","description":"KANAPY interi\u00e9r- Z\u00e1vesy a z\u00e1clony tvoria dokonal\u00fd domov. Je to ve\u013emi d\u00f4le\u017eit\u00e1 s\u00fa\u010das\u0165 interi\u00e9ru, ktor\u00e1 premen\u00ed interi\u00e9r na domov. Vyberte si...","breadcrumb":{"@id":"https:\/\/kanapy.sk\/eshop\/zaclony-a-zavesy\/#breadcrumb"},"inLanguage":"sk-SK","potentialAction":[{"@type":"ReadAction","target":["https:\/\/kanapy.sk\/eshop\/zaclony-a-zavesy\/"]}]},{"@type":"ImageObject","inLanguage":"sk-SK","@id":"https:\/\/kanapy.sk\/eshop\/zaclony-a-zavesy\/#primaryimage","url":"https:\/\/kanapy.sk\/eshop\/wp-content\/uploads\/2022\/04\/zaclony-1.jpg","contentUrl":"https:\/\/kanapy.sk\/eshop\/wp-content\/uploads\/2022\/04\/zaclony-1.jpg","width":696,"height":500,"caption":"KANAPY Interi\u00e9r portf\u00f3lio z\u00e1clony"},{"@type":"BreadcrumbList","@id":"https:\/\/kanapy.sk\/eshop\/zaclony-a-zavesy\/#breadcrumb","itemListElement":[{"@type":"ListItem","position":1,"name":"Domovsk\u00e1 str\u00e1nka","item":"https:\/\/kanapy.sk\/eshop\/"},{"@type":"ListItem","position":2,"name":"Z\u00e1clony a z\u00e1vesy"}]},{"@type":"WebSite","@id":"https:\/\/kanapy.sk\/eshop\/#website","url":"https:\/\/kanapy.sk\/eshop\/","name":"KANAPY design studio","description":"Aby ste sa domov te\u0161ili","publisher":{"@id":"https:\/\/kanapy.sk\/eshop\/#organization"},"alternateName":"KAKAPY interi\u00e9r","potentialAction":[{"@type":"SearchAction","target":{"@type":"EntryPoint","urlTemplate":"https:\/\/kanapy.sk\/eshop\/?s={search_term_string}"},"query-input":{"@type":"PropertyValueSpecification","valueRequired":true,"valueName":"search_term_string"}}],"inLanguage":"sk-SK"},{"@type":"Organization","@id":"https:\/\/kanapy.sk\/eshop\/#organization","name":"KA-NA-PY interi\u00e9r, s.r.o.","alternateName":"KANAPY Design Studio","url":"https:\/\/kanapy.sk\/eshop\/","logo":{"@type":"ImageObject","inLanguage":"sk-SK","@id":"https:\/\/kanapy.sk\/eshop\/#\/schema\/logo\/image\/","url":"https:\/\/kanapy.sk\/eshop\/wp-content\/uploads\/2024\/10\/Kanapy-primary-RGB-color.jpg","contentUrl":"https:\/\/kanapy.sk\/eshop\/wp-content\/uploads\/2024\/10\/Kanapy-primary-RGB-color.jpg","width":600,"height":215,"caption":"KA-NA-PY interi\u00e9r, s.r.o."},"image":{"@id":"https:\/\/kanapy.sk\/eshop\/#\/schema\/logo\/image\/"},"sameAs":["https:\/\/sk-sk.facebook.com\/kanapyinterier","http:\/\/instagram.com\/kanapy_trnava\/"]}]}},"jetpack_sharing_enabled":true,"jetpack_shortlink":"https:\/\/wp.me\/P9Py1F-21q","_links":{"self":[{"href":"https:\/\/kanapy.sk\/eshop\/wp-json\/wp\/v2\/pages\/7776","targetHints":{"allow":["GET"]}}],"collection":[{"href":"https:\/\/kanapy.sk\/eshop\/wp-json\/wp\/v2\/pages"}],"about":[{"href":"https:\/\/kanapy.sk\/eshop\/wp-json\/wp\/v2\/types\/page"}],"author":[{"embeddable":true,"href":"https:\/\/kanapy.sk\/eshop\/wp-json\/wp\/v2\/users\/3"}],"replies":[{"embeddable":true,"href":"https:\/\/kanapy.sk\/eshop\/wp-json\/wp\/v2\/comments?post=7776"}],"version-history":[{"count":18,"href":"https:\/\/kanapy.sk\/eshop\/wp-json\/wp\/v2\/pages\/7776\/revisions"}],"predecessor-version":[{"id":25459,"href":"https:\/\/kanapy.sk\/eshop\/wp-json\/wp\/v2\/pages\/7776\/revisions\/25459"}],"wp:featuredmedia":[{"embeddable":true,"href":"https:\/\/kanapy.sk\/eshop\/wp-json\/wp\/v2\/media\/8055"}],"wp:attachment":[{"href":"https:\/\/kanapy.sk\/eshop\/wp-json\/wp\/v2\/media?parent=7776"}],"curies":[{"name":"wp","href":"https:\/\/api.w.org\/{rel}","templated":true}]}}