{"id":7778,"date":"2022-04-07T10:54:03","date_gmt":"2022-04-07T08:54:03","guid":{"rendered":"https:\/\/kanapy.sk\/eshop\/?page_id=7778"},"modified":"2024-10-25T09:53:41","modified_gmt":"2024-10-25T07:53:41","slug":"zavesne-systemy","status":"publish","type":"page","link":"https:\/\/kanapy.sk\/eshop\/zavesne-systemy\/","title":{"rendered":"Z\u00e1vesn\u00e9 syst\u00e9my"},"content":{"rendered":"<div class=\"wpb-content-wrapper\"><p>[vc_row][vc_column]\n\t\t<div id=\"wd-626a9c81efeb0\" class=\"title-wrapper wd-wpb wd-set-mb reset-last-child  wd-rs-626a9c81efeb0 wd-title-color-default wd-title-style-bordered text-center  wd-underline-colored\">\n\t\t\t\n\t\t\t<div class=\"liner-continer\">\n\t\t\t\t<h4 class=\"woodmart-title-container title  wd-font-weight- wd-fontsize-xl\" >Z\u00e1vesn\u00e9 syst\u00e9my<\/h4>\n\t\t\t\t\t\t\t<\/div>\n\t\t\t\n\t\t\t\n\t\t\t\n\t\t<\/div>\n\t\t\n\t\t[\/vc_column][\/vc_row][vc_row full_width=&#8221;stretch_row_content_no_spaces&#8221; woodmart_css_id=&#8221;62557bac3e26e&#8221; mobile_bg_img_hidden=&#8221;no&#8221; tablet_bg_img_hidden=&#8221;no&#8221; woodmart_parallax=&#8221;0&#8243; woodmart_gradient_switch=&#8221;no&#8221; woodmart_box_shadow=&#8221;no&#8221; wd_z_index=&#8221;no&#8221; woodmart_disable_overflow=&#8221;0&#8243; row_reverse_mobile=&#8221;0&#8243; row_reverse_tablet=&#8221;0&#8243; css=&#8221;.vc_custom_1649769402024{margin-bottom: 50px !important;}&#8221;][vc_column][vc_hoverbox image=&#8221;8677&#8243; primary_title=&#8221;&#8221; hover_title=&#8221;&#8221;]<\/p>\n<p>&nbsp;<\/p>\n<p>&nbsp;<\/p>\n<p>Funkciou z\u00e1clon a z\u00e1vesov\u00a0je harmonicky dotvori\u0165 a z\u00fatulni\u0165\u00a0priestor.<br \/>\nV na\u0161ej predajni\u00a0n\u00e1jdete trendov\u00e9 kolekcie vzoriek z\u00e1clon a z\u00e1vesov, ktor\u00e9 dok\u00e1\u017eu vyhovie\u0165 Va\u0161im najr\u00f4znej\u0161\u00edm po\u017eiadavk\u00e1m a n\u00e1rokom.<\/p>\n<p>S\u00fa\u010das\u0165ou na\u0161ej ponuky s\u00fa aj z\u00e1vesn\u00e9 syst\u00e9my r\u00f4znych druhov,\u00a0roletov\u00e9\u00a0syst\u00e9mov, japonsk\u00e9\u00a0steny a in\u00e9.<\/p>\n<p>Pon\u00fakame V\u00e1m \u0161itie na mieru\u00a0a v pr\u00edpade z\u00e1ujmu taktie\u017e mont\u00e1\u017e z\u00e1vesn\u00fdch syst\u00e9mov a in\u0161tal\u00e1ciu u\u0161it\u00fdch text\u00edli\u00ed priamo u V\u00e1s<\/p>\n<p>&nbsp;<\/p>\n<p>&nbsp;<\/p>\n<p>[\/vc_hoverbox][\/vc_column][\/vc_row][vc_row css=&#8221;.vc_custom_1650146044705{margin-top: 30px !important;}&#8221; woodmart_css_id=&#8221;625b3af68f758&#8243; mobile_bg_img_hidden=&#8221;no&#8221; tablet_bg_img_hidden=&#8221;no&#8221; woodmart_parallax=&#8221;0&#8243; woodmart_gradient_switch=&#8221;no&#8221; woodmart_box_shadow=&#8221;no&#8221; wd_z_index=&#8221;no&#8221; woodmart_disable_overflow=&#8221;0&#8243; row_reverse_mobile=&#8221;0&#8243; row_reverse_tablet=&#8221;0&#8243;][vc_column]\n\t\t<div id=\"wd-66fe595a5e67e\" class=\"title-wrapper wd-wpb wd-set-mb reset-last-child  wd-rs-66fe595a5e67e wd-title-color-default wd-title-style-default text-center  wd-underline-colored\">\n\t\t\t\n\t\t\t<div class=\"liner-continer\">\n\t\t\t\t<h4 class=\"woodmart-title-container title  wd-font-weight- wd-fontsize-l\" >N\u00e1jdete u n\u00e1s:<\/h4>\n\t\t\t\t\t\t\t<\/div>\n\t\t\t\n\t\t\t\n\t\t\t\n\t\t<\/div>\n\t\t\n\t\t[\/vc_column][\/vc_row][vc_row css=&#8221;.vc_custom_1650145463328{margin-top: 40px !important;}&#8221; woodmart_css_id=&#8221;625b38ae7fb05&#8243; mobile_bg_img_hidden=&#8221;no&#8221; tablet_bg_img_hidden=&#8221;no&#8221; woodmart_parallax=&#8221;0&#8243; woodmart_gradient_switch=&#8221;no&#8221; woodmart_box_shadow=&#8221;no&#8221; wd_z_index=&#8221;no&#8221; woodmart_disable_overflow=&#8221;0&#8243; row_reverse_mobile=&#8221;0&#8243; row_reverse_tablet=&#8221;0&#8243;][vc_column width=&#8221;1\/5&#8243;][vc_column_text woodmart_inline=&#8221;no&#8221; text_larger=&#8221;no&#8221; css=&#8221;.vc_custom_1662710386670{margin-top: 10px !important;margin-left: 10px !important;}&#8221;]<img loading=\"lazy\" decoding=\"async\" class=\"size-full wp-image-8273 aligncenter\" src=\"https:\/\/kanapy.sk\/eshop\/wp-content\/uploads\/2022\/04\/trendrolety.jpg\" alt=\"trendrolety\" width=\"120\" height=\"75\" \/>[\/vc_column_text][\/vc_column][vc_column width=&#8221;1\/5&#8243;][vc_column_text woodmart_inline=&#8221;no&#8221; text_larger=&#8221;no&#8221; css=&#8221;.vc_custom_1662710562986{margin-top: 25px !important;}&#8221;]<img loading=\"lazy\" decoding=\"async\" class=\"wp-image-16373 aligncenter\" src=\"https:\/\/kanapy.sk\/eshop\/wp-content\/uploads\/2022\/09\/forest_logo_fc-400x98.png\" alt=\"\" width=\"147\" height=\"36\" srcset=\"https:\/\/kanapy.sk\/eshop\/wp-content\/uploads\/2022\/09\/forest_logo_fc-400x98.png 400w, https:\/\/kanapy.sk\/eshop\/wp-content\/uploads\/2022\/09\/forest_logo_fc-150x37.png 150w, https:\/\/kanapy.sk\/eshop\/wp-content\/uploads\/2022\/09\/forest_logo_fc.png 600w\" sizes=\"auto, (max-width: 147px) 100vw, 147px\" \/>[\/vc_column_text][\/vc_column][vc_column width=&#8221;1\/5&#8243;][vc_column_text woodmart_inline=&#8221;no&#8221; text_larger=&#8221;no&#8221; css=&#8221;.vc_custom_1651673595134{margin-top: 10px !important;}&#8221;]<img loading=\"lazy\" decoding=\"async\" class=\" wp-image-8266 aligncenter\" src=\"https:\/\/kanapy.sk\/eshop\/wp-content\/uploads\/2022\/04\/IMG-4481-300x115.jpg\" alt=\"Wropool\" width=\"182\" height=\"69\" srcset=\"https:\/\/kanapy.sk\/eshop\/wp-content\/uploads\/2022\/04\/IMG-4481-300x115.jpg 300w, https:\/\/kanapy.sk\/eshop\/wp-content\/uploads\/2022\/04\/IMG-4481-150x58.jpg 150w, https:\/\/kanapy.sk\/eshop\/wp-content\/uploads\/2022\/04\/IMG-4481.jpg 500w\" sizes=\"auto, (max-width: 182px) 100vw, 182px\" \/>[\/vc_column_text][\/vc_column][vc_column width=&#8221;1\/5&#8243;][vc_column_text woodmart_inline=&#8221;no&#8221; text_larger=&#8221;no&#8221; css=&#8221;.vc_custom_1662733510061{margin-top: 23px !important;}&#8221;]<a href=\"https:\/\/interstil.de\/produkte.html\"><img loading=\"lazy\" decoding=\"async\" class=\" wp-image-8275 aligncenter\" src=\"https:\/\/kanapy.sk\/eshop\/wp-content\/uploads\/2022\/04\/interstil.-logo.-png-300x98.png\" alt=\"interstil\" width=\"139\" height=\"45\" srcset=\"https:\/\/kanapy.sk\/eshop\/wp-content\/uploads\/2022\/04\/interstil.-logo.-png-300x98.png 300w, https:\/\/kanapy.sk\/eshop\/wp-content\/uploads\/2022\/04\/interstil.-logo.-png-150x49.png 150w, https:\/\/kanapy.sk\/eshop\/wp-content\/uploads\/2022\/04\/interstil.-logo.-png.png 498w\" sizes=\"auto, (max-width: 139px) 100vw, 139px\" \/><\/a>[\/vc_column_text][\/vc_column][vc_column width=&#8221;1\/5&#8243;][vc_column_text woodmart_inline=&#8221;no&#8221; text_larger=&#8221;no&#8221; css=&#8221;.vc_custom_1662731595541{margin-top: 15px !important;}&#8221;]<\/p>\n<p style=\"text-align: center;\"><img loading=\"lazy\" decoding=\"async\" class=\"alignnone wp-image-16386\" src=\"https:\/\/kanapy.sk\/eshop\/wp-content\/uploads\/2022\/09\/logo.png\" alt=\"\" width=\"179\" height=\"57\" srcset=\"https:\/\/kanapy.sk\/eshop\/wp-content\/uploads\/2022\/09\/logo.png 400w, https:\/\/kanapy.sk\/eshop\/wp-content\/uploads\/2022\/09\/logo-150x48.png 150w\" sizes=\"auto, (max-width: 179px) 100vw, 179px\" \/><\/p>\n<p>[\/vc_column_text][\/vc_column][\/vc_row][vc_row][vc_column][vc_separator color=&#8221;custom&#8221; accent_color=&#8221;#e6aa78&#8243; wd_hide_on_desktop=&#8221;no&#8221; wd_hide_on_tablet=&#8221;no&#8221; wd_hide_on_mobile=&#8221;no&#8221;][\/vc_column][\/vc_row][vc_row][vc_column][vc_column_text woodmart_inline=&#8221;no&#8221; text_larger=&#8221;no&#8221;]<span style=\"color: #1b3a32;\">Bli\u017e\u0161ie inform\u00e1cie k produktom V\u00e1m poskytneme na na\u0161om showroome, emailom alebo telefonicky.<\/span><\/p>\n<p><span style=\"color: #1b3a32;\">Nev\u00e1hajte n\u00e1s kontaktova\u0165!<\/span>[\/vc_column_text][\/vc_column][\/vc_row]<\/p>\n<\/div>","protected":false},"excerpt":{"rendered":"<p>[vc_row][vc_column][\/vc_column][\/vc_row][vc_row full_width=&#8221;stretch_row_content_no_spaces&#8221; woodmart_css_id=&#8221;62557bac3e26e&#8221; mobile_bg_img_hidden=&#8221;no&#8221; tablet_bg_img_hidden=&#8221;no&#8221; woodmart_parallax=&#8221;0&#8243; woodmart_gradient_switch=&#8221;no&#8221; woodmart_box_shadow=&#8221;no&#8221; wd_z_index=&#8221;no&#8221; woodmart_disable_overflow=&#8221;0&#8243; row_reverse_mobile=&#8221;0&#8243; row_reverse_tablet=&#8221;0&#8243; css=&#8221;.vc_custom_1649769402024{margin-bottom: 50px !important;}&#8221;][vc_column][vc_hoverbox image=&#8221;8677&#8243; primary_title=&#8221;&#8221; hover_title=&#8221;&#8221;] &nbsp; &nbsp;<\/p>\n","protected":false},"author":3,"featured_media":8056,"parent":0,"menu_order":0,"comment_status":"closed","ping_status":"closed","template":"","meta":{"jetpack_post_was_ever_published":false,"footnotes":""},"class_list":["post-7778","page","type-page","status-publish","has-post-thumbnail","hentry"],"yoast_head":"<!-- This site is optimized with the Yoast SEO plugin v26.0 - https:\/\/yoast.com\/wordpress\/plugins\/seo\/ -->\n<title>Z\u00e1vesn\u00e9 syst\u00e9my - KANAPY interi\u00e9r<\/title>\n<meta name=\"description\" content=\"KANAPY interi\u00e9r- z\u00e1vesn\u00e9 syst\u00e9my tvoria neoddelite\u013en\u00fa s\u00fa\u010das\u0165 z\u00e1clon a z\u00e1vesov, ktor\u00e9 bezpochybne patria medzi d\u00f4le\u017eit\u00e9 prvky interi\u00e9ru. Vy....\" \/>\n<meta name=\"robots\" content=\"index, follow, max-snippet:-1, max-image-preview:large, max-video-preview:-1\" \/>\n<link rel=\"canonical\" href=\"https:\/\/kanapy.sk\/eshop\/zavesne-systemy\/\" \/>\n<meta property=\"og:locale\" content=\"sk_SK\" \/>\n<meta property=\"og:type\" content=\"article\" \/>\n<meta property=\"og:title\" content=\"Z\u00e1vesn\u00e9 syst\u00e9my - KANAPY interi\u00e9r\" \/>\n<meta property=\"og:description\" content=\"KANAPY interi\u00e9r- z\u00e1vesn\u00e9 syst\u00e9my tvoria neoddelite\u013en\u00fa s\u00fa\u010das\u0165 z\u00e1clon a z\u00e1vesov, ktor\u00e9 bezpochybne patria medzi d\u00f4le\u017eit\u00e9 prvky interi\u00e9ru. Vy....\" \/>\n<meta property=\"og:url\" content=\"https:\/\/kanapy.sk\/eshop\/zavesne-systemy\/\" \/>\n<meta property=\"og:site_name\" content=\"KANAPY design studio\" \/>\n<meta property=\"article:publisher\" content=\"https:\/\/sk-sk.facebook.com\/kanapyinterier\" \/>\n<meta property=\"article:modified_time\" content=\"2024-10-25T07:53:41+00:00\" \/>\n<meta property=\"og:image\" content=\"https:\/\/kanapy.sk\/eshop\/wp-content\/uploads\/2022\/04\/zevesny-system-1-e1649619741317.jpg\" \/>\n\t<meta property=\"og:image:width\" content=\"900\" \/>\n\t<meta property=\"og:image:height\" content=\"408\" \/>\n\t<meta property=\"og:image:type\" content=\"image\/jpeg\" \/>\n<meta name=\"twitter:card\" content=\"summary_large_image\" \/>\n<meta name=\"twitter:label1\" content=\"Predpokladan\u00fd \u010das \u010d\u00edtania\" \/>\n\t<meta name=\"twitter:data1\" content=\"3 min\u00faty\" \/>\n<script type=\"application\/ld+json\" class=\"yoast-schema-graph\">{\"@context\":\"https:\/\/schema.org\",\"@graph\":[{\"@type\":\"WebPage\",\"@id\":\"https:\/\/kanapy.sk\/eshop\/zavesne-systemy\/\",\"url\":\"https:\/\/kanapy.sk\/eshop\/zavesne-systemy\/\",\"name\":\"Z\u00e1vesn\u00e9 syst\u00e9my - KANAPY interi\u00e9r\",\"isPartOf\":{\"@id\":\"https:\/\/kanapy.sk\/eshop\/#website\"},\"primaryImageOfPage\":{\"@id\":\"https:\/\/kanapy.sk\/eshop\/zavesne-systemy\/#primaryimage\"},\"image\":{\"@id\":\"https:\/\/kanapy.sk\/eshop\/zavesne-systemy\/#primaryimage\"},\"thumbnailUrl\":\"https:\/\/kanapy.sk\/eshop\/wp-content\/uploads\/2022\/04\/zevesny-system-1-e1649619741317.jpg\",\"datePublished\":\"2022-04-07T08:54:03+00:00\",\"dateModified\":\"2024-10-25T07:53:41+00:00\",\"description\":\"KANAPY interi\u00e9r- z\u00e1vesn\u00e9 syst\u00e9my tvoria neoddelite\u013en\u00fa s\u00fa\u010das\u0165 z\u00e1clon a z\u00e1vesov, ktor\u00e9 bezpochybne patria medzi d\u00f4le\u017eit\u00e9 prvky interi\u00e9ru. Vy....\",\"breadcrumb\":{\"@id\":\"https:\/\/kanapy.sk\/eshop\/zavesne-systemy\/#breadcrumb\"},\"inLanguage\":\"sk-SK\",\"potentialAction\":[{\"@type\":\"ReadAction\",\"target\":[\"https:\/\/kanapy.sk\/eshop\/zavesne-systemy\/\"]}]},{\"@type\":\"ImageObject\",\"inLanguage\":\"sk-SK\",\"@id\":\"https:\/\/kanapy.sk\/eshop\/zavesne-systemy\/#primaryimage\",\"url\":\"https:\/\/kanapy.sk\/eshop\/wp-content\/uploads\/2022\/04\/zevesny-system-1-e1649619741317.jpg\",\"contentUrl\":\"https:\/\/kanapy.sk\/eshop\/wp-content\/uploads\/2022\/04\/zevesny-system-1-e1649619741317.jpg\",\"width\":900,\"height\":408,\"caption\":\"Z\u00e1vesn\u00e9 syst\u00e9my interi\u00e9r\"},{\"@type\":\"BreadcrumbList\",\"@id\":\"https:\/\/kanapy.sk\/eshop\/zavesne-systemy\/#breadcrumb\",\"itemListElement\":[{\"@type\":\"ListItem\",\"position\":1,\"name\":\"Domovsk\u00e1 str\u00e1nka\",\"item\":\"https:\/\/kanapy.sk\/eshop\/\"},{\"@type\":\"ListItem\",\"position\":2,\"name\":\"Z\u00e1vesn\u00e9 syst\u00e9my\"}]},{\"@type\":\"WebSite\",\"@id\":\"https:\/\/kanapy.sk\/eshop\/#website\",\"url\":\"https:\/\/kanapy.sk\/eshop\/\",\"name\":\"KANAPY design studio\",\"description\":\"Aby ste sa domov te\u0161ili\",\"publisher\":{\"@id\":\"https:\/\/kanapy.sk\/eshop\/#organization\"},\"alternateName\":\"KAKAPY interi\u00e9r\",\"potentialAction\":[{\"@type\":\"SearchAction\",\"target\":{\"@type\":\"EntryPoint\",\"urlTemplate\":\"https:\/\/kanapy.sk\/eshop\/?s={search_term_string}\"},\"query-input\":{\"@type\":\"PropertyValueSpecification\",\"valueRequired\":true,\"valueName\":\"search_term_string\"}}],\"inLanguage\":\"sk-SK\"},{\"@type\":\"Organization\",\"@id\":\"https:\/\/kanapy.sk\/eshop\/#organization\",\"name\":\"KA-NA-PY interi\u00e9r, s.r.o.\",\"alternateName\":\"KANAPY Design Studio\",\"url\":\"https:\/\/kanapy.sk\/eshop\/\",\"logo\":{\"@type\":\"ImageObject\",\"inLanguage\":\"sk-SK\",\"@id\":\"https:\/\/kanapy.sk\/eshop\/#\/schema\/logo\/image\/\",\"url\":\"https:\/\/kanapy.sk\/eshop\/wp-content\/uploads\/2024\/10\/Kanapy-primary-RGB-color.jpg\",\"contentUrl\":\"https:\/\/kanapy.sk\/eshop\/wp-content\/uploads\/2024\/10\/Kanapy-primary-RGB-color.jpg\",\"width\":600,\"height\":215,\"caption\":\"KA-NA-PY interi\u00e9r, s.r.o.\"},\"image\":{\"@id\":\"https:\/\/kanapy.sk\/eshop\/#\/schema\/logo\/image\/\"},\"sameAs\":[\"https:\/\/sk-sk.facebook.com\/kanapyinterier\",\"http:\/\/instagram.com\/kanapy_trnava\/\"]}]}<\/script>\n<!-- \/ Yoast SEO plugin. -->","yoast_head_json":{"title":"Z\u00e1vesn\u00e9 syst\u00e9my - KANAPY interi\u00e9r","description":"KANAPY interi\u00e9r- z\u00e1vesn\u00e9 syst\u00e9my tvoria neoddelite\u013en\u00fa s\u00fa\u010das\u0165 z\u00e1clon a z\u00e1vesov, ktor\u00e9 bezpochybne patria medzi d\u00f4le\u017eit\u00e9 prvky interi\u00e9ru. Vy....","robots":{"index":"index","follow":"follow","max-snippet":"max-snippet:-1","max-image-preview":"max-image-preview:large","max-video-preview":"max-video-preview:-1"},"canonical":"https:\/\/kanapy.sk\/eshop\/zavesne-systemy\/","og_locale":"sk_SK","og_type":"article","og_title":"Z\u00e1vesn\u00e9 syst\u00e9my - KANAPY interi\u00e9r","og_description":"KANAPY interi\u00e9r- z\u00e1vesn\u00e9 syst\u00e9my tvoria neoddelite\u013en\u00fa s\u00fa\u010das\u0165 z\u00e1clon a z\u00e1vesov, ktor\u00e9 bezpochybne patria medzi d\u00f4le\u017eit\u00e9 prvky interi\u00e9ru. Vy....","og_url":"https:\/\/kanapy.sk\/eshop\/zavesne-systemy\/","og_site_name":"KANAPY design studio","article_publisher":"https:\/\/sk-sk.facebook.com\/kanapyinterier","article_modified_time":"2024-10-25T07:53:41+00:00","og_image":[{"width":900,"height":408,"url":"https:\/\/kanapy.sk\/eshop\/wp-content\/uploads\/2022\/04\/zevesny-system-1-e1649619741317.jpg","type":"image\/jpeg"}],"twitter_card":"summary_large_image","twitter_misc":{"Predpokladan\u00fd \u010das \u010d\u00edtania":"3 min\u00faty"},"schema":{"@context":"https:\/\/schema.org","@graph":[{"@type":"WebPage","@id":"https:\/\/kanapy.sk\/eshop\/zavesne-systemy\/","url":"https:\/\/kanapy.sk\/eshop\/zavesne-systemy\/","name":"Z\u00e1vesn\u00e9 syst\u00e9my - KANAPY interi\u00e9r","isPartOf":{"@id":"https:\/\/kanapy.sk\/eshop\/#website"},"primaryImageOfPage":{"@id":"https:\/\/kanapy.sk\/eshop\/zavesne-systemy\/#primaryimage"},"image":{"@id":"https:\/\/kanapy.sk\/eshop\/zavesne-systemy\/#primaryimage"},"thumbnailUrl":"https:\/\/kanapy.sk\/eshop\/wp-content\/uploads\/2022\/04\/zevesny-system-1-e1649619741317.jpg","datePublished":"2022-04-07T08:54:03+00:00","dateModified":"2024-10-25T07:53:41+00:00","description":"KANAPY interi\u00e9r- z\u00e1vesn\u00e9 syst\u00e9my tvoria neoddelite\u013en\u00fa s\u00fa\u010das\u0165 z\u00e1clon a z\u00e1vesov, ktor\u00e9 bezpochybne patria medzi d\u00f4le\u017eit\u00e9 prvky interi\u00e9ru. Vy....","breadcrumb":{"@id":"https:\/\/kanapy.sk\/eshop\/zavesne-systemy\/#breadcrumb"},"inLanguage":"sk-SK","potentialAction":[{"@type":"ReadAction","target":["https:\/\/kanapy.sk\/eshop\/zavesne-systemy\/"]}]},{"@type":"ImageObject","inLanguage":"sk-SK","@id":"https:\/\/kanapy.sk\/eshop\/zavesne-systemy\/#primaryimage","url":"https:\/\/kanapy.sk\/eshop\/wp-content\/uploads\/2022\/04\/zevesny-system-1-e1649619741317.jpg","contentUrl":"https:\/\/kanapy.sk\/eshop\/wp-content\/uploads\/2022\/04\/zevesny-system-1-e1649619741317.jpg","width":900,"height":408,"caption":"Z\u00e1vesn\u00e9 syst\u00e9my interi\u00e9r"},{"@type":"BreadcrumbList","@id":"https:\/\/kanapy.sk\/eshop\/zavesne-systemy\/#breadcrumb","itemListElement":[{"@type":"ListItem","position":1,"name":"Domovsk\u00e1 str\u00e1nka","item":"https:\/\/kanapy.sk\/eshop\/"},{"@type":"ListItem","position":2,"name":"Z\u00e1vesn\u00e9 syst\u00e9my"}]},{"@type":"WebSite","@id":"https:\/\/kanapy.sk\/eshop\/#website","url":"https:\/\/kanapy.sk\/eshop\/","name":"KANAPY design studio","description":"Aby ste sa domov te\u0161ili","publisher":{"@id":"https:\/\/kanapy.sk\/eshop\/#organization"},"alternateName":"KAKAPY interi\u00e9r","potentialAction":[{"@type":"SearchAction","target":{"@type":"EntryPoint","urlTemplate":"https:\/\/kanapy.sk\/eshop\/?s={search_term_string}"},"query-input":{"@type":"PropertyValueSpecification","valueRequired":true,"valueName":"search_term_string"}}],"inLanguage":"sk-SK"},{"@type":"Organization","@id":"https:\/\/kanapy.sk\/eshop\/#organization","name":"KA-NA-PY interi\u00e9r, s.r.o.","alternateName":"KANAPY Design Studio","url":"https:\/\/kanapy.sk\/eshop\/","logo":{"@type":"ImageObject","inLanguage":"sk-SK","@id":"https:\/\/kanapy.sk\/eshop\/#\/schema\/logo\/image\/","url":"https:\/\/kanapy.sk\/eshop\/wp-content\/uploads\/2024\/10\/Kanapy-primary-RGB-color.jpg","contentUrl":"https:\/\/kanapy.sk\/eshop\/wp-content\/uploads\/2024\/10\/Kanapy-primary-RGB-color.jpg","width":600,"height":215,"caption":"KA-NA-PY interi\u00e9r, s.r.o."},"image":{"@id":"https:\/\/kanapy.sk\/eshop\/#\/schema\/logo\/image\/"},"sameAs":["https:\/\/sk-sk.facebook.com\/kanapyinterier","http:\/\/instagram.com\/kanapy_trnava\/"]}]}},"jetpack_sharing_enabled":true,"jetpack_shortlink":"https:\/\/wp.me\/P9Py1F-21s","_links":{"self":[{"href":"https:\/\/kanapy.sk\/eshop\/wp-json\/wp\/v2\/pages\/7778","targetHints":{"allow":["GET"]}}],"collection":[{"href":"https:\/\/kanapy.sk\/eshop\/wp-json\/wp\/v2\/pages"}],"about":[{"href":"https:\/\/kanapy.sk\/eshop\/wp-json\/wp\/v2\/types\/page"}],"author":[{"embeddable":true,"href":"https:\/\/kanapy.sk\/eshop\/wp-json\/wp\/v2\/users\/3"}],"replies":[{"embeddable":true,"href":"https:\/\/kanapy.sk\/eshop\/wp-json\/wp\/v2\/comments?post=7778"}],"version-history":[{"count":17,"href":"https:\/\/kanapy.sk\/eshop\/wp-json\/wp\/v2\/pages\/7778\/revisions"}],"predecessor-version":[{"id":25460,"href":"https:\/\/kanapy.sk\/eshop\/wp-json\/wp\/v2\/pages\/7778\/revisions\/25460"}],"wp:featuredmedia":[{"embeddable":true,"href":"https:\/\/kanapy.sk\/eshop\/wp-json\/wp\/v2\/media\/8056"}],"wp:attachment":[{"href":"https:\/\/kanapy.sk\/eshop\/wp-json\/wp\/v2\/media?parent=7778"}],"curies":[{"name":"wp","href":"https:\/\/api.w.org\/{rel}","templated":true}]}}