{"id":7784,"date":"2022-04-07T11:10:49","date_gmt":"2022-04-07T09:10:49","guid":{"rendered":"https:\/\/kanapy.sk\/eshop\/?page_id=7784"},"modified":"2024-10-25T09:45:44","modified_gmt":"2024-10-25T07:45:44","slug":"nabytok-na-mieru","status":"publish","type":"page","link":"https:\/\/kanapy.sk\/eshop\/nabytok-na-mieru\/","title":{"rendered":"N\u00e1bytok na mieru"},"content":{"rendered":"<div class=\"wpb-content-wrapper\"><p>[vc_row css=&#8221;.vc_custom_1650979454074{margin-bottom: 70px !important;}&#8221; woodmart_css_id=&#8221;6267f2752e978&#8243; mobile_bg_img_hidden=&#8221;no&#8221; tablet_bg_img_hidden=&#8221;no&#8221; woodmart_parallax=&#8221;0&#8243; woodmart_gradient_switch=&#8221;no&#8221; woodmart_box_shadow=&#8221;no&#8221; wd_z_index=&#8221;no&#8221; woodmart_disable_overflow=&#8221;0&#8243; row_reverse_mobile=&#8221;0&#8243; row_reverse_tablet=&#8221;0&#8243;][vc_column]\n\t\t<div id=\"wd-626a9b69caac1\" class=\"title-wrapper wd-wpb wd-set-mb reset-last-child  wd-rs-626a9b69caac1 wd-title-color-default wd-title-style-bordered text-center  wd-underline-colored\">\n\t\t\t\n\t\t\t<div class=\"liner-continer\">\n\t\t\t\t<h4 class=\"woodmart-title-container title  wd-font-weight- wd-fontsize-xl\" >N\u00e1bytok na mieru<\/h4>\n\t\t\t\t\t\t\t<\/div>\n\t\t\t\n\t\t\t\n\t\t\t\n\t\t<\/div>\n\t\t\n\t\t[vc_hoverbox image=&#8221;24663&#8243; primary_title=&#8221;&#8221; hover_title=&#8221;N\u00e1bytok na mieru od n\u00e1vrhu po reraliz\u00e1ciu&#8221; hover_background_color=&#8221;custom&#8221; hover_custom_background=&#8221;#e6aa78&#8243;]<span style=\"color: #1b3a32;\">N\u00e1bytok na mieru sa stal nevyhnutnou s\u00fa\u010das\u0165ou zariadenia interi\u00e9rov.<\/span><\/p>\n<p>Realizujeme n\u00e1vrh, zameranie, rozkreslenie, v\u00fdrobu a mont\u00e1\u017e n\u00e1bytkov na mieru z ve\u013ek\u00e9ho mno\u017estva materi\u00e1lov a dizajnov, ktor\u00e9 n\u00e1jdete v na\u0161ej ponuke.[\/vc_hoverbox][\/vc_column][\/vc_row][vc_row][vc_column width=&#8221;1\/3&#8243;]\t\t\t<div class=\"info-box-wrapper\">\n\t\t\t\t<div id=\"wd-66fe38b98a1e0\" class=\" wd-rs-66fe38b98a1e0 wd-info-box wd-wpb text-left box-icon-align-left box-style- color-scheme- wd-bg-none wd-items-top \">\n\t\t\t\t\t\t\t\t\t\t\t<div class=\"box-icon-wrapper  box-with-icon box-icon-simple\">\n\t\t\t\t\t\t\t<div class=\"info-box-icon\">\n\n\t\t\t\t\t\t\t\n\t\t\t\t\t\t\t\t\t\t\t\t\t\t\t\t\t<img loading=\"lazy\" decoding=\"async\" width=\"70\" height=\"70\" src=\"https:\/\/kanapy.sk\/eshop\/wp-content\/uploads\/2024\/10\/Kanapy-symbol-RGB-color-70x70.jpg\" class=\"attachment-70x70 size-70x70\" alt=\"\" srcset=\"https:\/\/kanapy.sk\/eshop\/wp-content\/uploads\/2024\/10\/Kanapy-symbol-RGB-color-70x70.jpg 70w, https:\/\/kanapy.sk\/eshop\/wp-content\/uploads\/2024\/10\/Kanapy-symbol-RGB-color-400x392.jpg 400w, https:\/\/kanapy.sk\/eshop\/wp-content\/uploads\/2024\/10\/Kanapy-symbol-RGB-color-320x314.jpg 320w, https:\/\/kanapy.sk\/eshop\/wp-content\/uploads\/2024\/10\/Kanapy-symbol-RGB-color-480x470.jpg 480w, https:\/\/kanapy.sk\/eshop\/wp-content\/uploads\/2024\/10\/Kanapy-symbol-RGB-color-150x147.jpg 150w, https:\/\/kanapy.sk\/eshop\/wp-content\/uploads\/2024\/10\/Kanapy-symbol-RGB-color-60x60.jpg 60w, https:\/\/kanapy.sk\/eshop\/wp-content\/uploads\/2024\/10\/Kanapy-symbol-RGB-color.jpg 600w\" sizes=\"auto, (max-width: 70px) 100vw, 70px\" \/>\t\t\t\t\t\t\t\t\t\t\t\t\t\t\t\n\t\t\t\t\t\t\t<\/div>\n\t\t\t\t\t\t<\/div>\n\t\t\t\t\t\t\t\t\t\t<div class=\"info-box-content\">\n\t\t\t\t\t\t<h4 class=\"info-box-title title box-title-style-default wd-fontsize-m\">N\u00e1bytok na mieru<\/h4>\t\t\t\t\t\t<div class=\"info-box-inner reset-last-child\"><p>Navrhneme a vyrob\u00edme n\u00e1bytok na mieru presne pod\u013ea Va\u0161ich predst\u00e1v a postar\u00e1me sa o kompletn\u00fa realiz\u00e1ciu.<\/p>\n<\/div>\n\n\t\t\t\t\t\t\t\t\t\t\t<\/div>\n\n\t\t\t\t\t\n\t\t\t\t\t\t\t\t\t<\/div>\n\t\t\t<\/div>\n\t\t[\/vc_column][vc_column width=&#8221;1\/3&#8243;]\t\t\t<div class=\"info-box-wrapper\">\n\t\t\t\t<div id=\"wd-66fe38e489873\" class=\" wd-rs-66fe38e489873 wd-info-box wd-wpb text-left box-icon-align-left box-style- color-scheme- wd-bg-none wd-items-top \">\n\t\t\t\t\t\t\t\t\t\t\t<div class=\"box-icon-wrapper  box-with-icon box-icon-simple\">\n\t\t\t\t\t\t\t<div class=\"info-box-icon\">\n\n\t\t\t\t\t\t\t\n\t\t\t\t\t\t\t\t\t\t\t\t\t\t\t\t\t<img loading=\"lazy\" decoding=\"async\" width=\"70\" height=\"70\" src=\"https:\/\/kanapy.sk\/eshop\/wp-content\/uploads\/2024\/10\/Kanapy-symbol-RGB-color-70x70.jpg\" class=\"attachment-70x70 size-70x70\" alt=\"\" srcset=\"https:\/\/kanapy.sk\/eshop\/wp-content\/uploads\/2024\/10\/Kanapy-symbol-RGB-color-70x70.jpg 70w, https:\/\/kanapy.sk\/eshop\/wp-content\/uploads\/2024\/10\/Kanapy-symbol-RGB-color-400x392.jpg 400w, https:\/\/kanapy.sk\/eshop\/wp-content\/uploads\/2024\/10\/Kanapy-symbol-RGB-color-320x314.jpg 320w, https:\/\/kanapy.sk\/eshop\/wp-content\/uploads\/2024\/10\/Kanapy-symbol-RGB-color-480x470.jpg 480w, https:\/\/kanapy.sk\/eshop\/wp-content\/uploads\/2024\/10\/Kanapy-symbol-RGB-color-150x147.jpg 150w, https:\/\/kanapy.sk\/eshop\/wp-content\/uploads\/2024\/10\/Kanapy-symbol-RGB-color-60x60.jpg 60w, https:\/\/kanapy.sk\/eshop\/wp-content\/uploads\/2024\/10\/Kanapy-symbol-RGB-color.jpg 600w\" sizes=\"auto, (max-width: 70px) 100vw, 70px\" \/>\t\t\t\t\t\t\t\t\t\t\t\t\t\t\t\n\t\t\t\t\t\t\t<\/div>\n\t\t\t\t\t\t<\/div>\n\t\t\t\t\t\t\t\t\t\t<div class=\"info-box-content\">\n\t\t\t\t\t\t<h4 class=\"info-box-title title box-title-style-default wd-fontsize-m\">Kuchyne na mieru<\/h4>\t\t\t\t\t\t<div class=\"info-box-inner reset-last-child\"><p>Navrhneme pre Va\u0161u kuchy\u0148u \u00fa\u010deln\u00e9 a dizajnov\u00e9 rie\u0161enie z vysoko kvalitn\u00fdch materi\u00e1lov a ve\u013ek\u00e9ho mno\u017estva dekorov a farebn\u00fdch preveden\u00ed.<\/p>\n<\/div>\n\n\t\t\t\t\t\t\t\t\t\t\t<\/div>\n\n\t\t\t\t\t\n\t\t\t\t\t\t\t\t\t<\/div>\n\t\t\t<\/div>\n\t\t[\/vc_column][vc_column width=&#8221;1\/3&#8243;]\t\t\t<div class=\"info-box-wrapper\">\n\t\t\t\t<div id=\"wd-66fe38f98d850\" class=\" wd-rs-66fe38f98d850 wd-info-box wd-wpb text-left box-icon-align-left box-style- color-scheme- wd-bg-none wd-items-top \">\n\t\t\t\t\t\t\t\t\t\t\t<div class=\"box-icon-wrapper  box-with-icon box-icon-simple\">\n\t\t\t\t\t\t\t<div class=\"info-box-icon\">\n\n\t\t\t\t\t\t\t\n\t\t\t\t\t\t\t\t\t\t\t\t\t\t\t\t\t<img loading=\"lazy\" decoding=\"async\" width=\"70\" height=\"70\" src=\"https:\/\/kanapy.sk\/eshop\/wp-content\/uploads\/2024\/10\/Kanapy-symbol-RGB-color-70x70.jpg\" class=\"attachment-70x70 size-70x70\" alt=\"\" srcset=\"https:\/\/kanapy.sk\/eshop\/wp-content\/uploads\/2024\/10\/Kanapy-symbol-RGB-color-70x70.jpg 70w, https:\/\/kanapy.sk\/eshop\/wp-content\/uploads\/2024\/10\/Kanapy-symbol-RGB-color-400x392.jpg 400w, https:\/\/kanapy.sk\/eshop\/wp-content\/uploads\/2024\/10\/Kanapy-symbol-RGB-color-320x314.jpg 320w, https:\/\/kanapy.sk\/eshop\/wp-content\/uploads\/2024\/10\/Kanapy-symbol-RGB-color-480x470.jpg 480w, https:\/\/kanapy.sk\/eshop\/wp-content\/uploads\/2024\/10\/Kanapy-symbol-RGB-color-150x147.jpg 150w, https:\/\/kanapy.sk\/eshop\/wp-content\/uploads\/2024\/10\/Kanapy-symbol-RGB-color-60x60.jpg 60w, https:\/\/kanapy.sk\/eshop\/wp-content\/uploads\/2024\/10\/Kanapy-symbol-RGB-color.jpg 600w\" sizes=\"auto, (max-width: 70px) 100vw, 70px\" \/>\t\t\t\t\t\t\t\t\t\t\t\t\t\t\t\n\t\t\t\t\t\t\t<\/div>\n\t\t\t\t\t\t<\/div>\n\t\t\t\t\t\t\t\t\t\t<div class=\"info-box-content\">\n\t\t\t\t\t\t<h4 class=\"info-box-title title box-title-style-default wd-fontsize-m\">Vstavan\u00e9 skrine a \u0161atn\u00edky<\/h4>\t\t\t\t\t\t<div class=\"info-box-inner reset-last-child\"><p>Pod\u013ea Va\u0161ich predst\u00e1v navrhneme a n\u00e1sledne zrealizujeme vstavan\u00e9 skrine a \u0161atn\u00edky.<\/p>\n<\/div>\n\n\t\t\t\t\t\t\t\t\t\t\t<\/div>\n\n\t\t\t\t\t\n\t\t\t\t\t\t\t\t\t<\/div>\n\t\t\t<\/div>\n\t\t[\/vc_column][\/vc_row][vc_row][vc_column][vc_gallery type=&#8221;image_grid&#8221; images=&#8221;24640,24667,24642,24657,24658,24659,24882,24878,24909,24863,24868,24865,24861,24856,24919,24894,24918,24937&#8243; img_size=&#8221;380&#215;190&#8243;][\/vc_column][\/vc_row][vc_row][vc_column][vc_separator color=&#8221;custom&#8221; accent_color=&#8221;#e6aa78&#8243; wd_hide_on_desktop=&#8221;no&#8221; wd_hide_on_tablet=&#8221;no&#8221; wd_hide_on_mobile=&#8221;no&#8221;][\/vc_column][\/vc_row][vc_row][vc_column][vc_column_text woodmart_inline=&#8221;no&#8221; text_larger=&#8221;no&#8221;]<span style=\"color: #1b3a32;\">Bli\u017e\u0161ie inform\u00e1cie k produktom V\u00e1m poskytneme na na\u0161om showroome, emailom alebo telefonicky.<\/span><\/p>\n<p><span style=\"color: #1b3a32;\">Nev\u00e1hajte n\u00e1s kontaktova\u0165!<\/span>[\/vc_column_text][\/vc_column][\/vc_row]<\/p>\n<\/div>","protected":false},"excerpt":{"rendered":"<p>[vc_row css=&#8221;.vc_custom_1650979454074{margin-bottom: 70px !important;}&#8221; woodmart_css_id=&#8221;6267f2752e978&#8243; mobile_bg_img_hidden=&#8221;no&#8221; tablet_bg_img_hidden=&#8221;no&#8221; woodmart_parallax=&#8221;0&#8243; woodmart_gradient_switch=&#8221;no&#8221; woodmart_box_shadow=&#8221;no&#8221; wd_z_index=&#8221;no&#8221; woodmart_disable_overflow=&#8221;0&#8243; row_reverse_mobile=&#8221;0&#8243; row_reverse_tablet=&#8221;0&#8243;][vc_column][vc_hoverbox image=&#8221;24663&#8243; primary_title=&#8221;&#8221; hover_title=&#8221;N\u00e1bytok na mieru od<\/p>\n","protected":false},"author":3,"featured_media":8753,"parent":0,"menu_order":0,"comment_status":"closed","ping_status":"closed","template":"","meta":{"jetpack_post_was_ever_published":false,"footnotes":""},"class_list":["post-7784","page","type-page","status-publish","has-post-thumbnail","hentry"],"yoast_head":"<!-- This site is optimized with the Yoast SEO plugin v26.0 - https:\/\/yoast.com\/wordpress\/plugins\/seo\/ -->\n<title>N\u00e1bytok na mieru pod\u013ea Va\u0161ich predst\u00e1v- KANAPY interi\u00e9r<\/title>\n<meta name=\"description\" content=\"KANAPY interi\u00e9r- N\u00e1bytok na mieru je neoddelite\u013en\u00e1 s\u00fa\u010das\u0165 luxusn\u00e9ho interi\u00e9ru. Nechajte to na n\u00e1s, o v\u0161etko sa postaraj\u00fa na\u0161i \u0161ikovn\u00ed stol\u00e1ri.\" \/>\n<meta name=\"robots\" content=\"index, follow, max-snippet:-1, max-image-preview:large, max-video-preview:-1\" \/>\n<link rel=\"canonical\" href=\"https:\/\/kanapy.sk\/eshop\/nabytok-na-mieru\/\" \/>\n<meta property=\"og:locale\" content=\"sk_SK\" \/>\n<meta property=\"og:type\" content=\"article\" \/>\n<meta property=\"og:title\" content=\"N\u00e1bytok na mieru pod\u013ea Va\u0161ich predst\u00e1v- KANAPY interi\u00e9r\" \/>\n<meta property=\"og:description\" content=\"KANAPY interi\u00e9r- N\u00e1bytok na mieru je neoddelite\u013en\u00e1 s\u00fa\u010das\u0165 luxusn\u00e9ho interi\u00e9ru. Nechajte to na n\u00e1s, o v\u0161etko sa postaraj\u00fa na\u0161i \u0161ikovn\u00ed stol\u00e1ri.\" \/>\n<meta property=\"og:url\" content=\"https:\/\/kanapy.sk\/eshop\/nabytok-na-mieru\/\" \/>\n<meta property=\"og:site_name\" content=\"KANAPY design studio\" \/>\n<meta property=\"article:publisher\" content=\"https:\/\/sk-sk.facebook.com\/kanapyinterier\" \/>\n<meta property=\"article:modified_time\" content=\"2024-10-25T07:45:44+00:00\" \/>\n<meta property=\"og:image\" content=\"https:\/\/kanapy.sk\/eshop\/wp-content\/uploads\/2022\/05\/nabytok-na-mieru.jpg\" \/>\n\t<meta property=\"og:image:width\" content=\"1500\" \/>\n\t<meta property=\"og:image:height\" content=\"836\" \/>\n\t<meta property=\"og:image:type\" content=\"image\/jpeg\" \/>\n<meta name=\"twitter:card\" content=\"summary_large_image\" \/>\n<meta name=\"twitter:label1\" content=\"Predpokladan\u00fd \u010das \u010d\u00edtania\" \/>\n\t<meta name=\"twitter:data1\" content=\"1 min\u00fata\" \/>\n<script type=\"application\/ld+json\" class=\"yoast-schema-graph\">{\"@context\":\"https:\/\/schema.org\",\"@graph\":[{\"@type\":\"WebPage\",\"@id\":\"https:\/\/kanapy.sk\/eshop\/nabytok-na-mieru\/\",\"url\":\"https:\/\/kanapy.sk\/eshop\/nabytok-na-mieru\/\",\"name\":\"N\u00e1bytok na mieru pod\u013ea Va\u0161ich predst\u00e1v- KANAPY interi\u00e9r\",\"isPartOf\":{\"@id\":\"https:\/\/kanapy.sk\/eshop\/#website\"},\"primaryImageOfPage\":{\"@id\":\"https:\/\/kanapy.sk\/eshop\/nabytok-na-mieru\/#primaryimage\"},\"image\":{\"@id\":\"https:\/\/kanapy.sk\/eshop\/nabytok-na-mieru\/#primaryimage\"},\"thumbnailUrl\":\"https:\/\/kanapy.sk\/eshop\/wp-content\/uploads\/2022\/05\/nabytok-na-mieru.jpg\",\"datePublished\":\"2022-04-07T09:10:49+00:00\",\"dateModified\":\"2024-10-25T07:45:44+00:00\",\"description\":\"KANAPY interi\u00e9r- N\u00e1bytok na mieru je neoddelite\u013en\u00e1 s\u00fa\u010das\u0165 luxusn\u00e9ho interi\u00e9ru. Nechajte to na n\u00e1s, o v\u0161etko sa postaraj\u00fa na\u0161i \u0161ikovn\u00ed stol\u00e1ri.\",\"breadcrumb\":{\"@id\":\"https:\/\/kanapy.sk\/eshop\/nabytok-na-mieru\/#breadcrumb\"},\"inLanguage\":\"sk-SK\",\"potentialAction\":[{\"@type\":\"ReadAction\",\"target\":[\"https:\/\/kanapy.sk\/eshop\/nabytok-na-mieru\/\"]}]},{\"@type\":\"ImageObject\",\"inLanguage\":\"sk-SK\",\"@id\":\"https:\/\/kanapy.sk\/eshop\/nabytok-na-mieru\/#primaryimage\",\"url\":\"https:\/\/kanapy.sk\/eshop\/wp-content\/uploads\/2022\/05\/nabytok-na-mieru.jpg\",\"contentUrl\":\"https:\/\/kanapy.sk\/eshop\/wp-content\/uploads\/2022\/05\/nabytok-na-mieru.jpg\",\"width\":1500,\"height\":836,\"caption\":\"N\u00e1bytok na mieru\"},{\"@type\":\"BreadcrumbList\",\"@id\":\"https:\/\/kanapy.sk\/eshop\/nabytok-na-mieru\/#breadcrumb\",\"itemListElement\":[{\"@type\":\"ListItem\",\"position\":1,\"name\":\"Domovsk\u00e1 str\u00e1nka\",\"item\":\"https:\/\/kanapy.sk\/eshop\/\"},{\"@type\":\"ListItem\",\"position\":2,\"name\":\"N\u00e1bytok na mieru\"}]},{\"@type\":\"WebSite\",\"@id\":\"https:\/\/kanapy.sk\/eshop\/#website\",\"url\":\"https:\/\/kanapy.sk\/eshop\/\",\"name\":\"KANAPY design studio\",\"description\":\"Aby ste sa domov te\u0161ili\",\"publisher\":{\"@id\":\"https:\/\/kanapy.sk\/eshop\/#organization\"},\"alternateName\":\"KAKAPY interi\u00e9r\",\"potentialAction\":[{\"@type\":\"SearchAction\",\"target\":{\"@type\":\"EntryPoint\",\"urlTemplate\":\"https:\/\/kanapy.sk\/eshop\/?s={search_term_string}\"},\"query-input\":{\"@type\":\"PropertyValueSpecification\",\"valueRequired\":true,\"valueName\":\"search_term_string\"}}],\"inLanguage\":\"sk-SK\"},{\"@type\":\"Organization\",\"@id\":\"https:\/\/kanapy.sk\/eshop\/#organization\",\"name\":\"KA-NA-PY interi\u00e9r, s.r.o.\",\"alternateName\":\"KANAPY Design Studio\",\"url\":\"https:\/\/kanapy.sk\/eshop\/\",\"logo\":{\"@type\":\"ImageObject\",\"inLanguage\":\"sk-SK\",\"@id\":\"https:\/\/kanapy.sk\/eshop\/#\/schema\/logo\/image\/\",\"url\":\"https:\/\/kanapy.sk\/eshop\/wp-content\/uploads\/2024\/10\/Kanapy-primary-RGB-color.jpg\",\"contentUrl\":\"https:\/\/kanapy.sk\/eshop\/wp-content\/uploads\/2024\/10\/Kanapy-primary-RGB-color.jpg\",\"width\":600,\"height\":215,\"caption\":\"KA-NA-PY interi\u00e9r, s.r.o.\"},\"image\":{\"@id\":\"https:\/\/kanapy.sk\/eshop\/#\/schema\/logo\/image\/\"},\"sameAs\":[\"https:\/\/sk-sk.facebook.com\/kanapyinterier\",\"http:\/\/instagram.com\/kanapy_trnava\/\"]}]}<\/script>\n<!-- \/ Yoast SEO plugin. -->","yoast_head_json":{"title":"N\u00e1bytok na mieru pod\u013ea Va\u0161ich predst\u00e1v- KANAPY interi\u00e9r","description":"KANAPY interi\u00e9r- N\u00e1bytok na mieru je neoddelite\u013en\u00e1 s\u00fa\u010das\u0165 luxusn\u00e9ho interi\u00e9ru. Nechajte to na n\u00e1s, o v\u0161etko sa postaraj\u00fa na\u0161i \u0161ikovn\u00ed stol\u00e1ri.","robots":{"index":"index","follow":"follow","max-snippet":"max-snippet:-1","max-image-preview":"max-image-preview:large","max-video-preview":"max-video-preview:-1"},"canonical":"https:\/\/kanapy.sk\/eshop\/nabytok-na-mieru\/","og_locale":"sk_SK","og_type":"article","og_title":"N\u00e1bytok na mieru pod\u013ea Va\u0161ich predst\u00e1v- KANAPY interi\u00e9r","og_description":"KANAPY interi\u00e9r- N\u00e1bytok na mieru je neoddelite\u013en\u00e1 s\u00fa\u010das\u0165 luxusn\u00e9ho interi\u00e9ru. Nechajte to na n\u00e1s, o v\u0161etko sa postaraj\u00fa na\u0161i \u0161ikovn\u00ed stol\u00e1ri.","og_url":"https:\/\/kanapy.sk\/eshop\/nabytok-na-mieru\/","og_site_name":"KANAPY design studio","article_publisher":"https:\/\/sk-sk.facebook.com\/kanapyinterier","article_modified_time":"2024-10-25T07:45:44+00:00","og_image":[{"width":1500,"height":836,"url":"https:\/\/kanapy.sk\/eshop\/wp-content\/uploads\/2022\/05\/nabytok-na-mieru.jpg","type":"image\/jpeg"}],"twitter_card":"summary_large_image","twitter_misc":{"Predpokladan\u00fd \u010das \u010d\u00edtania":"1 min\u00fata"},"schema":{"@context":"https:\/\/schema.org","@graph":[{"@type":"WebPage","@id":"https:\/\/kanapy.sk\/eshop\/nabytok-na-mieru\/","url":"https:\/\/kanapy.sk\/eshop\/nabytok-na-mieru\/","name":"N\u00e1bytok na mieru pod\u013ea Va\u0161ich predst\u00e1v- KANAPY interi\u00e9r","isPartOf":{"@id":"https:\/\/kanapy.sk\/eshop\/#website"},"primaryImageOfPage":{"@id":"https:\/\/kanapy.sk\/eshop\/nabytok-na-mieru\/#primaryimage"},"image":{"@id":"https:\/\/kanapy.sk\/eshop\/nabytok-na-mieru\/#primaryimage"},"thumbnailUrl":"https:\/\/kanapy.sk\/eshop\/wp-content\/uploads\/2022\/05\/nabytok-na-mieru.jpg","datePublished":"2022-04-07T09:10:49+00:00","dateModified":"2024-10-25T07:45:44+00:00","description":"KANAPY interi\u00e9r- N\u00e1bytok na mieru je neoddelite\u013en\u00e1 s\u00fa\u010das\u0165 luxusn\u00e9ho interi\u00e9ru. Nechajte to na n\u00e1s, o v\u0161etko sa postaraj\u00fa na\u0161i \u0161ikovn\u00ed stol\u00e1ri.","breadcrumb":{"@id":"https:\/\/kanapy.sk\/eshop\/nabytok-na-mieru\/#breadcrumb"},"inLanguage":"sk-SK","potentialAction":[{"@type":"ReadAction","target":["https:\/\/kanapy.sk\/eshop\/nabytok-na-mieru\/"]}]},{"@type":"ImageObject","inLanguage":"sk-SK","@id":"https:\/\/kanapy.sk\/eshop\/nabytok-na-mieru\/#primaryimage","url":"https:\/\/kanapy.sk\/eshop\/wp-content\/uploads\/2022\/05\/nabytok-na-mieru.jpg","contentUrl":"https:\/\/kanapy.sk\/eshop\/wp-content\/uploads\/2022\/05\/nabytok-na-mieru.jpg","width":1500,"height":836,"caption":"N\u00e1bytok na mieru"},{"@type":"BreadcrumbList","@id":"https:\/\/kanapy.sk\/eshop\/nabytok-na-mieru\/#breadcrumb","itemListElement":[{"@type":"ListItem","position":1,"name":"Domovsk\u00e1 str\u00e1nka","item":"https:\/\/kanapy.sk\/eshop\/"},{"@type":"ListItem","position":2,"name":"N\u00e1bytok na mieru"}]},{"@type":"WebSite","@id":"https:\/\/kanapy.sk\/eshop\/#website","url":"https:\/\/kanapy.sk\/eshop\/","name":"KANAPY design studio","description":"Aby ste sa domov te\u0161ili","publisher":{"@id":"https:\/\/kanapy.sk\/eshop\/#organization"},"alternateName":"KAKAPY interi\u00e9r","potentialAction":[{"@type":"SearchAction","target":{"@type":"EntryPoint","urlTemplate":"https:\/\/kanapy.sk\/eshop\/?s={search_term_string}"},"query-input":{"@type":"PropertyValueSpecification","valueRequired":true,"valueName":"search_term_string"}}],"inLanguage":"sk-SK"},{"@type":"Organization","@id":"https:\/\/kanapy.sk\/eshop\/#organization","name":"KA-NA-PY interi\u00e9r, s.r.o.","alternateName":"KANAPY Design Studio","url":"https:\/\/kanapy.sk\/eshop\/","logo":{"@type":"ImageObject","inLanguage":"sk-SK","@id":"https:\/\/kanapy.sk\/eshop\/#\/schema\/logo\/image\/","url":"https:\/\/kanapy.sk\/eshop\/wp-content\/uploads\/2024\/10\/Kanapy-primary-RGB-color.jpg","contentUrl":"https:\/\/kanapy.sk\/eshop\/wp-content\/uploads\/2024\/10\/Kanapy-primary-RGB-color.jpg","width":600,"height":215,"caption":"KA-NA-PY interi\u00e9r, s.r.o."},"image":{"@id":"https:\/\/kanapy.sk\/eshop\/#\/schema\/logo\/image\/"},"sameAs":["https:\/\/sk-sk.facebook.com\/kanapyinterier","http:\/\/instagram.com\/kanapy_trnava\/"]}]}},"jetpack_sharing_enabled":true,"jetpack_shortlink":"https:\/\/wp.me\/P9Py1F-21y","_links":{"self":[{"href":"https:\/\/kanapy.sk\/eshop\/wp-json\/wp\/v2\/pages\/7784","targetHints":{"allow":["GET"]}}],"collection":[{"href":"https:\/\/kanapy.sk\/eshop\/wp-json\/wp\/v2\/pages"}],"about":[{"href":"https:\/\/kanapy.sk\/eshop\/wp-json\/wp\/v2\/types\/page"}],"author":[{"embeddable":true,"href":"https:\/\/kanapy.sk\/eshop\/wp-json\/wp\/v2\/users\/3"}],"replies":[{"embeddable":true,"href":"https:\/\/kanapy.sk\/eshop\/wp-json\/wp\/v2\/comments?post=7784"}],"version-history":[{"count":24,"href":"https:\/\/kanapy.sk\/eshop\/wp-json\/wp\/v2\/pages\/7784\/revisions"}],"predecessor-version":[{"id":25453,"href":"https:\/\/kanapy.sk\/eshop\/wp-json\/wp\/v2\/pages\/7784\/revisions\/25453"}],"wp:featuredmedia":[{"embeddable":true,"href":"https:\/\/kanapy.sk\/eshop\/wp-json\/wp\/v2\/media\/8753"}],"wp:attachment":[{"href":"https:\/\/kanapy.sk\/eshop\/wp-json\/wp\/v2\/media?parent=7784"}],"curies":[{"name":"wp","href":"https:\/\/api.w.org\/{rel}","templated":true}]}}