{"id":7786,"date":"2022-04-07T11:11:30","date_gmt":"2022-04-07T09:11:30","guid":{"rendered":"https:\/\/kanapy.sk\/eshop\/?page_id=7786"},"modified":"2025-07-08T08:34:38","modified_gmt":"2025-07-08T06:34:38","slug":"sedacie-supravy-a-kresla","status":"publish","type":"page","link":"https:\/\/kanapy.sk\/eshop\/sedacie-supravy-a-kresla\/","title":{"rendered":"Sedacie s\u00fapravy a kresl\u00e1"},"content":{"rendered":"<div class=\"wpb-content-wrapper\"><p>[vc_row full_width=&#8221;stretch_row_content_no_spaces&#8221; woodmart_css_id=&#8221;6253dcbd4ecd6&#8243; mobile_bg_img_hidden=&#8221;no&#8221; tablet_bg_img_hidden=&#8221;no&#8221; woodmart_parallax=&#8221;0&#8243; woodmart_gradient_switch=&#8221;no&#8221; woodmart_box_shadow=&#8221;no&#8221; wd_z_index=&#8221;no&#8221; woodmart_disable_overflow=&#8221;0&#8243; row_reverse_mobile=&#8221;0&#8243; row_reverse_tablet=&#8221;0&#8243;][vc_column]\n\t\t<div id=\"wd-626a9b9373686\" class=\"title-wrapper wd-wpb wd-set-mb reset-last-child  wd-rs-626a9b9373686 wd-title-color-default wd-title-style-bordered text-center  wd-underline-colored\">\n\t\t\t\n\t\t\t<div class=\"liner-continer\">\n\t\t\t\t<h4 class=\"woodmart-title-container title  wd-font-weight- wd-fontsize-xl\" >SEDACIE S\u00daPRAVY A KRESL\u00c1<\/h4>\n\t\t\t\t\t\t\t<\/div>\n\t\t\t\n\t\t\t\n\t\t\t\n\t\t<\/div>\n\t\t\n\t\t[\/vc_column][\/vc_row][vc_row full_width=&#8221;stretch_row_content_no_spaces&#8221; woodmart_css_id=&#8221;6253def892b58&#8243; mobile_bg_img_hidden=&#8221;no&#8221; tablet_bg_img_hidden=&#8221;no&#8221; woodmart_parallax=&#8221;0&#8243; woodmart_gradient_switch=&#8221;no&#8221; woodmart_box_shadow=&#8221;no&#8221; wd_z_index=&#8221;no&#8221; woodmart_disable_overflow=&#8221;0&#8243; row_reverse_mobile=&#8221;0&#8243; row_reverse_tablet=&#8221;0&#8243;][vc_column][vc_hoverbox image=&#8221;8603&#8243; primary_title=&#8221;&#8221; hover_title=&#8221;&#8221; hover_background_color=&#8221;custom&#8221; css=&#8221;.vc_custom_1727941677191{margin-top: 20px !important;margin-bottom: 50px !important;}&#8221; hover_custom_background=&#8221;#e6aa78&#8243;]<\/p>\n<p>Nad\u010dasov\u00fd\u00a0vzh\u013ead, kvalitn\u00e9 prevedenie, pohodlie, praktickos\u0165\u00a0\u2013 to s\u00fa\u00a0z\u00e1kladn\u00e9\u00a0krit\u00e9ria, ktor\u00e9 by mala sp\u013a\u0148a\u0165\u00a0ka\u017ed\u00e1 sedacia\u00a0s\u00faprava.<br \/>\nV na\u0161ej ponuke n\u00e1jdete modely od renomovan\u00fdch v\u00fdrobcov n\u00e1bytku. Vyberte si tak\u00fa sedaciu s\u00fapravu, ktor\u00e1 spln\u00ed va\u0161e v\u0161etky n\u00e1roky na vzh\u013ead, funk\u010dnos\u0165\u00a0a po\u0165ahov\u00fd materi\u00e1l.<\/p>\n<p>U n\u00e1s n\u00e1jdete klasick\u00e9 seda\u010dky, vhodn\u00e9 do v\u0161etk\u00fdch typov interi\u00e9rov, ako aj luxusn\u00e9 sedacie s\u00fapravy a\u00a0dizajnov\u00e9 kresl\u00e1, ktor\u00e9 ocenia predov\u0161etk\u00fdm n\u00e1ro\u010dnej\u0161\u00ed z\u00e1kazn\u00edci. Na kvalitu spracovania a\u00a0dlh\u00fa \u017eivotnos\u0165 sa u\u00a0n\u00e1s m\u00f4\u017eete spo\u013eahn\u00fa\u0165.<\/p>\n<p>[\/vc_hoverbox][\/vc_column][\/vc_row][vc_row css=&#8221;.vc_custom_1650118097816{margin-top: 30px !important;margin-bottom: 40px !important;}&#8221; woodmart_css_id=&#8221;625acdc72a0ac&#8221; mobile_bg_img_hidden=&#8221;no&#8221; tablet_bg_img_hidden=&#8221;no&#8221; woodmart_parallax=&#8221;0&#8243; woodmart_gradient_switch=&#8221;no&#8221; woodmart_box_shadow=&#8221;no&#8221; wd_z_index=&#8221;no&#8221; woodmart_disable_overflow=&#8221;0&#8243; row_reverse_mobile=&#8221;0&#8243; row_reverse_tablet=&#8221;0&#8243;][vc_column]\n\t\t<div id=\"wd-66fe4dae3a424\" class=\"title-wrapper wd-wpb wd-set-mb reset-last-child  wd-rs-66fe4dae3a424 wd-title-color-default wd-title-style-default text-center  wd-underline-colored\">\n\t\t\t\n\t\t\t<div class=\"liner-continer\">\n\t\t\t\t<h4 class=\"woodmart-title-container title  wd-font-weight- wd-fontsize-l\" >N\u00e1jdete u n\u00e1s:<\/h4>\n\t\t\t\t\t\t\t<\/div>\n\t\t\t\n\t\t\t\n\t\t\t\n\t\t<\/div>\n\t\t\n\t\t[\/vc_column][\/vc_row][vc_row css=&#8221;.vc_custom_1649767355848{margin-top: 0px !important;}&#8221; woodmart_css_id=&#8221;625573af86cc7&#8243; mobile_bg_img_hidden=&#8221;no&#8221; tablet_bg_img_hidden=&#8221;no&#8221; woodmart_parallax=&#8221;0&#8243; woodmart_gradient_switch=&#8221;no&#8221; woodmart_box_shadow=&#8221;no&#8221; wd_z_index=&#8221;no&#8221; woodmart_disable_overflow=&#8221;0&#8243; row_reverse_mobile=&#8221;0&#8243; row_reverse_tablet=&#8221;0&#8243;][vc_column width=&#8221;1\/5&#8243;][vc_column_text css=&#8221;.vc_custom_1651673190801{margin-top: 25px !important;margin-left: 55px !important;}&#8221; woodmart_inline=&#8221;no&#8221; text_larger=&#8221;no&#8221;]<a href=\"https:\/\/kanapy.sk\/eshop\/wp-content\/uploads\/2022\/04\/atlas-katalog_2022.pdf\"><img loading=\"lazy\" decoding=\"async\" class=\" wp-image-8102 aligncenter\" src=\"https:\/\/kanapy.sk\/eshop\/wp-content\/uploads\/2022\/04\/Atlas_Furniture_Icon_color_web-300x300.png\" alt=\"Atlas Furniture\" width=\"83\" height=\"83\" srcset=\"https:\/\/kanapy.sk\/eshop\/wp-content\/uploads\/2022\/04\/Atlas_Furniture_Icon_color_web.png 300w, https:\/\/kanapy.sk\/eshop\/wp-content\/uploads\/2022\/04\/Atlas_Furniture_Icon_color_web-150x150.png 150w\" sizes=\"auto, (max-width: 83px) 100vw, 83px\" \/><\/a>[\/vc_column_text][\/vc_column][vc_column width=&#8221;1\/5&#8243;][vc_column_text css=&#8221;.vc_custom_1651673200872{margin-top: 35px !important;}&#8221; woodmart_inline=&#8221;no&#8221; text_larger=&#8221;no&#8221;]<img loading=\"lazy\" decoding=\"async\" class=\"wp-image-8101 aligncenter\" src=\"https:\/\/kanapy.sk\/eshop\/wp-content\/uploads\/2022\/04\/Alpa-Salotti-Logo-1-02-1024x447-1-300x131.png\" alt=\"Alpa-Salotti\" width=\"160\" height=\"70\" srcset=\"https:\/\/kanapy.sk\/eshop\/wp-content\/uploads\/2022\/04\/Alpa-Salotti-Logo-1-02-1024x447-1-300x131.png 300w, https:\/\/kanapy.sk\/eshop\/wp-content\/uploads\/2022\/04\/Alpa-Salotti-Logo-1-02-1024x447-1-768x335.png 768w, https:\/\/kanapy.sk\/eshop\/wp-content\/uploads\/2022\/04\/Alpa-Salotti-Logo-1-02-1024x447-1-150x66.png 150w, https:\/\/kanapy.sk\/eshop\/wp-content\/uploads\/2022\/04\/Alpa-Salotti-Logo-1-02-1024x447-1.png 900w\" sizes=\"auto, (max-width: 160px) 100vw, 160px\" \/>[\/vc_column_text][\/vc_column][vc_column width=&#8221;1\/5&#8243;][vc_column_text css=&#8221;.vc_custom_1651673209346{margin-top: -20px !important;margin-left: 10px !important;}&#8221; woodmart_inline=&#8221;no&#8221; text_larger=&#8221;no&#8221;]<a href=\"https:\/\/kanapy.sk\/eshop\/wp-content\/uploads\/2022\/04\/Calia-italia-katalog.pdf\"><img loading=\"lazy\" decoding=\"async\" class=\" wp-image-8103 aligncenter\" src=\"https:\/\/kanapy.sk\/eshop\/wp-content\/uploads\/2022\/04\/calia_logo-300x300.png\" alt=\"Calia Italia\" width=\"148\" height=\"148\" srcset=\"https:\/\/kanapy.sk\/eshop\/wp-content\/uploads\/2022\/04\/calia_logo-300x300.png 300w, https:\/\/kanapy.sk\/eshop\/wp-content\/uploads\/2022\/04\/calia_logo-150x150.png 150w, https:\/\/kanapy.sk\/eshop\/wp-content\/uploads\/2022\/04\/calia_logo.png 400w\" sizes=\"auto, (max-width: 148px) 100vw, 148px\" \/><\/a>[\/vc_column_text][\/vc_column][vc_column width=&#8221;1\/5&#8243; css=&#8221;.vc_custom_1650118391284{margin-top: -15px !important;margin-left: -20px !important;}&#8221; woodmart_css_id=&#8221;625aced6aac92&#8243; parallax_scroll=&#8221;no&#8221; woodmart_sticky_column=&#8221;false&#8221; wd_collapsible_content_switcher=&#8221;no&#8221; mobile_bg_img_hidden=&#8221;no&#8221; tablet_bg_img_hidden=&#8221;no&#8221; woodmart_parallax=&#8221;0&#8243; woodmart_box_shadow=&#8221;no&#8221; mobile_reset_margin=&#8221;no&#8221; tablet_reset_margin=&#8221;no&#8221; wd_z_index=&#8221;no&#8221;][vc_column_text css=&#8221;.vc_custom_1651673228983{margin-top: 20px !important;margin-left: 10px !important;}&#8221; woodmart_inline=&#8221;no&#8221; text_larger=&#8221;no&#8221;]<a href=\"https:\/\/kanapy.sk\/eshop\/wp-content\/uploads\/2022\/04\/Felis-sedacky.pdf\"><img loading=\"lazy\" decoding=\"async\" class=\" wp-image-8104 aligncenter\" src=\"https:\/\/kanapy.sk\/eshop\/wp-content\/uploads\/2022\/04\/logo_footer_felis.png\" alt=\"Felis sedacky\" width=\"171\" height=\"121\" srcset=\"https:\/\/kanapy.sk\/eshop\/wp-content\/uploads\/2022\/04\/logo_footer_felis.png 201w, https:\/\/kanapy.sk\/eshop\/wp-content\/uploads\/2022\/04\/logo_footer_felis-150x107.png 150w\" sizes=\"auto, (max-width: 171px) 100vw, 171px\" \/><\/a>[\/vc_column_text][\/vc_column][vc_column width=&#8221;1\/5&#8243;][vc_column_text css=&#8221;.vc_custom_1651673237617{margin-top: -15px !important;}&#8221; woodmart_inline=&#8221;no&#8221; text_larger=&#8221;no&#8221;]<a href=\"https:\/\/kanapy.sk\/eshop\/wp-content\/uploads\/2022\/04\/Luxord-sedacky-a-postele.pdf\"><img loading=\"lazy\" decoding=\"async\" class=\" wp-image-8105 aligncenter\" src=\"https:\/\/kanapy.sk\/eshop\/wp-content\/uploads\/2022\/04\/luxord-logo.jpg\" alt=\"luxord \" width=\"158\" height=\"158\" srcset=\"https:\/\/kanapy.sk\/eshop\/wp-content\/uploads\/2022\/04\/luxord-logo.jpg 225w, https:\/\/kanapy.sk\/eshop\/wp-content\/uploads\/2022\/04\/luxord-logo-150x150.jpg 150w\" sizes=\"auto, (max-width: 158px) 100vw, 158px\" \/><\/a>[\/vc_column_text][\/vc_column][\/vc_row][vc_row css=&#8221;.vc_custom_1708953880545{margin-top: 20px !important;margin-bottom: 200px !important;}&#8221; woodmart_css_id=&#8221;65dc910b5612a&#8221; mobile_bg_img_hidden=&#8221;no&#8221; tablet_bg_img_hidden=&#8221;no&#8221; woodmart_parallax=&#8221;0&#8243; woodmart_gradient_switch=&#8221;no&#8221; woodmart_box_shadow=&#8221;no&#8221; wd_z_index=&#8221;no&#8221; woodmart_disable_overflow=&#8221;0&#8243; row_reverse_mobile=&#8221;0&#8243; row_reverse_tablet=&#8221;0&#8243; responsive_spacing=&#8221;eyJwYXJhbV90eXBlIjoid29vZG1hcnRfcmVzcG9uc2l2ZV9zcGFjaW5nIiwic2VsZWN0b3JfaWQiOiI2NWRjOTEwYjU2MTJhIiwic2hvcnRjb2RlIjoidmNfcm93IiwiZGF0YSI6eyJ0YWJsZXQiOnt9LCJtb2JpbGUiOnt9fX0=&#8221;][vc_column width=&#8221;1\/5&#8243; css=&#8221;.vc_custom_1650118496200{margin-top: 30px !important;}&#8221; woodmart_css_id=&#8221;625acf59542f2&#8243; parallax_scroll=&#8221;no&#8221; woodmart_sticky_column=&#8221;false&#8221; wd_collapsible_content_switcher=&#8221;no&#8221; mobile_bg_img_hidden=&#8221;no&#8221; tablet_bg_img_hidden=&#8221;no&#8221; woodmart_parallax=&#8221;0&#8243; woodmart_box_shadow=&#8221;no&#8221; mobile_reset_margin=&#8221;no&#8221; tablet_reset_margin=&#8221;no&#8221; wd_z_index=&#8221;no&#8221;][vc_column_text css=&#8221;.vc_custom_1651673253065{margin-top: -20px !important;}&#8221; woodmart_inline=&#8221;no&#8221; text_larger=&#8221;no&#8221;]<img loading=\"lazy\" decoding=\"async\" class=\" wp-image-8263 aligncenter\" src=\"https:\/\/kanapy.sk\/eshop\/wp-content\/uploads\/2022\/04\/Samoa-sofas-300x300.jpg\" alt=\"Samoa sofas\" width=\"183\" height=\"183\" srcset=\"https:\/\/kanapy.sk\/eshop\/wp-content\/uploads\/2022\/04\/Samoa-sofas.jpg 300w, https:\/\/kanapy.sk\/eshop\/wp-content\/uploads\/2022\/04\/Samoa-sofas-150x150.jpg 150w\" sizes=\"auto, (max-width: 183px) 100vw, 183px\" \/>[\/vc_column_text][\/vc_column][vc_column width=&#8221;1\/5&#8243;][vc_column_text css=&#8221;.vc_custom_1727943623030{margin-top: -20px !important;}&#8221; woodmart_inline=&#8221;no&#8221; text_larger=&#8221;no&#8221;]<img loading=\"lazy\" decoding=\"async\" class=\"alignnone size-full wp-image-25103 aligncenter\" src=\"https:\/\/kanapy.sk\/eshop\/wp-content\/uploads\/2024\/10\/images.jpg\" alt=\"\" width=\"299\" height=\"169\" srcset=\"https:\/\/kanapy.sk\/eshop\/wp-content\/uploads\/2024\/10\/images.jpg 299w, https:\/\/kanapy.sk\/eshop\/wp-content\/uploads\/2024\/10\/images-150x85.jpg 150w\" sizes=\"auto, (max-width: 299px) 100vw, 299px\" \/>[\/vc_column_text][\/vc_column][vc_column width=&#8221;1\/5&#8243;][vc_column_text css=&#8221;.vc_custom_1651673265554{margin-top: -40px !important;}&#8221; woodmart_inline=&#8221;no&#8221; text_larger=&#8221;no&#8221;]<img loading=\"lazy\" decoding=\"async\" class=\" wp-image-8264 aligncenter\" src=\"https:\/\/kanapy.sk\/eshop\/wp-content\/uploads\/2022\/04\/wajnert-sofas.jpg\" alt=\"wajnert sofas\" width=\"203\" height=\"203\" srcset=\"https:\/\/kanapy.sk\/eshop\/wp-content\/uploads\/2022\/04\/wajnert-sofas.jpg 225w, https:\/\/kanapy.sk\/eshop\/wp-content\/uploads\/2022\/04\/wajnert-sofas-150x150.jpg 150w\" sizes=\"auto, (max-width: 203px) 100vw, 203px\" \/>[\/vc_column_text][\/vc_column][vc_column width=&#8221;1\/5&#8243;][vc_column_text css=&#8221;.vc_custom_1651673245713{margin-top: 10px !important;}&#8221; woodmart_inline=&#8221;no&#8221; text_larger=&#8221;no&#8221;]<img loading=\"lazy\" decoding=\"async\" class=\" wp-image-8107 aligncenter\" src=\"https:\/\/kanapy.sk\/eshop\/wp-content\/uploads\/2022\/04\/logo-schilligusa.png\" alt=\"schilligusa\" width=\"177\" height=\"100\" srcset=\"https:\/\/kanapy.sk\/eshop\/wp-content\/uploads\/2022\/04\/logo-schilligusa.png 250w, https:\/\/kanapy.sk\/eshop\/wp-content\/uploads\/2022\/04\/logo-schilligusa-150x85.png 150w\" sizes=\"auto, (max-width: 177px) 100vw, 177px\" \/>[\/vc_column_text][\/vc_column][\/vc_row][vc_row][vc_column][vc_separator color=&#8221;custom&#8221; accent_color=&#8221;#e6aa78&#8243; wd_hide_on_desktop=&#8221;no&#8221; wd_hide_on_tablet=&#8221;no&#8221; wd_hide_on_mobile=&#8221;no&#8221;][\/vc_column][\/vc_row][vc_row][vc_column][vc_column_text woodmart_inline=&#8221;no&#8221; text_larger=&#8221;no&#8221;]<span style=\"color: #1b3a32;\">Bli\u017e\u0161ie inform\u00e1cie k produktom V\u00e1m poskytneme na na\u0161om showroome, emailom alebo telefonicky.<\/span><\/p>\n<p><span style=\"color: #1b3a32;\">Nev\u00e1hajte n\u00e1s kontaktova\u0165!<\/span>[\/vc_column_text][\/vc_column][\/vc_row]<\/p>\n<\/div>","protected":false},"excerpt":{"rendered":"<p>[vc_row full_width=&#8221;stretch_row_content_no_spaces&#8221; woodmart_css_id=&#8221;6253dcbd4ecd6&#8243; mobile_bg_img_hidden=&#8221;no&#8221; tablet_bg_img_hidden=&#8221;no&#8221; woodmart_parallax=&#8221;0&#8243; woodmart_gradient_switch=&#8221;no&#8221; woodmart_box_shadow=&#8221;no&#8221; wd_z_index=&#8221;no&#8221; woodmart_disable_overflow=&#8221;0&#8243; row_reverse_mobile=&#8221;0&#8243; row_reverse_tablet=&#8221;0&#8243;][vc_column][\/vc_column][\/vc_row][vc_row full_width=&#8221;stretch_row_content_no_spaces&#8221; woodmart_css_id=&#8221;6253def892b58&#8243; mobile_bg_img_hidden=&#8221;no&#8221; tablet_bg_img_hidden=&#8221;no&#8221; woodmart_parallax=&#8221;0&#8243; woodmart_gradient_switch=&#8221;no&#8221; woodmart_box_shadow=&#8221;no&#8221; wd_z_index=&#8221;no&#8221;<\/p>\n","protected":false},"author":3,"featured_media":8495,"parent":0,"menu_order":0,"comment_status":"closed","ping_status":"closed","template":"","meta":{"jetpack_post_was_ever_published":false,"footnotes":""},"class_list":["post-7786","page","type-page","status-publish","has-post-thumbnail","hentry"],"yoast_head":"<!-- This site is optimized with the Yoast SEO plugin v26.0 - https:\/\/yoast.com\/wordpress\/plugins\/seo\/ -->\n<title>Sedacie s\u00fapravy a kresl\u00e1 - KANAPY interi\u00e9r s.r.o.<\/title>\n<meta name=\"description\" content=\"KANAPY interi\u00e9r- Sedacia s\u00faprava ako z\u00e1klad ob\u00fdvacej izby je ve\u013emi d\u00f4le\u017eit\u00e1 s\u00fa\u010das\u0165 V\u00e1\u0161ho interi\u00e9ru. Pon\u00fakame V\u00e1m \u0161irok\u00fa ponuku sedac\u00edch s\u00fa...\" \/>\n<meta name=\"robots\" content=\"index, follow, max-snippet:-1, max-image-preview:large, max-video-preview:-1\" \/>\n<link rel=\"canonical\" href=\"https:\/\/kanapy.sk\/eshop\/sedacie-supravy-a-kresla\/\" \/>\n<meta property=\"og:locale\" content=\"sk_SK\" \/>\n<meta property=\"og:type\" content=\"article\" \/>\n<meta property=\"og:title\" content=\"Sedacie s\u00fapravy a kresl\u00e1 - KANAPY interi\u00e9r s.r.o.\" \/>\n<meta property=\"og:description\" content=\"KANAPY interi\u00e9r- Sedacia s\u00faprava ako z\u00e1klad ob\u00fdvacej izby je ve\u013emi d\u00f4le\u017eit\u00e1 s\u00fa\u010das\u0165 V\u00e1\u0161ho interi\u00e9ru. Pon\u00fakame V\u00e1m \u0161irok\u00fa ponuku sedac\u00edch s\u00fa...\" \/>\n<meta property=\"og:url\" content=\"https:\/\/kanapy.sk\/eshop\/sedacie-supravy-a-kresla\/\" \/>\n<meta property=\"og:site_name\" content=\"KANAPY design studio\" \/>\n<meta property=\"article:publisher\" content=\"https:\/\/sk-sk.facebook.com\/kanapyinterier\" \/>\n<meta property=\"article:modified_time\" content=\"2025-07-08T06:34:38+00:00\" \/>\n<meta property=\"og:image\" content=\"https:\/\/kanapy.sk\/eshop\/wp-content\/uploads\/2022\/04\/IMG-0576.jpg\" \/>\n\t<meta property=\"og:image:width\" content=\"955\" \/>\n\t<meta property=\"og:image:height\" content=\"409\" \/>\n\t<meta property=\"og:image:type\" content=\"image\/jpeg\" \/>\n<meta name=\"twitter:card\" content=\"summary_large_image\" \/>\n<meta name=\"twitter:label1\" content=\"Predpokladan\u00fd \u010das \u010d\u00edtania\" \/>\n\t<meta name=\"twitter:data1\" content=\"4 min\u00faty\" \/>\n<script type=\"application\/ld+json\" class=\"yoast-schema-graph\">{\"@context\":\"https:\/\/schema.org\",\"@graph\":[{\"@type\":\"WebPage\",\"@id\":\"https:\/\/kanapy.sk\/eshop\/sedacie-supravy-a-kresla\/\",\"url\":\"https:\/\/kanapy.sk\/eshop\/sedacie-supravy-a-kresla\/\",\"name\":\"Sedacie s\u00fapravy a kresl\u00e1 - KANAPY interi\u00e9r s.r.o.\",\"isPartOf\":{\"@id\":\"https:\/\/kanapy.sk\/eshop\/#website\"},\"primaryImageOfPage\":{\"@id\":\"https:\/\/kanapy.sk\/eshop\/sedacie-supravy-a-kresla\/#primaryimage\"},\"image\":{\"@id\":\"https:\/\/kanapy.sk\/eshop\/sedacie-supravy-a-kresla\/#primaryimage\"},\"thumbnailUrl\":\"https:\/\/kanapy.sk\/eshop\/wp-content\/uploads\/2022\/04\/IMG-0576.jpg\",\"datePublished\":\"2022-04-07T09:11:30+00:00\",\"dateModified\":\"2025-07-08T06:34:38+00:00\",\"description\":\"KANAPY interi\u00e9r- Sedacia s\u00faprava ako z\u00e1klad ob\u00fdvacej izby je ve\u013emi d\u00f4le\u017eit\u00e1 s\u00fa\u010das\u0165 V\u00e1\u0161ho interi\u00e9ru. Pon\u00fakame V\u00e1m \u0161irok\u00fa ponuku sedac\u00edch s\u00fa...\",\"breadcrumb\":{\"@id\":\"https:\/\/kanapy.sk\/eshop\/sedacie-supravy-a-kresla\/#breadcrumb\"},\"inLanguage\":\"sk-SK\",\"potentialAction\":[{\"@type\":\"ReadAction\",\"target\":[\"https:\/\/kanapy.sk\/eshop\/sedacie-supravy-a-kresla\/\"]}]},{\"@type\":\"ImageObject\",\"inLanguage\":\"sk-SK\",\"@id\":\"https:\/\/kanapy.sk\/eshop\/sedacie-supravy-a-kresla\/#primaryimage\",\"url\":\"https:\/\/kanapy.sk\/eshop\/wp-content\/uploads\/2022\/04\/IMG-0576.jpg\",\"contentUrl\":\"https:\/\/kanapy.sk\/eshop\/wp-content\/uploads\/2022\/04\/IMG-0576.jpg\",\"width\":955,\"height\":409,\"caption\":\"KANAPY Interi\u00e9r portf\u00f3lio Sedacie s\u00fapravy\"},{\"@type\":\"BreadcrumbList\",\"@id\":\"https:\/\/kanapy.sk\/eshop\/sedacie-supravy-a-kresla\/#breadcrumb\",\"itemListElement\":[{\"@type\":\"ListItem\",\"position\":1,\"name\":\"Domovsk\u00e1 str\u00e1nka\",\"item\":\"https:\/\/kanapy.sk\/eshop\/\"},{\"@type\":\"ListItem\",\"position\":2,\"name\":\"Sedacie s\u00fapravy a kresl\u00e1\"}]},{\"@type\":\"WebSite\",\"@id\":\"https:\/\/kanapy.sk\/eshop\/#website\",\"url\":\"https:\/\/kanapy.sk\/eshop\/\",\"name\":\"KANAPY design studio\",\"description\":\"Aby ste sa domov te\u0161ili\",\"publisher\":{\"@id\":\"https:\/\/kanapy.sk\/eshop\/#organization\"},\"alternateName\":\"KAKAPY interi\u00e9r\",\"potentialAction\":[{\"@type\":\"SearchAction\",\"target\":{\"@type\":\"EntryPoint\",\"urlTemplate\":\"https:\/\/kanapy.sk\/eshop\/?s={search_term_string}\"},\"query-input\":{\"@type\":\"PropertyValueSpecification\",\"valueRequired\":true,\"valueName\":\"search_term_string\"}}],\"inLanguage\":\"sk-SK\"},{\"@type\":\"Organization\",\"@id\":\"https:\/\/kanapy.sk\/eshop\/#organization\",\"name\":\"KA-NA-PY interi\u00e9r, s.r.o.\",\"alternateName\":\"KANAPY Design Studio\",\"url\":\"https:\/\/kanapy.sk\/eshop\/\",\"logo\":{\"@type\":\"ImageObject\",\"inLanguage\":\"sk-SK\",\"@id\":\"https:\/\/kanapy.sk\/eshop\/#\/schema\/logo\/image\/\",\"url\":\"https:\/\/kanapy.sk\/eshop\/wp-content\/uploads\/2024\/10\/Kanapy-primary-RGB-color.jpg\",\"contentUrl\":\"https:\/\/kanapy.sk\/eshop\/wp-content\/uploads\/2024\/10\/Kanapy-primary-RGB-color.jpg\",\"width\":600,\"height\":215,\"caption\":\"KA-NA-PY interi\u00e9r, s.r.o.\"},\"image\":{\"@id\":\"https:\/\/kanapy.sk\/eshop\/#\/schema\/logo\/image\/\"},\"sameAs\":[\"https:\/\/sk-sk.facebook.com\/kanapyinterier\",\"http:\/\/instagram.com\/kanapy_trnava\/\"]}]}<\/script>\n<!-- \/ Yoast SEO plugin. -->","yoast_head_json":{"title":"Sedacie s\u00fapravy a kresl\u00e1 - KANAPY interi\u00e9r s.r.o.","description":"KANAPY interi\u00e9r- Sedacia s\u00faprava ako z\u00e1klad ob\u00fdvacej izby je ve\u013emi d\u00f4le\u017eit\u00e1 s\u00fa\u010das\u0165 V\u00e1\u0161ho interi\u00e9ru. Pon\u00fakame V\u00e1m \u0161irok\u00fa ponuku sedac\u00edch s\u00fa...","robots":{"index":"index","follow":"follow","max-snippet":"max-snippet:-1","max-image-preview":"max-image-preview:large","max-video-preview":"max-video-preview:-1"},"canonical":"https:\/\/kanapy.sk\/eshop\/sedacie-supravy-a-kresla\/","og_locale":"sk_SK","og_type":"article","og_title":"Sedacie s\u00fapravy a kresl\u00e1 - KANAPY interi\u00e9r s.r.o.","og_description":"KANAPY interi\u00e9r- Sedacia s\u00faprava ako z\u00e1klad ob\u00fdvacej izby je ve\u013emi d\u00f4le\u017eit\u00e1 s\u00fa\u010das\u0165 V\u00e1\u0161ho interi\u00e9ru. Pon\u00fakame V\u00e1m \u0161irok\u00fa ponuku sedac\u00edch s\u00fa...","og_url":"https:\/\/kanapy.sk\/eshop\/sedacie-supravy-a-kresla\/","og_site_name":"KANAPY design studio","article_publisher":"https:\/\/sk-sk.facebook.com\/kanapyinterier","article_modified_time":"2025-07-08T06:34:38+00:00","og_image":[{"width":955,"height":409,"url":"https:\/\/kanapy.sk\/eshop\/wp-content\/uploads\/2022\/04\/IMG-0576.jpg","type":"image\/jpeg"}],"twitter_card":"summary_large_image","twitter_misc":{"Predpokladan\u00fd \u010das \u010d\u00edtania":"4 min\u00faty"},"schema":{"@context":"https:\/\/schema.org","@graph":[{"@type":"WebPage","@id":"https:\/\/kanapy.sk\/eshop\/sedacie-supravy-a-kresla\/","url":"https:\/\/kanapy.sk\/eshop\/sedacie-supravy-a-kresla\/","name":"Sedacie s\u00fapravy a kresl\u00e1 - KANAPY interi\u00e9r s.r.o.","isPartOf":{"@id":"https:\/\/kanapy.sk\/eshop\/#website"},"primaryImageOfPage":{"@id":"https:\/\/kanapy.sk\/eshop\/sedacie-supravy-a-kresla\/#primaryimage"},"image":{"@id":"https:\/\/kanapy.sk\/eshop\/sedacie-supravy-a-kresla\/#primaryimage"},"thumbnailUrl":"https:\/\/kanapy.sk\/eshop\/wp-content\/uploads\/2022\/04\/IMG-0576.jpg","datePublished":"2022-04-07T09:11:30+00:00","dateModified":"2025-07-08T06:34:38+00:00","description":"KANAPY interi\u00e9r- Sedacia s\u00faprava ako z\u00e1klad ob\u00fdvacej izby je ve\u013emi d\u00f4le\u017eit\u00e1 s\u00fa\u010das\u0165 V\u00e1\u0161ho interi\u00e9ru. Pon\u00fakame V\u00e1m \u0161irok\u00fa ponuku sedac\u00edch s\u00fa...","breadcrumb":{"@id":"https:\/\/kanapy.sk\/eshop\/sedacie-supravy-a-kresla\/#breadcrumb"},"inLanguage":"sk-SK","potentialAction":[{"@type":"ReadAction","target":["https:\/\/kanapy.sk\/eshop\/sedacie-supravy-a-kresla\/"]}]},{"@type":"ImageObject","inLanguage":"sk-SK","@id":"https:\/\/kanapy.sk\/eshop\/sedacie-supravy-a-kresla\/#primaryimage","url":"https:\/\/kanapy.sk\/eshop\/wp-content\/uploads\/2022\/04\/IMG-0576.jpg","contentUrl":"https:\/\/kanapy.sk\/eshop\/wp-content\/uploads\/2022\/04\/IMG-0576.jpg","width":955,"height":409,"caption":"KANAPY Interi\u00e9r portf\u00f3lio Sedacie s\u00fapravy"},{"@type":"BreadcrumbList","@id":"https:\/\/kanapy.sk\/eshop\/sedacie-supravy-a-kresla\/#breadcrumb","itemListElement":[{"@type":"ListItem","position":1,"name":"Domovsk\u00e1 str\u00e1nka","item":"https:\/\/kanapy.sk\/eshop\/"},{"@type":"ListItem","position":2,"name":"Sedacie s\u00fapravy a kresl\u00e1"}]},{"@type":"WebSite","@id":"https:\/\/kanapy.sk\/eshop\/#website","url":"https:\/\/kanapy.sk\/eshop\/","name":"KANAPY design studio","description":"Aby ste sa domov te\u0161ili","publisher":{"@id":"https:\/\/kanapy.sk\/eshop\/#organization"},"alternateName":"KAKAPY interi\u00e9r","potentialAction":[{"@type":"SearchAction","target":{"@type":"EntryPoint","urlTemplate":"https:\/\/kanapy.sk\/eshop\/?s={search_term_string}"},"query-input":{"@type":"PropertyValueSpecification","valueRequired":true,"valueName":"search_term_string"}}],"inLanguage":"sk-SK"},{"@type":"Organization","@id":"https:\/\/kanapy.sk\/eshop\/#organization","name":"KA-NA-PY interi\u00e9r, s.r.o.","alternateName":"KANAPY Design Studio","url":"https:\/\/kanapy.sk\/eshop\/","logo":{"@type":"ImageObject","inLanguage":"sk-SK","@id":"https:\/\/kanapy.sk\/eshop\/#\/schema\/logo\/image\/","url":"https:\/\/kanapy.sk\/eshop\/wp-content\/uploads\/2024\/10\/Kanapy-primary-RGB-color.jpg","contentUrl":"https:\/\/kanapy.sk\/eshop\/wp-content\/uploads\/2024\/10\/Kanapy-primary-RGB-color.jpg","width":600,"height":215,"caption":"KA-NA-PY interi\u00e9r, s.r.o."},"image":{"@id":"https:\/\/kanapy.sk\/eshop\/#\/schema\/logo\/image\/"},"sameAs":["https:\/\/sk-sk.facebook.com\/kanapyinterier","http:\/\/instagram.com\/kanapy_trnava\/"]}]}},"jetpack_sharing_enabled":true,"jetpack_shortlink":"https:\/\/wp.me\/P9Py1F-21A","_links":{"self":[{"href":"https:\/\/kanapy.sk\/eshop\/wp-json\/wp\/v2\/pages\/7786","targetHints":{"allow":["GET"]}}],"collection":[{"href":"https:\/\/kanapy.sk\/eshop\/wp-json\/wp\/v2\/pages"}],"about":[{"href":"https:\/\/kanapy.sk\/eshop\/wp-json\/wp\/v2\/types\/page"}],"author":[{"embeddable":true,"href":"https:\/\/kanapy.sk\/eshop\/wp-json\/wp\/v2\/users\/3"}],"replies":[{"embeddable":true,"href":"https:\/\/kanapy.sk\/eshop\/wp-json\/wp\/v2\/comments?post=7786"}],"version-history":[{"count":45,"href":"https:\/\/kanapy.sk\/eshop\/wp-json\/wp\/v2\/pages\/7786\/revisions"}],"predecessor-version":[{"id":24817,"href":"https:\/\/kanapy.sk\/eshop\/wp-json\/wp\/v2\/pages\/7786\/revisions\/24817"}],"wp:featuredmedia":[{"embeddable":true,"href":"https:\/\/kanapy.sk\/eshop\/wp-json\/wp\/v2\/media\/8495"}],"wp:attachment":[{"href":"https:\/\/kanapy.sk\/eshop\/wp-json\/wp\/v2\/media?parent=7786"}],"curies":[{"name":"wp","href":"https:\/\/api.w.org\/{rel}","templated":true}]}}